
{"id":3398,"date":"2022-07-12T14:00:16","date_gmt":"2022-07-12T12:00:16","guid":{"rendered":"https:\/\/eyewearstore.hu\/termek\/lozza-vl4199-col-7pam-55-17-145\/"},"modified":"2025-08-01T16:03:15","modified_gmt":"2025-08-01T14:03:15","slug":"lozza-vl4199-col-7pam-55-17-145","status":"publish","type":"product","link":"https:\/\/eyewearstore.hu\/en\/product\/lozza-vl4199-col-7pam-55-17-145\/","title":{"rendered":"Lozza VL4199 COL.7PAM 55\/17\/145"},"content":{"rendered":"","protected":false},"excerpt":{"rendered":"<h6>It\u00e1lia leg\u00f6regebb szem\u00fcveggy\u00e1rt\u00f3 manufakt\u00far\u00e1ja az 1878-ban alap\u00edtott \u00edzig, v\u00e9rig olasz gy\u00f6ker\u0171 v\u00e1llalat a Lozza.<\/h6>","protected":false},"featured_media":4677,"comment_status":"open","ping_status":"closed","template":"","meta":{"_seopress_robots_primary_cat":"none","_seopress_titles_title":"","_seopress_titles_desc":"","_seopress_robots_index":""},"product_cat":[61,81,58,85],"product_tag":[],"class_list":{"0":"post-3398","1":"product","2":"type-product","3":"status-publish","4":"has-post-thumbnail","6":"product_cat-ferfi","7":"product_cat-muanyag","8":"product_cat-products_frame","9":"product_cat-teli-keret","11":"first","12":"instock","13":"taxable","14":"shipping-taxable","15":"purchasable","16":"product-type-simple"},"_links":{"self":[{"href":"https:\/\/eyewearstore.hu\/en\/wp-json\/wp\/v2\/product\/3398","targetHints":{"allow":["GET"]}}],"collection":[{"href":"https:\/\/eyewearstore.hu\/en\/wp-json\/wp\/v2\/product"}],"about":[{"href":"https:\/\/eyewearstore.hu\/en\/wp-json\/wp\/v2\/types\/product"}],"replies":[{"embeddable":true,"href":"https:\/\/eyewearstore.hu\/en\/wp-json\/wp\/v2\/comments?post=3398"}],"wp:featuredmedia":[{"embeddable":true,"href":"https:\/\/eyewearstore.hu\/en\/wp-json\/wp\/v2\/media\/4677"}],"wp:attachment":[{"href":"https:\/\/eyewearstore.hu\/en\/wp-json\/wp\/v2\/media?parent=3398"}],"wp:term":[{"taxonomy":"product_cat","embeddable":true,"href":"https:\/\/eyewearstore.hu\/en\/wp-json\/wp\/v2\/product_cat?post=3398"},{"taxonomy":"product_tag","embeddable":true,"href":"https:\/\/eyewearstore.hu\/en\/wp-json\/wp\/v2\/product_tag?post=3398"}],"curies":[{"name":"wp","href":"https:\/\/api.w.org\/{rel}","templated":true}]}}