
{"id":3385,"date":"2022-07-12T13:57:44","date_gmt":"2022-07-12T11:57:44","guid":{"rendered":"https:\/\/eyewearstore.hu\/termek\/converse-vco266-col-0531-54-17-140\/"},"modified":"2025-09-12T20:03:06","modified_gmt":"2025-09-12T18:03:06","slug":"converse-vco266-col-0531-54-17-140","status":"publish","type":"product","link":"https:\/\/eyewearstore.hu\/en\/product\/converse-vco266-col-0531-54-17-140\/","title":{"rendered":"Converse VCO266 COL.0531 54\/17\/140"},"content":{"rendered":"","protected":false},"excerpt":{"rendered":"<h6>Minden id\u0151k leg ikonikusabb m\u00e1rk\u00e1ja, az 1908-ban alap\u00edtott CONVERSE.<\/h6>\n<h6>A sport \u00e1ltal \u00e9letre h\u00edvott, utc\u00e1n nevelkedett \u00e9s mozg\u00e1sra \u00e9p\u00fcl\u0151 brand a tengerent\u00falr\u00f3l h\u00f3d\u00edtotta meg a vil\u00e1got. Charles H \u201dChuck\u201d Taylor egykori kos\u00e1rlabda j\u00e1t\u00e9kos bevon\u00e1s\u00e1val \u00e9s a legend\u00e1s All Star cip\u0151csal\u00e1d deb\u00fct\u00e1l\u00e1s\u00e1val a brand \u00f6r\u00f6k id\u0151kre be\u00edrta mag\u00e1t az utcai divat t\u00f6rt\u00e9nelemk\u00f6nyv\u00e9be.<\/h6>","protected":false},"featured_media":4605,"comment_status":"open","ping_status":"closed","template":"","meta":{"_seopress_robots_primary_cat":"none","_seopress_titles_title":"","_seopress_titles_desc":"","_seopress_robots_index":""},"product_cat":[58,82,61,85],"product_tag":[],"class_list":{"0":"post-3385","1":"product","2":"type-product","3":"status-publish","4":"has-post-thumbnail","6":"product_cat-products_frame","7":"product_cat-fem","8":"product_cat-ferfi","9":"product_cat-teli-keret","11":"first","12":"instock","13":"sale","14":"taxable","15":"shipping-taxable","16":"purchasable","17":"product-type-simple"},"_links":{"self":[{"href":"https:\/\/eyewearstore.hu\/en\/wp-json\/wp\/v2\/product\/3385","targetHints":{"allow":["GET"]}}],"collection":[{"href":"https:\/\/eyewearstore.hu\/en\/wp-json\/wp\/v2\/product"}],"about":[{"href":"https:\/\/eyewearstore.hu\/en\/wp-json\/wp\/v2\/types\/product"}],"replies":[{"embeddable":true,"href":"https:\/\/eyewearstore.hu\/en\/wp-json\/wp\/v2\/comments?post=3385"}],"wp:featuredmedia":[{"embeddable":true,"href":"https:\/\/eyewearstore.hu\/en\/wp-json\/wp\/v2\/media\/4605"}],"wp:attachment":[{"href":"https:\/\/eyewearstore.hu\/en\/wp-json\/wp\/v2\/media?parent=3385"}],"wp:term":[{"taxonomy":"product_cat","embeddable":true,"href":"https:\/\/eyewearstore.hu\/en\/wp-json\/wp\/v2\/product_cat?post=3385"},{"taxonomy":"product_tag","embeddable":true,"href":"https:\/\/eyewearstore.hu\/en\/wp-json\/wp\/v2\/product_tag?post=3385"}],"curies":[{"name":"wp","href":"https:\/\/api.w.org\/{rel}","templated":true}]}}