
{"id":3378,"date":"2022-07-12T11:37:43","date_gmt":"2022-07-12T09:37:43","guid":{"rendered":"https:\/\/eyewearstore.hu\/termek\/furla-sfu540-col-09w1-53-20-135\/"},"modified":"2025-08-01T16:02:59","modified_gmt":"2025-08-01T14:02:59","slug":"furla-sfu540-col-09w1-53-20-135","status":"publish","type":"product","link":"https:\/\/eyewearstore.hu\/en\/product\/furla-sfu540-col-09w1-53-20-135\/","title":{"rendered":"Furla SFU540 COL.09W1 53\/20\/135"},"content":{"rendered":"","protected":false},"excerpt":{"rendered":"<div class=\"elementor-element elementor-element-7c8ca294 elementor-widget elementor-widget-heading\" data-id=\"7c8ca294\" data-element_type=\"widget\" data-widget_type=\"heading.default\">\n<div class=\"elementor-widget-container\">\n<h6 class=\"elementor-heading-title elementor-size-default\">A Furla luxuscikk m\u00e1rk\u00e1t a Furlanetto csal\u00e1d hozta l\u00e9tre 1927-ben, mely a mai napig a tulajdonukban van.<\/h6>\n<\/div>\n<\/div>\n<div class=\"elementor-element elementor-element-4874f670 elementor-widget elementor-widget-text-editor\" data-id=\"4874f670\" data-element_type=\"widget\" data-widget_type=\"text-editor.default\">\n<div class=\"elementor-widget-container\">\n<h6>Term\u00e9kei t\u00f6bb mint 1000 \u00fczletben \u00e9s 320 m\u00e1rkakeresked\u00e9sben van jelen, a vil\u00e1g 71 orsz\u00e1g\u00e1ban.<\/h6>\n<\/div>\n<\/div>","protected":false},"featured_media":4041,"comment_status":"open","ping_status":"closed","template":"","meta":{"_seopress_robots_primary_cat":"none","_seopress_titles_title":"","_seopress_titles_desc":"","_seopress_robots_index":""},"product_cat":[60,59],"product_tag":[],"class_list":{"0":"post-3378","1":"product","2":"type-product","3":"status-publish","4":"has-post-thumbnail","6":"product_cat-furla","7":"product_cat-products_sunglasses","9":"first","10":"instock","11":"taxable","12":"shipping-taxable","13":"purchasable","14":"product-type-simple"},"_links":{"self":[{"href":"https:\/\/eyewearstore.hu\/en\/wp-json\/wp\/v2\/product\/3378","targetHints":{"allow":["GET"]}}],"collection":[{"href":"https:\/\/eyewearstore.hu\/en\/wp-json\/wp\/v2\/product"}],"about":[{"href":"https:\/\/eyewearstore.hu\/en\/wp-json\/wp\/v2\/types\/product"}],"replies":[{"embeddable":true,"href":"https:\/\/eyewearstore.hu\/en\/wp-json\/wp\/v2\/comments?post=3378"}],"wp:featuredmedia":[{"embeddable":true,"href":"https:\/\/eyewearstore.hu\/en\/wp-json\/wp\/v2\/media\/4041"}],"wp:attachment":[{"href":"https:\/\/eyewearstore.hu\/en\/wp-json\/wp\/v2\/media?parent=3378"}],"wp:term":[{"taxonomy":"product_cat","embeddable":true,"href":"https:\/\/eyewearstore.hu\/en\/wp-json\/wp\/v2\/product_cat?post=3378"},{"taxonomy":"product_tag","embeddable":true,"href":"https:\/\/eyewearstore.hu\/en\/wp-json\/wp\/v2\/product_tag?post=3378"}],"curies":[{"name":"wp","href":"https:\/\/api.w.org\/{rel}","templated":true}]}}