
{"id":3323,"date":"2022-07-12T11:35:06","date_gmt":"2022-07-12T09:35:06","guid":{"rendered":"https:\/\/eyewearstore.hu\/termek\/police-spl634-col-u28p-55-19-145\/"},"modified":"2026-04-08T20:01:11","modified_gmt":"2026-04-08T18:01:11","slug":"police-spl634-col-u28p-55-19-145","status":"publish","type":"product","link":"https:\/\/eyewearstore.hu\/en\/product\/police-spl634-col-u28p-55-19-145\/","title":{"rendered":"Police SPL634 COL.U28P 55\/19\/145"},"content":{"rendered":"","protected":false},"excerpt":{"rendered":"<h6>A Police legend\u00e1s t\u00f6rt\u00e9nete \u00e9vtizedek \u00f3ta siker sztori. Napjainkban is piacvezet\u0151 szerepet t\u00f6lt be a szem\u00fcvegkeretek vil\u00e1g\u00e1ban, k\u00f6sz\u00f6nhet\u0151 mindez az innovat\u00edv technol\u00f3giai h\u00e1tt\u00e9rnek \u00e9s a tradicion\u00e1lis olasz gy\u00f6kerekben rejl\u0151 divat szeretet\u00e9nek.<\/h6>","protected":false},"featured_media":4417,"comment_status":"open","ping_status":"closed","template":"","meta":{"_seopress_robots_primary_cat":"none","_seopress_titles_title":"","_seopress_titles_desc":"","_seopress_robots_index":""},"product_cat":[59,61,81,65,85],"product_tag":[],"class_list":{"0":"post-3323","1":"product","2":"type-product","3":"status-publish","4":"has-post-thumbnail","6":"product_cat-products_sunglasses","7":"product_cat-ferfi","8":"product_cat-muanyag","9":"product_cat-police","10":"product_cat-teli-keret","12":"first","13":"instock","14":"taxable","15":"shipping-taxable","16":"purchasable","17":"product-type-simple"},"_links":{"self":[{"href":"https:\/\/eyewearstore.hu\/en\/wp-json\/wp\/v2\/product\/3323","targetHints":{"allow":["GET"]}}],"collection":[{"href":"https:\/\/eyewearstore.hu\/en\/wp-json\/wp\/v2\/product"}],"about":[{"href":"https:\/\/eyewearstore.hu\/en\/wp-json\/wp\/v2\/types\/product"}],"replies":[{"embeddable":true,"href":"https:\/\/eyewearstore.hu\/en\/wp-json\/wp\/v2\/comments?post=3323"}],"wp:featuredmedia":[{"embeddable":true,"href":"https:\/\/eyewearstore.hu\/en\/wp-json\/wp\/v2\/media\/4417"}],"wp:attachment":[{"href":"https:\/\/eyewearstore.hu\/en\/wp-json\/wp\/v2\/media?parent=3323"}],"wp:term":[{"taxonomy":"product_cat","embeddable":true,"href":"https:\/\/eyewearstore.hu\/en\/wp-json\/wp\/v2\/product_cat?post=3323"},{"taxonomy":"product_tag","embeddable":true,"href":"https:\/\/eyewearstore.hu\/en\/wp-json\/wp\/v2\/product_tag?post=3323"}],"curies":[{"name":"wp","href":"https:\/\/api.w.org\/{rel}","templated":true}]}}