
{"id":3273,"date":"2022-07-12T11:34:51","date_gmt":"2022-07-12T09:34:51","guid":{"rendered":"https:\/\/eyewearstore.hu\/termek\/police-vpla41-0700-55-18\/"},"modified":"2025-08-01T16:03:07","modified_gmt":"2025-08-01T14:03:07","slug":"police-vpla41-0700-55-18","status":"publish","type":"product","link":"https:\/\/eyewearstore.hu\/en\/product\/police-vpla41-0700-55-18\/","title":{"rendered":"POLICE VPLA41 0700 55\/18\/"},"content":{"rendered":"","protected":false},"excerpt":{"rendered":"<h6>A Police legend\u00e1s t\u00f6rt\u00e9nete \u00e9vtizedek \u00f3ta siker sztori. Napjainkban is piacvezet\u0151 szerepet t\u00f6lt be a szem\u00fcvegkeretek vil\u00e1g\u00e1ban, k\u00f6sz\u00f6nhet\u0151 mindez az innovat\u00edv technol\u00f3giai h\u00e1tt\u00e9rnek \u00e9s a tradicion\u00e1lis olasz gy\u00f6kerekben rejl\u0151 divat szeretet\u00e9nek.<\/h6>","protected":false},"featured_media":4470,"comment_status":"open","ping_status":"closed","template":"","meta":{"_seopress_robots_primary_cat":"none","_seopress_titles_title":"","_seopress_titles_desc":"","_seopress_robots_index":""},"product_cat":[58,61,81,65,85],"product_tag":[],"class_list":{"0":"post-3273","1":"product","2":"type-product","3":"status-publish","4":"has-post-thumbnail","6":"product_cat-products_frame","7":"product_cat-ferfi","8":"product_cat-muanyag","9":"product_cat-police","10":"product_cat-teli-keret","12":"first","13":"instock","14":"taxable","15":"shipping-taxable","16":"purchasable","17":"product-type-simple"},"_links":{"self":[{"href":"https:\/\/eyewearstore.hu\/en\/wp-json\/wp\/v2\/product\/3273","targetHints":{"allow":["GET"]}}],"collection":[{"href":"https:\/\/eyewearstore.hu\/en\/wp-json\/wp\/v2\/product"}],"about":[{"href":"https:\/\/eyewearstore.hu\/en\/wp-json\/wp\/v2\/types\/product"}],"replies":[{"embeddable":true,"href":"https:\/\/eyewearstore.hu\/en\/wp-json\/wp\/v2\/comments?post=3273"}],"wp:featuredmedia":[{"embeddable":true,"href":"https:\/\/eyewearstore.hu\/en\/wp-json\/wp\/v2\/media\/4470"}],"wp:attachment":[{"href":"https:\/\/eyewearstore.hu\/en\/wp-json\/wp\/v2\/media?parent=3273"}],"wp:term":[{"taxonomy":"product_cat","embeddable":true,"href":"https:\/\/eyewearstore.hu\/en\/wp-json\/wp\/v2\/product_cat?post=3273"},{"taxonomy":"product_tag","embeddable":true,"href":"https:\/\/eyewearstore.hu\/en\/wp-json\/wp\/v2\/product_tag?post=3273"}],"curies":[{"name":"wp","href":"https:\/\/api.w.org\/{rel}","templated":true}]}}