
{"id":3226,"date":"2022-07-12T11:34:37","date_gmt":"2022-07-12T09:34:37","guid":{"rendered":"https:\/\/eyewearstore.hu\/termek\/tom-tailor-60489-522-51-16\/"},"modified":"2025-08-01T16:03:10","modified_gmt":"2025-08-01T14:03:10","slug":"tom-tailor-60489-522-51-16","status":"publish","type":"product","link":"https:\/\/eyewearstore.hu\/en\/product\/tom-tailor-60489-522-51-16\/","title":{"rendered":"TOM TAILOR 60489 522 51\/16\/"},"content":{"rendered":"","protected":false},"excerpt":{"rendered":"<p>M\u0171anyag n\u0151i, &#8222;macskaszem&#8221; szem\u00fcvegkeret.<\/p>","protected":false},"featured_media":4089,"comment_status":"open","ping_status":"closed","template":"","meta":{"_seopress_robots_primary_cat":"none","_seopress_titles_title":"","_seopress_titles_desc":"","_seopress_robots_index":""},"product_cat":[58,81,62,85,70],"product_tag":[],"class_list":{"0":"post-3226","1":"product","2":"type-product","3":"status-publish","4":"has-post-thumbnail","6":"product_cat-products_frame","7":"product_cat-muanyag","8":"product_cat-noi","9":"product_cat-teli-keret","10":"product_cat-tom-tailor","12":"first","13":"instock","14":"taxable","15":"shipping-taxable","16":"purchasable","17":"product-type-simple"},"_links":{"self":[{"href":"https:\/\/eyewearstore.hu\/en\/wp-json\/wp\/v2\/product\/3226","targetHints":{"allow":["GET"]}}],"collection":[{"href":"https:\/\/eyewearstore.hu\/en\/wp-json\/wp\/v2\/product"}],"about":[{"href":"https:\/\/eyewearstore.hu\/en\/wp-json\/wp\/v2\/types\/product"}],"replies":[{"embeddable":true,"href":"https:\/\/eyewearstore.hu\/en\/wp-json\/wp\/v2\/comments?post=3226"}],"wp:featuredmedia":[{"embeddable":true,"href":"https:\/\/eyewearstore.hu\/en\/wp-json\/wp\/v2\/media\/4089"}],"wp:attachment":[{"href":"https:\/\/eyewearstore.hu\/en\/wp-json\/wp\/v2\/media?parent=3226"}],"wp:term":[{"taxonomy":"product_cat","embeddable":true,"href":"https:\/\/eyewearstore.hu\/en\/wp-json\/wp\/v2\/product_cat?post=3226"},{"taxonomy":"product_tag","embeddable":true,"href":"https:\/\/eyewearstore.hu\/en\/wp-json\/wp\/v2\/product_tag?post=3226"}],"curies":[{"name":"wp","href":"https:\/\/api.w.org\/{rel}","templated":true}]}}