
{"id":3183,"date":"2022-07-12T11:34:04","date_gmt":"2022-07-12T09:34:04","guid":{"rendered":"https:\/\/eyewearstore.hu\/termek\/luca-martelli-lm1165-c4-55-17-142\/"},"modified":"2026-04-08T20:00:26","modified_gmt":"2026-04-08T18:00:26","slug":"luca-martelli-lm1165-c4-55-17-142","status":"publish","type":"product","link":"https:\/\/eyewearstore.hu\/en\/product\/luca-martelli-lm1165-c4-55-17-142\/","title":{"rendered":"Luca Martelli LM1165 C4 55\/17\/142"},"content":{"rendered":"","protected":false},"excerpt":{"rendered":"<p>Massz\u00edv, alul nyitott f\u00e9m keret, rug\u00f3s sz\u00e1rakkal.<\/p>","protected":false},"featured_media":5662,"comment_status":"open","ping_status":"closed","template":"","meta":{"_seopress_robots_primary_cat":"none","_seopress_titles_title":"","_seopress_titles_desc":"","_seopress_robots_index":""},"product_cat":[58,87,82,62],"product_tag":[],"class_list":{"0":"post-3183","1":"product","2":"type-product","3":"status-publish","4":"has-post-thumbnail","6":"product_cat-products_frame","7":"product_cat-damilos-keret","8":"product_cat-fem","9":"product_cat-noi","11":"first","12":"instock","13":"taxable","14":"shipping-taxable","15":"purchasable","16":"product-type-simple"},"_links":{"self":[{"href":"https:\/\/eyewearstore.hu\/en\/wp-json\/wp\/v2\/product\/3183","targetHints":{"allow":["GET"]}}],"collection":[{"href":"https:\/\/eyewearstore.hu\/en\/wp-json\/wp\/v2\/product"}],"about":[{"href":"https:\/\/eyewearstore.hu\/en\/wp-json\/wp\/v2\/types\/product"}],"replies":[{"embeddable":true,"href":"https:\/\/eyewearstore.hu\/en\/wp-json\/wp\/v2\/comments?post=3183"}],"wp:featuredmedia":[{"embeddable":true,"href":"https:\/\/eyewearstore.hu\/en\/wp-json\/wp\/v2\/media\/5662"}],"wp:attachment":[{"href":"https:\/\/eyewearstore.hu\/en\/wp-json\/wp\/v2\/media?parent=3183"}],"wp:term":[{"taxonomy":"product_cat","embeddable":true,"href":"https:\/\/eyewearstore.hu\/en\/wp-json\/wp\/v2\/product_cat?post=3183"},{"taxonomy":"product_tag","embeddable":true,"href":"https:\/\/eyewearstore.hu\/en\/wp-json\/wp\/v2\/product_tag?post=3183"}],"curies":[{"name":"wp","href":"https:\/\/api.w.org\/{rel}","templated":true}]}}