
{"id":3137,"date":"2022-07-12T11:33:51","date_gmt":"2022-07-12T09:33:51","guid":{"rendered":"https:\/\/eyewearstore.hu\/termek\/luca-martelli-lm2138-c02-55-18-145\/"},"modified":"2026-04-07T20:00:54","modified_gmt":"2026-04-07T18:00:54","slug":"luca-martelli-lm2138-c02-55-18-145","status":"publish","type":"product","link":"https:\/\/eyewearstore.hu\/en\/product\/luca-martelli-lm2138-c02-55-18-145\/","title":{"rendered":"Luca Martelli LM2138 C02 55\/18\/145"},"content":{"rendered":"","protected":false},"excerpt":{"rendered":"<p>Massz\u00edv, alul nyitott keret, rug\u00f3s sz\u00e1rakkal.<\/p>","protected":false},"featured_media":5666,"comment_status":"open","ping_status":"closed","template":"","meta":{"_seopress_robots_primary_cat":"none","_seopress_titles_title":"","_seopress_titles_desc":"","_seopress_robots_index":""},"product_cat":[58,87,82,61],"product_tag":[],"class_list":{"0":"post-3137","1":"product","2":"type-product","3":"status-publish","4":"has-post-thumbnail","6":"product_cat-products_frame","7":"product_cat-damilos-keret","8":"product_cat-fem","9":"product_cat-ferfi","11":"first","12":"instock","13":"taxable","14":"shipping-taxable","15":"purchasable","16":"product-type-simple"},"_links":{"self":[{"href":"https:\/\/eyewearstore.hu\/en\/wp-json\/wp\/v2\/product\/3137","targetHints":{"allow":["GET"]}}],"collection":[{"href":"https:\/\/eyewearstore.hu\/en\/wp-json\/wp\/v2\/product"}],"about":[{"href":"https:\/\/eyewearstore.hu\/en\/wp-json\/wp\/v2\/types\/product"}],"replies":[{"embeddable":true,"href":"https:\/\/eyewearstore.hu\/en\/wp-json\/wp\/v2\/comments?post=3137"}],"wp:featuredmedia":[{"embeddable":true,"href":"https:\/\/eyewearstore.hu\/en\/wp-json\/wp\/v2\/media\/5666"}],"wp:attachment":[{"href":"https:\/\/eyewearstore.hu\/en\/wp-json\/wp\/v2\/media?parent=3137"}],"wp:term":[{"taxonomy":"product_cat","embeddable":true,"href":"https:\/\/eyewearstore.hu\/en\/wp-json\/wp\/v2\/product_cat?post=3137"},{"taxonomy":"product_tag","embeddable":true,"href":"https:\/\/eyewearstore.hu\/en\/wp-json\/wp\/v2\/product_tag?post=3137"}],"curies":[{"name":"wp","href":"https:\/\/api.w.org\/{rel}","templated":true}]}}