
{"id":18808,"date":"2026-04-02T17:53:23","date_gmt":"2026-04-02T15:53:23","guid":{"rendered":"https:\/\/eyewearstore.hu\/?post_type=product&#038;p=18808"},"modified":"2026-04-02T17:54:30","modified_gmt":"2026-04-02T15:54:30","slug":"tengeri-herkentyu-szemuvegtok","status":"publish","type":"product","link":"https:\/\/eyewearstore.hu\/en\/product\/tengeri-herkentyu-szemuvegtok\/","title":{"rendered":"Tengeri herkenty\u0171 szem\u00fcvegtok"},"content":{"rendered":"<p>346223<\/p>","protected":false},"excerpt":{"rendered":"<p>Puha, de merev\u00edtett, m\u00e1gneses z\u00e1r\u00f3d\u00e1s\u00fa szem\u00fcvegtok, m\u0171anyag bor\u00edt\u00e1s.<\/p>\n<p>&nbsp;<\/p>","protected":false},"featured_media":18774,"comment_status":"open","ping_status":"closed","template":"","meta":{"_seopress_robots_primary_cat":"none","_seopress_titles_title":"","_seopress_titles_desc":"","_seopress_robots_index":""},"product_cat":[34,98],"product_tag":[],"class_list":{"0":"post-18808","1":"product","2":"type-product","3":"status-publish","4":"has-post-thumbnail","6":"product_cat-egyeb","7":"product_cat-szemuvegtok","9":"first","10":"instock","11":"taxable","12":"shipping-taxable","13":"purchasable","14":"product-type-simple"},"_links":{"self":[{"href":"https:\/\/eyewearstore.hu\/en\/wp-json\/wp\/v2\/product\/18808","targetHints":{"allow":["GET"]}}],"collection":[{"href":"https:\/\/eyewearstore.hu\/en\/wp-json\/wp\/v2\/product"}],"about":[{"href":"https:\/\/eyewearstore.hu\/en\/wp-json\/wp\/v2\/types\/product"}],"replies":[{"embeddable":true,"href":"https:\/\/eyewearstore.hu\/en\/wp-json\/wp\/v2\/comments?post=18808"}],"wp:featuredmedia":[{"embeddable":true,"href":"https:\/\/eyewearstore.hu\/en\/wp-json\/wp\/v2\/media\/18774"}],"wp:attachment":[{"href":"https:\/\/eyewearstore.hu\/en\/wp-json\/wp\/v2\/media?parent=18808"}],"wp:term":[{"taxonomy":"product_cat","embeddable":true,"href":"https:\/\/eyewearstore.hu\/en\/wp-json\/wp\/v2\/product_cat?post=18808"},{"taxonomy":"product_tag","embeddable":true,"href":"https:\/\/eyewearstore.hu\/en\/wp-json\/wp\/v2\/product_tag?post=18808"}],"curies":[{"name":"wp","href":"https:\/\/api.w.org\/{rel}","templated":true}]}}