
{"id":18803,"date":"2026-04-02T17:41:38","date_gmt":"2026-04-02T15:41:38","guid":{"rendered":"https:\/\/eyewearstore.hu\/?post_type=product&#038;p=18803"},"modified":"2026-04-02T17:49:38","modified_gmt":"2026-04-02T15:49:38","slug":"fekete-magneses-szemuvegtok","status":"publish","type":"product","link":"https:\/\/eyewearstore.hu\/en\/product\/fekete-magneses-szemuvegtok\/","title":{"rendered":"Fekete m\u00e1gneses szem\u00fcvegtok"},"content":{"rendered":"<p>375896<\/p>","protected":false},"excerpt":{"rendered":"<p>Kem\u00e9ny, m\u00e1gneses z\u00e1r\u00f3d\u00e1s\u00fa szem\u00fcvegtok, m\u0171b\u0151r bor\u00edt\u00e1s.<\/p>\n<p>&nbsp;<\/p>","protected":false},"featured_media":18778,"comment_status":"open","ping_status":"closed","template":"","meta":{"_seopress_robots_primary_cat":"none","_seopress_titles_title":"","_seopress_titles_desc":"","_seopress_robots_index":""},"product_cat":[34,98],"product_tag":[],"class_list":{"0":"post-18803","1":"product","2":"type-product","3":"status-publish","4":"has-post-thumbnail","6":"product_cat-egyeb","7":"product_cat-szemuvegtok","9":"first","10":"instock","11":"taxable","12":"shipping-taxable","13":"purchasable","14":"product-type-simple"},"_links":{"self":[{"href":"https:\/\/eyewearstore.hu\/en\/wp-json\/wp\/v2\/product\/18803","targetHints":{"allow":["GET"]}}],"collection":[{"href":"https:\/\/eyewearstore.hu\/en\/wp-json\/wp\/v2\/product"}],"about":[{"href":"https:\/\/eyewearstore.hu\/en\/wp-json\/wp\/v2\/types\/product"}],"replies":[{"embeddable":true,"href":"https:\/\/eyewearstore.hu\/en\/wp-json\/wp\/v2\/comments?post=18803"}],"wp:featuredmedia":[{"embeddable":true,"href":"https:\/\/eyewearstore.hu\/en\/wp-json\/wp\/v2\/media\/18778"}],"wp:attachment":[{"href":"https:\/\/eyewearstore.hu\/en\/wp-json\/wp\/v2\/media?parent=18803"}],"wp:term":[{"taxonomy":"product_cat","embeddable":true,"href":"https:\/\/eyewearstore.hu\/en\/wp-json\/wp\/v2\/product_cat?post=18803"},{"taxonomy":"product_tag","embeddable":true,"href":"https:\/\/eyewearstore.hu\/en\/wp-json\/wp\/v2\/product_tag?post=18803"}],"curies":[{"name":"wp","href":"https:\/\/api.w.org\/{rel}","templated":true}]}}