
{"id":18229,"date":"2026-01-07T13:34:26","date_gmt":"2026-01-07T12:34:26","guid":{"rendered":"https:\/\/eyewearstore.hu\/?post_type=product&#038;p=18229"},"modified":"2026-02-20T16:26:11","modified_gmt":"2026-02-20T15:26:11","slug":"cazal-5008-001-54-17-140","status":"publish","type":"product","link":"https:\/\/eyewearstore.hu\/en\/product\/cazal-5008-001-54-17-140\/","title":{"rendered":"CAZAL 5008 001 54\/17\/140"},"content":{"rendered":"<p data-start=\"664\" data-end=\"1004\">A <strong data-start=\"666\" data-end=\"698\">CAZAL 5008 001 szem\u00fcvegkeret<\/strong> a CAZAL m\u00e1rka h\u00edres, karakteres diz\u00e1jnj\u00e1t viszi tov\u00e1bb egy modern, makul\u00e1tlan min\u0151s\u00e9g\u0171 cat-eye form\u00e1ban. Ez a modell inspir\u00e1ci\u00f3t mer\u00edt a CAZAL legend\u00e1s 5000-es sorozatb\u00f3l, amelyet \u00fajragondoltak \u00fagy, hogy egyszerre legyen er\u0151teljes megjelen\u00e9s\u0171 \u00e9s sokoldal\u00faan hordhat\u00f3.<\/p>\n<p data-start=\"1006\" data-end=\"1310\">A 5008 001 keret <strong data-start=\"1023\" data-end=\"1044\">ac\u00e9t\u00e1tb\u00f3l k\u00e9sz\u00fclt<\/strong>, ami tart\u00f3s \u00e9s stabil szerkezetet ad, mik\u00f6zben k\u00e9nyelmes viseletet biztos\u00edt eg\u00e9sz napos hord\u00e1shoz. Az ac\u00e9t\u00e1t alapanyag hagyom\u00e1nyosan a CAZAL kollekci\u00f3kban haszn\u00e1latos a pr\u00e9mium, l\u00e1tv\u00e1nyos hat\u00e1s \u00e9s a hossz\u00fa \u00e9lettartam \u00e9rdek\u00e9ben.<\/p>\n<p data-start=\"1312\" data-end=\"1624\">A klasszikus cat-eye forma eleg\u00e1ns \u00e9s n\u0151ies jelleg\u0171, \u00edgy a CAZAL 5008 001 mindennapi optikai szem\u00fcvegk\u00e9nt, ak\u00e1r professzion\u00e1lis megjelen\u00e9s r\u00e9szek\u00e9nt is kiv\u00e1l\u00f3 v\u00e1laszt\u00e1s. A nagyobb lencsefel\u00fclet \u00e9s az \u00edvelt vonalvezet\u00e9s modern, divatos megjelen\u00e9st biztos\u00edt, mik\u00f6zben a m\u00e1rka ikonikus st\u00edlusjegyeit hordozza mag\u00e1n.<\/p>\n<p data-start=\"1626\" data-end=\"1693\">A <strong data-start=\"1628\" data-end=\"1641\">m\u00e9retez\u00e9s<\/strong> klasszikus, kompromisszummentes illeszked\u00e9st k\u00edn\u00e1l:<\/p>\n<ul data-start=\"1695\" data-end=\"1780\">\n<li data-start=\"1695\" data-end=\"1726\">\n<p data-start=\"1697\" data-end=\"1726\">Lencse sz\u00e9less\u00e9g: <strong data-start=\"1715\" data-end=\"1724\">54 mm<\/strong><\/p>\n<\/li>\n<li data-start=\"1727\" data-end=\"1754\">\n<p data-start=\"1729\" data-end=\"1754\">H\u00eddsz\u00e9less\u00e9g: <strong data-start=\"1743\" data-end=\"1752\">17 mm<\/strong><\/p>\n<\/li>\n<li data-start=\"1755\" data-end=\"1780\">\n<p data-start=\"1757\" data-end=\"1780\">Sz\u00e1rhossz: <strong data-start=\"1768\" data-end=\"1778\">140 mm<\/strong><\/p>\n<\/li>\n<\/ul>\n<p data-start=\"1782\" data-end=\"1973\">Ez az ar\u00e1ny sokf\u00e9le arcform\u00e1hoz k\u00e9nyelmes illeszked\u00e9st ad, mik\u00f6zben a cat-eye diz\u00e1jn tov\u00e1bbra is karakteres, figyelemfelkelt\u0151 megjelen\u00e9st ad a visel\u0151nek.<\/p>\n<p data-start=\"1975\" data-end=\"2205\">A CAZAL 5008 001 szem\u00fcvegkeret ide\u00e1lis v\u00e1laszt\u00e1s, ha egy olyan dioptri\u00e1s szem\u00fcveget keresel, ami egyszerre pr\u00e9mium, eleg\u00e1ns \u00e9s divatos \u2013 ak\u00e1r a mindennapi outfited k\u00f6zponti darabja, ak\u00e1r egy fontos alkalom hangs\u00falyos kieg\u00e9sz\u00edt\u0151je.<\/p>","protected":false},"excerpt":{"rendered":"<p>A <strong data-start=\"295\" data-end=\"327\">CAZAL 5008 001 szem\u00fcvegkeret<\/strong> egy ikonikus cat-eye (macskaszem) formavil\u00e1g\u00fa CAZAL modell modern \u00fajragondol\u00e1sban. Tart\u00f3s <strong data-start=\"418\" data-end=\"437\">acet\u00e1t kerettel<\/strong>, mark\u00e1ns, divatos megjelen\u00e9ssel rendelkezik, \u00e9s ide\u00e1lis alap dioptri\u00e1s szem\u00fcvegk\u00e9nt mindennapi viselethez, ha st\u00edlusos \u00e9s figyelemfelkelt\u0151 kieg\u00e9sz\u00edt\u0151t keresel.<\/p>","protected":false},"featured_media":18526,"comment_status":"open","ping_status":"closed","template":"","meta":{"_seopress_robots_primary_cat":"none","_seopress_titles_title":"","_seopress_titles_desc":"","_seopress_robots_index":""},"product_cat":[1450,81,62,58,85],"product_tag":[1469,1468,1467,1466,1471,1453,1470,1457,1472],"class_list":{"0":"post-18229","1":"product","2":"type-product","3":"status-publish","4":"has-post-thumbnail","6":"product_cat-cazal","7":"product_cat-muanyag","8":"product_cat-noi","9":"product_cat-products_frame","10":"product_cat-teli-keret","11":"product_tag-acetat-szemuvegkeret","12":"product_tag-cat-eye-szemuveg","13":"product_tag-cazal-5008","14":"product_tag-cazal-5008-001","15":"product_tag-cazal-dioptrias-szemuveg","16":"product_tag-cazal-szemuvegkeret","17":"product_tag-divatos-noi-szemuveg","18":"product_tag-premium-szemuvegkeret","19":"product_tag-statement-szemuvegkeret","21":"first","22":"instock","23":"taxable","24":"shipping-taxable","25":"purchasable","26":"product-type-simple"},"_links":{"self":[{"href":"https:\/\/eyewearstore.hu\/en\/wp-json\/wp\/v2\/product\/18229","targetHints":{"allow":["GET"]}}],"collection":[{"href":"https:\/\/eyewearstore.hu\/en\/wp-json\/wp\/v2\/product"}],"about":[{"href":"https:\/\/eyewearstore.hu\/en\/wp-json\/wp\/v2\/types\/product"}],"replies":[{"embeddable":true,"href":"https:\/\/eyewearstore.hu\/en\/wp-json\/wp\/v2\/comments?post=18229"}],"wp:featuredmedia":[{"embeddable":true,"href":"https:\/\/eyewearstore.hu\/en\/wp-json\/wp\/v2\/media\/18526"}],"wp:attachment":[{"href":"https:\/\/eyewearstore.hu\/en\/wp-json\/wp\/v2\/media?parent=18229"}],"wp:term":[{"taxonomy":"product_cat","embeddable":true,"href":"https:\/\/eyewearstore.hu\/en\/wp-json\/wp\/v2\/product_cat?post=18229"},{"taxonomy":"product_tag","embeddable":true,"href":"https:\/\/eyewearstore.hu\/en\/wp-json\/wp\/v2\/product_tag?post=18229"}],"curies":[{"name":"wp","href":"https:\/\/api.w.org\/{rel}","templated":true}]}}