
{"id":17729,"date":"2025-10-29T18:11:54","date_gmt":"2025-10-29T17:11:54","guid":{"rendered":"https:\/\/eyewearstore.hu\/?post_type=product&#038;p=17729"},"modified":"2025-10-30T17:08:51","modified_gmt":"2025-10-30T16:08:51","slug":"feher-lo-szemuvegtok","status":"publish","type":"product","link":"https:\/\/eyewearstore.hu\/en\/product\/feher-lo-szemuvegtok\/","title":{"rendered":"Feh\u00e9r l\u00f3 szem\u00fcvegtok"},"content":{"rendered":"<p data-start=\"803\" data-end=\"1148\">A <strong data-start=\"805\" data-end=\"829\">Feh\u00e9r l\u00f3 szem\u00fcvegtok<\/strong> ide\u00e1lis t\u00e1rs azoknak, akik kiemelten figyelnek szem\u00fcveg\u00fck \u00e9ps\u00e9g\u00e9re, \u00e9s szeretik, ha egy praktikus kieg\u00e9sz\u00edt\u0151 eszt\u00e9tikus is.<br data-start=\"953\" data-end=\"956\" \/>A kem\u00e9ny burkolat hat\u00e9konyan v\u00e9di a keretet \u00e9s a lencs\u00e9ket \u00fct\u0151d\u00e9sek, nyom\u00f3d\u00e1sok \u00e9s es\u00e9sek ellen. Belseje puha, b\u00e1rsonyos b\u00e9l\u00e9s\u0171, amely meg\u00f3vja a lencs\u00e9t a karcol\u00f3d\u00e1st\u00f3l \u00e9s a finom szemcs\u00e9kt\u0151l.<\/p>\n<p data-start=\"1150\" data-end=\"1414\">K\u00fcls\u0151 mint\u00e1zata egy gy\u00f6ny\u00f6r\u0171en kivitelezett feh\u00e9r l\u00f3 grafik\u00e1t \u00e1br\u00e1zol \u2014 t\u00f6k\u00e9letes v\u00e1laszt\u00e1s lovas-t\u00e9m\u00e1j\u00fa aj\u00e1nd\u00e9knak vagy minden \u00e1llatszeret\u0151 sz\u00e1m\u00e1ra.<br data-start=\"1299\" data-end=\"1302\" \/>A <strong data-start=\"1304\" data-end=\"1328\">Feh\u00e9r l\u00f3 szem\u00fcvegtok<\/strong> form\u00e1ja alkalmas v\u00e9konyabb \u00e9s norm\u00e1l m\u00e9ret\u0171 keretekhez, valamint napszem\u00fcvegekhez is.<\/p>\n<p data-start=\"1416\" data-end=\"1469\">Eleg\u00e1ns, modern, massz\u00edv \u2014 \u00e9s minden nap haszn\u00e1lhat\u00f3.<\/p>\n<hr data-start=\"1471\" data-end=\"1474\" \/>\n<h3 data-start=\"1476\" data-end=\"1495\">\u2705 <strong data-start=\"1482\" data-end=\"1495\">Jellemz\u0151k<\/strong><\/h3>\n<ul data-start=\"1496\" data-end=\"1697\">\n<li data-start=\"1496\" data-end=\"1522\">\n<p data-start=\"1498\" data-end=\"1522\">kem\u00e9ny tok konstrukci\u00f3<\/p>\n<\/li>\n<li data-start=\"1523\" data-end=\"1549\">\n<p data-start=\"1525\" data-end=\"1549\">puha, karcmentes bels\u0151<\/p>\n<\/li>\n<li data-start=\"1550\" data-end=\"1602\">\n<p data-start=\"1552\" data-end=\"1602\">id\u0151t\u00e1ll\u00f3 m\u0171b\u0151r hat\u00e1s\u00fa bevonat (t\u00edpust\u00f3l f\u00fcgg\u0151en)<\/p>\n<\/li>\n<li data-start=\"1603\" data-end=\"1624\">\n<p data-start=\"1605\" data-end=\"1624\">univerz\u00e1lis m\u00e9ret<\/p>\n<\/li>\n<li data-start=\"1625\" data-end=\"1661\">\n<p data-start=\"1627\" data-end=\"1661\">t\u00e1sk\u00e1ban, aut\u00f3ban is biztons\u00e1gos<\/p>\n<\/li>\n<li data-start=\"1662\" data-end=\"1697\">\n<p data-start=\"1664\" data-end=\"1697\">lovas grafika \u2013 egyedi megjelen\u00e9s<\/p>\n<\/li>\n<\/ul>\n<hr data-start=\"1699\" data-end=\"1702\" \/>\n<h3 data-start=\"1704\" data-end=\"1734\">\ud83d\udccb <strong data-start=\"1711\" data-end=\"1734\">Haszn\u00e1lati utas\u00edt\u00e1s<\/strong><\/h3>\n<ol data-start=\"1735\" data-end=\"2055\">\n<li data-start=\"1735\" data-end=\"1817\">\n<p data-start=\"1738\" data-end=\"1817\">Helyezd a szem\u00fcveget a <strong data-start=\"1761\" data-end=\"1785\">Feh\u00e9r l\u00f3 szem\u00fcvegtok<\/strong> belsej\u00e9be, lencs\u00e9vel felfel\u00e9.<\/p>\n<\/li>\n<li data-start=\"1818\" data-end=\"1876\">\n<p data-start=\"1821\" data-end=\"1876\">Gy\u0151z\u0151dj meg r\u00f3la, hogy nem szorul r\u00e1 semmi a keretre.<\/p>\n<\/li>\n<li data-start=\"1877\" data-end=\"1946\">\n<p data-start=\"1880\" data-end=\"1946\">Z\u00e1rd le a tokot, hogy a bels\u0151 b\u00e9l\u00e9s megfelel\u0151en v\u00e9dje a lencs\u00e9t.<\/p>\n<\/li>\n<li data-start=\"1947\" data-end=\"1984\">\n<p data-start=\"1950\" data-end=\"1984\">Tartsd sz\u00e1raz, pormentes helyen.<\/p>\n<\/li>\n<li data-start=\"1985\" data-end=\"2055\">\n<p data-start=\"1988\" data-end=\"2055\">Ha koszos lesz, nedves t\u00f6rl\u0151kend\u0151vel tiszt\u00edtsd \u2014 ne mosd v\u00edz alatt.<\/p>\n<\/li>\n<\/ol>\n<hr data-start=\"2057\" data-end=\"2060\" \/>\n<h3 data-start=\"2062\" data-end=\"2089\">\u26a0\ufe0f <strong data-start=\"2069\" data-end=\"2089\">Figyelmeztet\u00e9sek<\/strong><\/h3>\n<ul data-start=\"2090\" data-end=\"2210\">\n<li data-start=\"2090\" data-end=\"2125\">\n<p data-start=\"2092\" data-end=\"2125\">Ne tedd er\u0151sen meleg fel\u00fcletre.<\/p>\n<\/li>\n<li data-start=\"2126\" data-end=\"2167\">\n<p data-start=\"2128\" data-end=\"2167\">Ne \u00fclj r\u00e1 \u00e9s ne pr\u00e9seld t\u00e1ska alj\u00e1ra.<\/p>\n<\/li>\n<li data-start=\"2168\" data-end=\"2210\">\n<p data-start=\"2170\" data-end=\"2210\">Nedvess\u00e9g hat\u00e1s\u00e1ra a fel\u00fclet k\u00e1rosodhat.<\/p>\n<\/li>\n<\/ul>\n<hr data-start=\"2212\" data-end=\"2215\" \/>\n<h3 data-start=\"2217\" data-end=\"2243\">\ud83c\udf81 <strong data-start=\"2224\" data-end=\"2243\">Kinek aj\u00e1nlott?<\/strong><\/h3>\n<ul data-start=\"2244\" data-end=\"2352\">\n<li data-start=\"2244\" data-end=\"2271\">\n<p data-start=\"2246\" data-end=\"2271\">Lovas sport kedvel\u0151knek<\/p>\n<\/li>\n<li data-start=\"2272\" data-end=\"2303\">\n<p data-start=\"2274\" data-end=\"2303\">Gyerekeknek \u00e9s feln\u0151tteknek<\/p>\n<\/li>\n<li data-start=\"2304\" data-end=\"2323\">\n<p data-start=\"2306\" data-end=\"2323\">\u00c1llatbar\u00e1toknak<\/p>\n<\/li>\n<li data-start=\"2324\" data-end=\"2352\">\n<p data-start=\"2326\" data-end=\"2352\">Egyedi aj\u00e1nd\u00e9k \u00f6tletk\u00e9nt<\/p>\n<\/li>\n<\/ul>","protected":false},"excerpt":{"rendered":"<p>A <strong data-start=\"429\" data-end=\"453\">Feh\u00e9r l\u00f3 szem\u00fcvegtok<\/strong> eleg\u00e1ns, kem\u00e9nyfal\u00fa tok, amely kiv\u00e1l\u00f3 v\u00e9delmet ny\u00fajt szem\u00fcvegednek a mindennapok sor\u00e1n. A felsz\u00edn\u00e9n l\u00e1that\u00f3, gy\u00f6ny\u00f6r\u0171 feh\u00e9r l\u00f3 grafika st\u00edlusos \u00e9s egyedi megjelen\u00e9st biztos\u00edt, mik\u00f6zben bel\u00fcl puha b\u00e9l\u00e9s \u00f3vja a lencs\u00e9ket a karcol\u00f3d\u00e1st\u00f3l. T\u00f6k\u00e9letes v\u00e1laszt\u00e1s mindennapi haszn\u00e1latra, t\u00e1sk\u00e1ban, aut\u00f3ban vagy utaz\u00e1sn\u00e1l is.<\/p>","protected":false},"featured_media":17732,"comment_status":"open","ping_status":"closed","template":"","meta":{"_seopress_robots_primary_cat":"","_seopress_titles_title":"","_seopress_titles_desc":"","_seopress_robots_index":""},"product_cat":[34,96],"product_tag":[1231,1233,1237,1230,1232,1235,1236,1238,857,1239,1240,1234],"class_list":{"0":"post-17729","1":"product","2":"type-product","3":"status-publish","4":"has-post-thumbnail","6":"product_cat-egyeb","7":"product_cat-mintas-mikroszalas-torlokendok","8":"product_tag-feher-lo-szemuvegtok","9":"product_tag-kemeny-szemuvegtok","10":"product_tag-lo-mintas-tok","11":"product_tag-lovas-ajandek","12":"product_tag-lovas-szemuvegtok","13":"product_tag-napszemuveg-tok","14":"product_tag-optikai-tok","15":"product_tag-szemuveg-tarolo","16":"product_tag-szemuvegtok","17":"product_tag-tok-lencsehez","18":"product_tag-tok-lovasoknak","19":"product_tag-tok-szemuveghez","21":"first","22":"instock","23":"taxable","24":"shipping-taxable","25":"purchasable","26":"product-type-simple"},"_links":{"self":[{"href":"https:\/\/eyewearstore.hu\/en\/wp-json\/wp\/v2\/product\/17729","targetHints":{"allow":["GET"]}}],"collection":[{"href":"https:\/\/eyewearstore.hu\/en\/wp-json\/wp\/v2\/product"}],"about":[{"href":"https:\/\/eyewearstore.hu\/en\/wp-json\/wp\/v2\/types\/product"}],"replies":[{"embeddable":true,"href":"https:\/\/eyewearstore.hu\/en\/wp-json\/wp\/v2\/comments?post=17729"}],"wp:featuredmedia":[{"embeddable":true,"href":"https:\/\/eyewearstore.hu\/en\/wp-json\/wp\/v2\/media\/17732"}],"wp:attachment":[{"href":"https:\/\/eyewearstore.hu\/en\/wp-json\/wp\/v2\/media?parent=17729"}],"wp:term":[{"taxonomy":"product_cat","embeddable":true,"href":"https:\/\/eyewearstore.hu\/en\/wp-json\/wp\/v2\/product_cat?post=17729"},{"taxonomy":"product_tag","embeddable":true,"href":"https:\/\/eyewearstore.hu\/en\/wp-json\/wp\/v2\/product_tag?post=17729"}],"curies":[{"name":"wp","href":"https:\/\/api.w.org\/{rel}","templated":true}]}}