
{"id":17590,"date":"2025-10-09T13:51:34","date_gmt":"2025-10-09T11:51:34","guid":{"rendered":"https:\/\/eyewearstore.hu\/?post_type=product&#038;p=17590"},"modified":"2026-04-29T20:02:44","modified_gmt":"2026-04-29T18:02:44","slug":"smart-glasses-dioptriazhato-okos-szemuveg-kameraval-es-mi-forditoval","status":"publish","type":"product","link":"https:\/\/eyewearstore.hu\/en\/product\/smart-glasses-dioptriazhato-okos-szemuveg-kameraval-es-mi-forditoval\/","title":{"rendered":"Smart Glasses \u2013 Dioptri\u00e1zhat\u00f3 Okos szem\u00fcveg kamer\u00e1val \u00e9s MI-ford\u00edt\u00f3val"},"content":{"rendered":"<p data-start=\"1037\" data-end=\"1309\">A <strong data-start=\"1039\" data-end=\"1056\">Smart Glasses<\/strong> egy \u00faj gener\u00e1ci\u00f3s <strong data-start=\"1075\" data-end=\"1092\">okos szem\u00fcveg<\/strong>, amely nemcsak st\u00edlusos kieg\u00e9sz\u00edt\u0151, hanem egy val\u00f3di technol\u00f3giai t\u00e1rs a mindennapokban.<br data-start=\"1181\" data-end=\"1184\" \/>T\u00f6k\u00e9letes v\u00e1laszt\u00e1s azoknak, akik szeretik a hasznos k\u00fcty\u00fcket, de nem akarnak lemondani a k\u00e9nyelmes \u00e9s divatos megjelen\u00e9sr\u0151l.<\/p>\n<p data-start=\"1311\" data-end=\"1447\">Ez az okos szem\u00fcveg <strong data-start=\"1331\" data-end=\"1357\">Bluetooth-kapcsolattal<\/strong> csatlakozik a telefonodhoz, \u00e9s a dedik\u00e1lt alkalmaz\u00e1son kereszt\u00fcl t\u00f6bbf\u00e9le funkci\u00f3t k\u00edn\u00e1l:<\/p>\n<hr data-start=\"1449\" data-end=\"1452\" \/>\n<h3 data-start=\"1454\" data-end=\"1503\">\ud83c\udfa5 <strong data-start=\"1461\" data-end=\"1503\">Fot\u00f3 &amp; vide\u00f3 \u2013 a vil\u00e1g, ahogy te l\u00e1tod<\/strong><\/h3>\n<p data-start=\"1504\" data-end=\"1758\">A szem\u00fcvegbe \u00e9p\u00edtett kamera seg\u00edts\u00e9g\u00e9vel egyetlen mozdulattal k\u00e9sz\u00edthetsz <strong data-start=\"1578\" data-end=\"1603\">f\u00e9nyk\u00e9pet vagy vide\u00f3t<\/strong>.<br data-start=\"1604\" data-end=\"1607\" \/>Nem kell el\u0151venned a telefonod \u2014 csak n\u00e9zz r\u00e1 a vil\u00e1gra, \u00e9s r\u00f6gz\u00edtsd, amit l\u00e1tsz.<br data-start=\"1688\" data-end=\"1691\" \/>T\u00f6k\u00e9letes v\u00e1rosi pillanatokhoz, sporthoz, t\u00far\u00e1hoz vagy vlogol\u00e1shoz.<\/p>\n<hr data-start=\"1760\" data-end=\"1763\" \/>\n<h3 data-start=\"1765\" data-end=\"1802\">\ud83c\udfa7 <strong data-start=\"1772\" data-end=\"1802\">Zene \u00e9s \u00e9rint\u0151pad-vez\u00e9rl\u00e9s<\/strong><\/h3>\n<p data-start=\"1803\" data-end=\"2112\">A szem\u00fcveg sz\u00e1r\u00e1n tal\u00e1lhat\u00f3 <strong data-start=\"1831\" data-end=\"1848\">\u00e9rint\u0151fel\u00fclet<\/strong> seg\u00edts\u00e9g\u00e9vel egyszer\u0171 mozdulatokkal szab\u00e1lyozhatod a zen\u00e9t \u2014 elind\u00edthatod, meg\u00e1ll\u00edthatod vagy sz\u00e1mot v\u00e1lthatsz.<br data-start=\"1960\" data-end=\"1963\" \/>A <strong data-start=\"1965\" data-end=\"2016\">nyitott st\u00edlus\u00fa hangrendszer (Open-Style Audio)<\/strong> term\u00e9szetes, k\u00f6rnyezetbar\u00e1t hangz\u00e1st biztos\u00edt: hallod a zen\u00e9t, de a k\u00f6rnyezetedet is \u00e9rz\u00e9keled.<\/p>\n<hr data-start=\"2114\" data-end=\"2117\" \/>\n<h3 data-start=\"2119\" data-end=\"2158\">\ud83e\udd16 <strong data-start=\"2126\" data-end=\"2158\">MI-ford\u00edt\u00e1s \u00e9s k\u00e9pfelismer\u00e9s<\/strong><\/h3>\n<p data-start=\"2159\" data-end=\"2460\">A be\u00e9p\u00edtett <strong data-start=\"2171\" data-end=\"2205\">mesters\u00e9ges intelligencia (MI)<\/strong> nemcsak felismeri, amit l\u00e1tsz, hanem seg\u00edt <strong data-start=\"2249\" data-end=\"2276\">val\u00f3s idej\u0171 ford\u00edt\u00e1sban<\/strong> is.<br data-start=\"2280\" data-end=\"2283\" \/>Ha idegen nyelven besz\u00e9lnek hozz\u00e1d, a szem\u00fcveghez tartoz\u00f3 alkalmaz\u00e1s <strong data-start=\"2352\" data-end=\"2380\">automatikusan leford\u00edtja<\/strong> a mondottakat \u2013 \u00edgy az <strong data-start=\"2404\" data-end=\"2426\">AI ford\u00edt\u00f3 funkci\u00f3<\/strong> val\u00f3ban k\u00f6zelebb hozza a vil\u00e1got.<\/p>\n<hr data-start=\"2462\" data-end=\"2465\" \/>\n<h3 data-start=\"2467\" data-end=\"2514\">\ud83d\udd76\ufe0f <strong data-start=\"2475\" data-end=\"2514\">Optikai el\u0151ny \u2013 dioptri\u00e1zhat\u00f3 keret<\/strong><\/h3>\n<p data-start=\"2515\" data-end=\"2813\">A <strong data-start=\"2517\" data-end=\"2534\">Smart Glasses<\/strong> nemcsak egy technol\u00f3giai eszk\u00f6z, hanem <strong data-start=\"2574\" data-end=\"2613\">optikai szem\u00fcvegk\u00e9nt is haszn\u00e1lhat\u00f3<\/strong>.<br data-start=\"2614\" data-end=\"2617\" \/>A keret <strong data-start=\"2625\" data-end=\"2642\">dioptri\u00e1zhat\u00f3<\/strong>, teh\u00e1t ig\u00e9ny eset\u00e9n <strong data-start=\"2663\" data-end=\"2688\">l\u00e1t\u00e1sjav\u00edt\u00f3 lencs\u00e9vel<\/strong> is elk\u00e9sz\u00edthet\u0151.<br data-start=\"2705\" data-end=\"2708\" \/>\u00cdgy nem kell v\u00e1lasztanod a l\u00e1t\u00e1skomfort \u00e9s a modern technol\u00f3gia k\u00f6z\u00f6tt \u2013 a kett\u0151t egyszerre kaphatod meg.<\/p>\n<hr data-start=\"2815\" data-end=\"2818\" \/>\n<h3 data-start=\"2820\" data-end=\"2856\">\u2600\ufe0f <strong data-start=\"2827\" data-end=\"2856\">UV-v\u00e9delem \u00e9s gyorst\u00f6lt\u00e9s<\/strong><\/h3>\n<p data-start=\"2857\" data-end=\"3020\">A be\u00e9p\u00edtett <strong data-start=\"2869\" data-end=\"2888\">UV-A\/UV-B sz\u0171r\u0151<\/strong> meg\u00f3vja a szemedet a nap k\u00e1ros sugarait\u00f3l,<br data-start=\"2931\" data-end=\"2934\" \/>a <strong data-start=\"2936\" data-end=\"2959\">gyorst\u00f6lt\u00e9s funkci\u00f3<\/strong> pedig n\u00e9h\u00e1ny perc alatt \u00fajra \u00fczemk\u00e9pess\u00e9 teszi a szem\u00fcveget.<\/p>\n<hr data-start=\"3022\" data-end=\"3025\" \/>\n<h3 data-start=\"3027\" data-end=\"3065\">\u2b50 <strong data-start=\"3033\" data-end=\"3065\">F\u0151bb jellemz\u0151k \u00f6sszefoglalva<\/strong><\/h3>\n<ul data-start=\"3066\" data-end=\"3336\">\n<li data-start=\"3066\" data-end=\"3099\">\n<p data-start=\"3068\" data-end=\"3099\">F\u00e9nyk\u00e9pez\u00e9s \u00e9s vide\u00f3 r\u00f6gz\u00edt\u00e9s<\/p>\n<\/li>\n<li data-start=\"3100\" data-end=\"3123\">\n<p data-start=\"3102\" data-end=\"3123\">Bluetooth kapcsolat<\/p>\n<\/li>\n<li data-start=\"3124\" data-end=\"3146\">\n<p data-start=\"3126\" data-end=\"3146\">\u00c9rint\u0151pad-vez\u00e9rl\u00e9s<\/p>\n<\/li>\n<li data-start=\"3147\" data-end=\"3203\">\n<p data-start=\"3149\" data-end=\"3203\">Mesters\u00e9ges intelligencia: ford\u00edt\u00e1s \u00e9s k\u00e9pfelismer\u00e9s<\/p>\n<\/li>\n<li data-start=\"3204\" data-end=\"3256\">\n<p data-start=\"3206\" data-end=\"3256\">Nyitott hangrendszer \u2013 term\u00e9szetes zenehallgat\u00e1s<\/p>\n<\/li>\n<li data-start=\"3257\" data-end=\"3280\">\n<p data-start=\"3259\" data-end=\"3280\">Gyorst\u00f6lt\u00e9s funkci\u00f3<\/p>\n<\/li>\n<li data-start=\"3281\" data-end=\"3302\">\n<p data-start=\"3283\" data-end=\"3302\">UV-A\/UV-B v\u00e9delem<\/p>\n<\/li>\n<li data-start=\"3303\" data-end=\"3336\">\n<p data-start=\"3305\" data-end=\"3336\"><strong data-start=\"3305\" data-end=\"3336\">Dioptri\u00e1zhat\u00f3 optikai keret<\/strong><\/p>\n<\/li>\n<\/ul>\n<hr data-start=\"3338\" data-end=\"3341\" \/>\n<h3 data-start=\"3343\" data-end=\"3373\">\ud83d\udccb <strong data-start=\"3350\" data-end=\"3373\">Haszn\u00e1lati utas\u00edt\u00e1s<\/strong><\/h3>\n<ol data-start=\"3374\" data-end=\"3806\">\n<li data-start=\"3374\" data-end=\"3412\">\n<p data-start=\"3377\" data-end=\"3412\">T\u00f6ltsd fel teljesen a szem\u00fcveget.<\/p>\n<\/li>\n<li data-start=\"3413\" data-end=\"3488\">\n<p data-start=\"3416\" data-end=\"3488\">Kapcsold be, majd csatlakoztasd a telefonodhoz Bluetooth-on kereszt\u00fcl.<\/p>\n<\/li>\n<li data-start=\"3489\" data-end=\"3550\">\n<p data-start=\"3492\" data-end=\"3550\">Nyisd meg a hivatalos alkalmaz\u00e1st<\/p>\n<\/li>\n<li data-start=\"3551\" data-end=\"3688\">\n<p data-start=\"3554\" data-end=\"3585\">Innen el\u00e9rheted a funkci\u00f3kat:<\/p>\n<ul data-start=\"3589\" data-end=\"3688\">\n<li data-start=\"3589\" data-end=\"3620\">\n<p data-start=\"3591\" data-end=\"3620\">F\u00e9nyk\u00e9pez\u00e9s \/ Vide\u00f3felv\u00e9tel<\/p>\n<\/li>\n<li data-start=\"3624\" data-end=\"3652\">\n<p data-start=\"3626\" data-end=\"3652\">Zenevez\u00e9rl\u00e9s (\u00e9rint\u0151pad)<\/p>\n<\/li>\n<li data-start=\"3656\" data-end=\"3688\">\n<p data-start=\"3658\" data-end=\"3688\">MI-ford\u00edt\u00e1s \u00e9s k\u00e9pfelismer\u00e9s<\/p>\n<\/li>\n<\/ul>\n<\/li>\n<li data-start=\"3689\" data-end=\"3806\">\n<p data-start=\"3692\" data-end=\"3806\">Haszn\u00e1lat ut\u00e1n tartsd tiszt\u00e1n a lencs\u00e9ket mikrosz\u00e1las kend\u0151vel, \u00e9s ker\u00fcld a nedvess\u00e9get az elektronikus r\u00e9szekn\u00e9l.<\/p>\n<\/li>\n<\/ol>","protected":false},"excerpt":{"rendered":"<p>A <strong data-start=\"612\" data-end=\"643\">Smart Glasses okos szem\u00fcveg<\/strong> \u00f6tv\u00f6zi a klasszikus st\u00edlust \u00e9s a modern technol\u00f3gi\u00e1t.<br data-start=\"697\" data-end=\"700\" \/>Be\u00e9p\u00edtett kamer\u00e1j\u00e1val \u00e9s vide\u00f3funkci\u00f3j\u00e1val meg\u00f6r\u00f6k\u00edtheted a pillanatokat, az \u00e9rint\u0151pad seg\u00edts\u00e9g\u00e9vel vez\u00e9relheted a zen\u00e9t, mik\u00f6zben a <strong data-start=\"833\" data-end=\"862\">mesters\u00e9ges intelligencia<\/strong> val\u00f3s idej\u0171 <strong data-start=\"875\" data-end=\"906\">ford\u00edt\u00e1st \u00e9s k\u00e9pfelismer\u00e9st<\/strong> k\u00edn\u00e1l.<br data-start=\"913\" data-end=\"916\" \/>A szem\u00fcveg <strong data-start=\"927\" data-end=\"944\">dioptri\u00e1zhat\u00f3<\/strong>, \u00edgy nemcsak okos, de val\u00f3ban <strong data-start=\"975\" data-end=\"996\">szem\u00e9lyre szabott<\/strong> is lehet.<\/p>","protected":false},"featured_media":17689,"comment_status":"open","ping_status":"closed","template":"","meta":{"_seopress_robots_primary_cat":"none","_seopress_titles_title":"","_seopress_titles_desc":"","_seopress_robots_index":""},"product_cat":[58],"product_tag":[1216,1206,1213,1214,1217,1209,1212,1210,1205,1208,1207,1203,1204,1215,1211],"class_list":{"0":"post-17590","1":"product","2":"type-product","3":"status-publish","4":"has-post-thumbnail","6":"product_cat-products_frame","7":"product_tag-ai-szemuveg","8":"product_tag-bluetooth-szemuveg","9":"product_tag-dioptrias-okos-szemuveg","10":"product_tag-dioptriazhato-szemuveg","11":"product_tag-fordito-okos-szemuveg","12":"product_tag-fordito-szemuveg","13":"product_tag-fotos-szemuveg","14":"product_tag-intelligens-szemuveg","15":"product_tag-kameras-szemuveg","16":"product_tag-mesterseges-intelligencia-szemuveg","17":"product_tag-mi-szemuveg","18":"product_tag-okos-szemuveg","19":"product_tag-smart-glasses","20":"product_tag-tech-szemuveg","21":"product_tag-videos-szemuveg","23":"first","24":"instock","25":"taxable","26":"shipping-taxable","27":"purchasable","28":"product-type-simple"},"_links":{"self":[{"href":"https:\/\/eyewearstore.hu\/en\/wp-json\/wp\/v2\/product\/17590","targetHints":{"allow":["GET"]}}],"collection":[{"href":"https:\/\/eyewearstore.hu\/en\/wp-json\/wp\/v2\/product"}],"about":[{"href":"https:\/\/eyewearstore.hu\/en\/wp-json\/wp\/v2\/types\/product"}],"replies":[{"embeddable":true,"href":"https:\/\/eyewearstore.hu\/en\/wp-json\/wp\/v2\/comments?post=17590"}],"wp:featuredmedia":[{"embeddable":true,"href":"https:\/\/eyewearstore.hu\/en\/wp-json\/wp\/v2\/media\/17689"}],"wp:attachment":[{"href":"https:\/\/eyewearstore.hu\/en\/wp-json\/wp\/v2\/media?parent=17590"}],"wp:term":[{"taxonomy":"product_cat","embeddable":true,"href":"https:\/\/eyewearstore.hu\/en\/wp-json\/wp\/v2\/product_cat?post=17590"},{"taxonomy":"product_tag","embeddable":true,"href":"https:\/\/eyewearstore.hu\/en\/wp-json\/wp\/v2\/product_tag?post=17590"}],"curies":[{"name":"wp","href":"https:\/\/api.w.org\/{rel}","templated":true}]}}