
{"id":16700,"date":"2025-07-07T17:48:37","date_gmt":"2025-07-07T15:48:37","guid":{"rendered":"https:\/\/eyewearstore.hu\/?post_type=product&#038;p=16700"},"modified":"2026-03-17T19:47:38","modified_gmt":"2026-03-17T18:47:38","slug":"opti-free-replenish-3db-kontaktlencse-folyadek-tokkal-3x300ml","status":"publish","type":"product","link":"https:\/\/eyewearstore.hu\/en\/product\/opti-free-replenish-3db-kontaktlencse-folyadek-tokkal-3x300ml\/","title":{"rendered":"Opti-Free Replenish 3db kontaktlencse folyad\u00e9k tokkal (3x300ml)"},"content":{"rendered":"<p data-start=\"235\" data-end=\"274\"><\/p>\n<p data-start=\"728\" data-end=\"944\">Az <strong data-start=\"731\" data-end=\"787\">Opti-Free Replenish kontaktlencse-\u00e1pol\u00f3szer 3\u00d7355 ml<\/strong> kiszerel\u00e9se kiv\u00e1l\u00f3 v\u00e1laszt\u00e1s azoknak, akik rendszeresen viselnek puha vagy szilikon-hidrog\u00e9l lencs\u00e9t, \u00e9s fontos sz\u00e1mukra a hossz\u00fa t\u00e1v\u00fa k\u00e9nyelem \u00e9s higi\u00e9nia.<\/p>\n<p data-start=\"946\" data-end=\"969\">Ez az all-in-one oldat:<\/p>\n<ul data-start=\"970\" data-end=\"1239\">\n<li data-start=\"970\" data-end=\"1024\">\n<p data-start=\"972\" data-end=\"1024\"><strong data-start=\"972\" data-end=\"985\">Tiszt\u00edtja<\/strong> a lencs\u00e9ket a napi szennyez\u0151d\u00e9sekt\u0151l<\/p>\n<\/li>\n<li data-start=\"1025\" data-end=\"1094\">\n<p data-start=\"1027\" data-end=\"1094\"><strong data-start=\"1027\" data-end=\"1043\">Fert\u0151tlen\u00edti<\/strong> a bakt\u00e9riumokat \u00e9s gomb\u00e1kat (POLYQUAD\u00ae + ALDOX\u00ae)<\/p>\n<\/li>\n<li data-start=\"1095\" data-end=\"1184\">\n<p data-start=\"1097\" data-end=\"1184\"><strong data-start=\"1097\" data-end=\"1111\">Hidrat\u00e1lja<\/strong> \u00e9s nedvesen tartja a lencs\u00e9t a <strong data-start=\"1143\" data-end=\"1169\">TearGlyde\u00ae rendszernek<\/strong> k\u00f6sz\u00f6nhet\u0151en<\/p>\n<\/li>\n<li data-start=\"1185\" data-end=\"1239\">\n<p data-start=\"1187\" data-end=\"1239\"><strong data-start=\"1187\" data-end=\"1212\">T\u00e1rol\u00e1sra is alkalmas<\/strong> legal\u00e1bb 6 \u00f3r\u00e1s \u00e1ztat\u00e1ssal<\/p>\n<\/li>\n<\/ul>\n<p data-start=\"1241\" data-end=\"1459\">A 3 db-os csomag ide\u00e1lis v\u00e1laszt\u00e1s lehet akkor is, ha t\u00f6bb helyen t\u00e1roln\u00e1l \u00e1pol\u00f3szert (otthon, munkahely, utaz\u00e1shoz), vagy ha egyszer\u0171en csak szeretn\u00e9l t\u00f6bb h\u00f3napra el\u0151re bet\u00e1razni megb\u00edzhat\u00f3 kontaktlencse-folyad\u00e9kb\u00f3l.<\/p>\n<hr data-start=\"1461\" data-end=\"1464\" \/>\n<h3 data-start=\"1466\" data-end=\"1479\">\u2b50 El\u0151ny\u00f6k<\/h3>\n<ul data-start=\"1481\" data-end=\"1732\">\n<li data-start=\"1481\" data-end=\"1522\">\n<p data-start=\"1483\" data-end=\"1522\">Teljes k\u00f6r\u0171 napi kontaktlencse-\u00e1pol\u00e1s<\/p>\n<\/li>\n<li data-start=\"1523\" data-end=\"1566\">\n<p data-start=\"1525\" data-end=\"1566\">K\u00edm\u00e9letes, m\u00e9gis hat\u00e9kony fert\u0151tlen\u00edt\u00e9s<\/p>\n<\/li>\n<li data-start=\"1567\" data-end=\"1609\">\n<p data-start=\"1569\" data-end=\"1609\">K\u00fcl\u00f6n\u00f6sen hasznos \u00e9rz\u00e9keny szem eset\u00e9n<\/p>\n<\/li>\n<li data-start=\"1610\" data-end=\"1667\">\n<p data-start=\"1612\" data-end=\"1667\">3\u00d7355 ml kiszerel\u00e9s \u2013 k\u00e9nyelmes, gazdas\u00e1gos v\u00e1laszt\u00e1s<\/p>\n<\/li>\n<li data-start=\"1668\" data-end=\"1732\">\n<p data-start=\"1670\" data-end=\"1732\">Kompatibilis minden puha \u00e9s szilikon-hidrog\u00e9l kontaktlencs\u00e9vel<\/p>\n<\/li>\n<\/ul>\n<hr data-start=\"1734\" data-end=\"1737\" \/>\n<h3 data-start=\"1739\" data-end=\"1765\">\ud83d\udccb Haszn\u00e1lati utas\u00edt\u00e1s<\/h3>\n<ol data-start=\"1767\" data-end=\"2230\">\n<li data-start=\"1767\" data-end=\"1792\">\n<p data-start=\"1770\" data-end=\"1792\">Moss kezet alaposan.<\/p>\n<\/li>\n<li data-start=\"1793\" data-end=\"1876\">\n<p data-start=\"1796\" data-end=\"1876\">Nedves\u00edtsd meg a lencs\u00e9t friss oldattal, majd finoman d\u00f6rzs\u00f6ld 20 m\u00e1sodpercig.<\/p>\n<\/li>\n<li data-start=\"1877\" data-end=\"1924\">\n<p data-start=\"1880\" data-end=\"1924\">\u00d6bl\u00edtsd le 10 m\u00e1sodpercig mindk\u00e9t oldal\u00e1t.<\/p>\n<\/li>\n<li data-start=\"1925\" data-end=\"1998\">\n<p data-start=\"1928\" data-end=\"1998\">Helyezd a lencs\u00e9t tiszta tart\u00f3ba, \u00f6ntsd fel friss oldattal, z\u00e1rd le.<\/p>\n<\/li>\n<li data-start=\"1999\" data-end=\"2059\">\n<p data-start=\"2002\" data-end=\"2059\">Hagyd \u00e1zni legal\u00e1bb 6 \u00f3r\u00e1n kereszt\u00fcl (ide\u00e1lis \u00e9jszaka).<\/p>\n<\/li>\n<li data-start=\"2060\" data-end=\"2105\">\n<p data-start=\"2063\" data-end=\"2105\">Haszn\u00e1lat el\u0151tt reggel \u00f6bl\u00edtsd le ism\u00e9t.<\/p>\n<\/li>\n<li data-start=\"2106\" data-end=\"2172\">\n<p data-start=\"2109\" data-end=\"2172\">Ne haszn\u00e1ld \u00fajra a kor\u00e1bbi oldatot \u2013 mindig frisset haszn\u00e1lj!<\/p>\n<\/li>\n<li data-start=\"2173\" data-end=\"2230\">\n<p data-start=\"2176\" data-end=\"2230\">Felbont\u00e1s ut\u00e1n 6 h\u00f3napon bel\u00fcl haszn\u00e1ld fel a flakont.<\/p>\n<\/li>\n<\/ol>\n<hr data-start=\"2232\" data-end=\"2235\" \/>\n<h3 data-start=\"2237\" data-end=\"2264\">\ud83d\udd12 T\u00e1rol\u00e1s \u00e9s biztons\u00e1g<\/h3>\n<ul data-start=\"2266\" data-end=\"2449\">\n<li data-start=\"2266\" data-end=\"2310\">\n<p data-start=\"2268\" data-end=\"2310\">Szobah\u0151m\u00e9rs\u00e9kleten, f\u00e9nyt\u0151l v\u00e9dve t\u00e1rold<\/p>\n<\/li>\n<li data-start=\"2311\" data-end=\"2374\">\n<p data-start=\"2313\" data-end=\"2374\">Csak k\u00fcls\u0151 haszn\u00e1latra \u2013 ne cseppentsd k\u00f6zvetlen\u00fcl a szembe<\/p>\n<\/li>\n<li data-start=\"2375\" data-end=\"2417\">\n<p data-start=\"2377\" data-end=\"2417\">Ne \u00f6ntsd \u00e1t m\u00e1sik flakonba, ne h\u00edg\u00edtsd<\/p>\n<\/li>\n<li data-start=\"2418\" data-end=\"2449\">\n<p data-start=\"2420\" data-end=\"2449\">Gyermekekt\u0151l elz\u00e1rva tartand\u00f3<\/p>\n<\/li>\n<\/ul>\n<hr data-start=\"2451\" data-end=\"2454\" \/>\n<p data-start=\"2456\" data-end=\"2660\">Az <strong data-start=\"2459\" data-end=\"2497\">Opti-Free Replenish 3 db-os csomag<\/strong> seg\u00edt biztos\u00edtani, hogy mindig k\u00e9zn\u00e9l legyen a megfelel\u0151 \u00e1pol\u00f3szer \u2013 b\u00e1rmelyik nap, b\u00e1rhol is vagy. Tisztas\u00e1g, hidrat\u00e1lts\u00e1g, biztons\u00e1g \u2013 h\u00e1romszorosan biztos\u00edtva.<\/p>","protected":false},"excerpt":{"rendered":"<p data-start=\"274\" data-end=\"635\">Az Opti-Free Replenish 3 db-os csomag t\u00f6k\u00e9letes t\u00e1rs, ha hossz\u00fa t\u00e1vra szeretn\u00e9l gondoskodni a kontaktlencs\u00e9id k\u00e9nyelm\u00e9r\u0151l \u00e9s tisztas\u00e1g\u00e1r\u00f3l. Az all-in-one formul\u00e1val egy l\u00e9p\u00e9sben tiszt\u00edt, fert\u0151tlen\u00edt, hidrat\u00e1l \u00e9s t\u00e1rol. A TearGlyde\u00ae technol\u00f3gia seg\u00edt fenntartani a lencs\u00e9k nedvess\u00e9gtartalm\u00e1t eg\u00e9sz nap, m\u00edg a kett\u0151s fert\u0151tlen\u00edt\u0151 rendszer biztons\u00e1gos \u00e9s higi\u00e9nikus viseletet garant\u00e1l \u2013 h\u00e1rom flakon, teljes nyugalom h\u00f3napokra.<\/p>","protected":false},"featured_media":16696,"comment_status":"open","ping_status":"closed","template":"","meta":{"_seopress_robots_primary_cat":"none","_seopress_titles_title":"","_seopress_titles_desc":"","_seopress_robots_index":""},"product_cat":[94],"product_tag":[1134,1121,950,919,1128,918,935,1133,1117,1131,1118,1132,1098],"class_list":{"0":"post-16700","1":"product","2":"type-product","3":"status-publish","4":"has-post-thumbnail","6":"product_cat-kontaktlencse-apoloszerek-es-szemcseppek","7":"product_tag-3-darabos-kontaktlencse-folyadek-csomag","8":"product_tag-alcon-kontaktlencse-oldat","9":"product_tag-kontaktlencse-apolo-folyadek","10":"product_tag-kontaktlencse-apoloszer","11":"product_tag-kontaktlencse-fertotlenito-oldat","12":"product_tag-kontaktlencse-folyadek","13":"product_tag-kontaktlencse-folyadek-rendeles","14":"product_tag-napi-kontaktlencse-tisztito","15":"product_tag-opti-free-replenish","16":"product_tag-opti-free-replenish-3-db-os-csomag","17":"product_tag-opti-free-replenish-355-ml","18":"product_tag-szilikon-hidrogel-kontaktlencsehez","19":"product_tag-tearglyde-technologia","21":"first","22":"instock","23":"taxable","24":"shipping-taxable","25":"purchasable","26":"product-type-simple"},"_links":{"self":[{"href":"https:\/\/eyewearstore.hu\/en\/wp-json\/wp\/v2\/product\/16700","targetHints":{"allow":["GET"]}}],"collection":[{"href":"https:\/\/eyewearstore.hu\/en\/wp-json\/wp\/v2\/product"}],"about":[{"href":"https:\/\/eyewearstore.hu\/en\/wp-json\/wp\/v2\/types\/product"}],"replies":[{"embeddable":true,"href":"https:\/\/eyewearstore.hu\/en\/wp-json\/wp\/v2\/comments?post=16700"}],"wp:featuredmedia":[{"embeddable":true,"href":"https:\/\/eyewearstore.hu\/en\/wp-json\/wp\/v2\/media\/16696"}],"wp:attachment":[{"href":"https:\/\/eyewearstore.hu\/en\/wp-json\/wp\/v2\/media?parent=16700"}],"wp:term":[{"taxonomy":"product_cat","embeddable":true,"href":"https:\/\/eyewearstore.hu\/en\/wp-json\/wp\/v2\/product_cat?post=16700"},{"taxonomy":"product_tag","embeddable":true,"href":"https:\/\/eyewearstore.hu\/en\/wp-json\/wp\/v2\/product_tag?post=16700"}],"curies":[{"name":"wp","href":"https:\/\/api.w.org\/{rel}","templated":true}]}}