
{"id":16699,"date":"2025-07-07T17:46:22","date_gmt":"2025-07-07T15:46:22","guid":{"rendered":"https:\/\/eyewearstore.hu\/?post_type=product&#038;p=16699"},"modified":"2026-03-17T19:46:32","modified_gmt":"2026-03-17T18:46:32","slug":"opti-free-replenish-2db-kontaktlencse-folyadek-tokkal-2x300ml","status":"publish","type":"product","link":"https:\/\/eyewearstore.hu\/en\/product\/opti-free-replenish-2db-kontaktlencse-folyadek-tokkal-2x300ml\/","title":{"rendered":"Opti-Free Replenish 2db kontaktlencse folyad\u00e9k tokkal (2x300ml)"},"content":{"rendered":"<p data-start=\"235\" data-end=\"274\"><\/p>\n<p data-start=\"663\" data-end=\"909\">Az <strong data-start=\"666\" data-end=\"722\">Opti-Free Replenish kontaktlencse-\u00e1pol\u00f3szer 2\u00d7355 ml<\/strong> kiszerel\u00e9s ide\u00e1lis v\u00e1laszt\u00e1s azoknak, akik napi rendszeress\u00e9ggel haszn\u00e1lnak puha vagy szilikon-hidrog\u00e9l lencs\u00e9t, \u00e9s szeretn\u00e9k biztos\u00edtani a hosszan tart\u00f3 komfortot \u00e9s higi\u00e9niai v\u00e9delmet.<\/p>\n<p data-start=\"911\" data-end=\"947\">Ez az all-in-one oldat megb\u00edzhat\u00f3an:<\/p>\n<ul data-start=\"949\" data-end=\"1141\">\n<li data-start=\"949\" data-end=\"987\">\n<p data-start=\"951\" data-end=\"987\"><strong data-start=\"951\" data-end=\"964\">tiszt\u00edtja<\/strong> a lencs\u00e9k fel\u00fclet\u00e9t,<\/p>\n<\/li>\n<li data-start=\"988\" data-end=\"1037\">\n<p data-start=\"990\" data-end=\"1037\"><strong data-start=\"990\" data-end=\"1006\">fert\u0151tlen\u00edti<\/strong> a bakt\u00e9riumokt\u00f3l, gomb\u00e1kt\u00f3l,<\/p>\n<\/li>\n<li data-start=\"1038\" data-end=\"1091\">\n<p data-start=\"1040\" data-end=\"1091\"><strong data-start=\"1040\" data-end=\"1076\">meghosszabb\u00edtja a hidrat\u00e1lts\u00e1got<\/strong> a nap sor\u00e1n,<\/p>\n<\/li>\n<li data-start=\"1092\" data-end=\"1141\">\n<p data-start=\"1094\" data-end=\"1141\">\u00e9s <strong data-start=\"1097\" data-end=\"1119\">alkalmas t\u00e1rol\u00e1sra<\/strong> is, ak\u00e1r \u00e9jszak\u00e1n \u00e1t.<\/p>\n<\/li>\n<\/ul>\n<p data-start=\"1143\" data-end=\"1352\">A k\u00e9sz\u00edtm\u00e9ny kett\u0151s fert\u0151tlen\u00edt\u0151 rendszerrel (POLYQUAD\u00ae + ALDOX\u00ae) m\u0171k\u00f6dik, mik\u00f6zben a be\u00e9p\u00edtett <strong data-start=\"1239\" data-end=\"1275\">TearGlyde\u00ae hidrat\u00e1l\u00f3 technol\u00f3gia<\/strong> gondoskodik r\u00f3la, hogy a lencs\u00e9k visel\u00e9se a nap v\u00e9g\u00e9n is k\u00e9nyelmes maradjon.<\/p>\n<p data-start=\"1354\" data-end=\"1492\">A 2 db-os csomag praktikus, ha szeretn\u00e9l egy flakont tartani otthon, egyet pedig utaz\u00e1shoz, munkahelyre, vagy csal\u00e1don bel\u00fcli megoszt\u00e1sra.<\/p>\n<hr data-start=\"1494\" data-end=\"1497\" \/>\n<h3 data-start=\"1499\" data-end=\"1512\">\u2b50 El\u0151ny\u00f6k<\/h3>\n<ul data-start=\"1514\" data-end=\"1794\">\n<li data-start=\"1514\" data-end=\"1578\">\n<p data-start=\"1516\" data-end=\"1578\">Minden egyben: tiszt\u00edt\u00e1s, fert\u0151tlen\u00edt\u00e9s, hidrat\u00e1l\u00e1s, t\u00e1rol\u00e1s<\/p>\n<\/li>\n<li data-start=\"1579\" data-end=\"1633\">\n<p data-start=\"1581\" data-end=\"1633\">TearGlyde\u00ae technol\u00f3gia a hosszan tart\u00f3 k\u00e9nyelem\u00e9rt<\/p>\n<\/li>\n<li data-start=\"1634\" data-end=\"1679\">\n<p data-start=\"1636\" data-end=\"1679\">POLYQUAD\u00ae + ALDOX\u00ae \u2013 kett\u0151s fert\u0151tlen\u00edt\u00e9s<\/p>\n<\/li>\n<li data-start=\"1680\" data-end=\"1746\">\n<p data-start=\"1682\" data-end=\"1746\">Kompatibilis minden puha \u00e9s szilikon-hidrog\u00e9l kontaktlencs\u00e9vel<\/p>\n<\/li>\n<li data-start=\"1747\" data-end=\"1794\">\n<p data-start=\"1749\" data-end=\"1794\">2\u00d7355 ml kiszerel\u00e9s \u2013 gazdas\u00e1gos \u00e9s praktikus<\/p>\n<\/li>\n<\/ul>\n<hr data-start=\"1796\" data-end=\"1799\" \/>\n<h3 data-start=\"1801\" data-end=\"1827\">\ud83d\udccb Haszn\u00e1lati utas\u00edt\u00e1s<\/h3>\n<ol data-start=\"1829\" data-end=\"2276\">\n<li data-start=\"1829\" data-end=\"1845\">\n<p data-start=\"1832\" data-end=\"1845\">Moss kezet.<\/p>\n<\/li>\n<li data-start=\"1846\" data-end=\"1939\">\n<p data-start=\"1849\" data-end=\"1939\">Nedves\u00edtsd meg a lencs\u00e9t friss oldattal, majd d\u00f6rzs\u00f6ld \u00e1t ujjbeggyel kb. 20 m\u00e1sodpercig.<\/p>\n<\/li>\n<li data-start=\"1940\" data-end=\"1997\">\n<p data-start=\"1943\" data-end=\"1997\">\u00d6bl\u00edtsd le a lencs\u00e9t mindk\u00e9t oldal\u00e1n 10 m\u00e1sodpercig.<\/p>\n<\/li>\n<li data-start=\"1998\" data-end=\"2061\">\n<p data-start=\"2001\" data-end=\"2061\">Helyezd a lencs\u00e9t a tart\u00f3ba, \u00e9s t\u00f6ltsd fel friss oldattal.<\/p>\n<\/li>\n<li data-start=\"2062\" data-end=\"2113\">\n<p data-start=\"2065\" data-end=\"2113\">Hagyd \u00e1zni legal\u00e1bb 6 \u00f3r\u00e1n \u00e1t (pl. \u00e9jszak\u00e1ra).<\/p>\n<\/li>\n<li data-start=\"2114\" data-end=\"2169\">\n<p data-start=\"2117\" data-end=\"2169\">Reggel vedd ki, \u00f6bl\u00edtsd \u00e1t, \u00e9s m\u00e1ris haszn\u00e1lhatod.<\/p>\n<\/li>\n<li data-start=\"2170\" data-end=\"2218\">\n<p data-start=\"2173\" data-end=\"2218\">Haszn\u00e1lat ut\u00e1n az oldatot ne haszn\u00e1ld \u00fajra.<\/p>\n<\/li>\n<li data-start=\"2219\" data-end=\"2276\">\n<p data-start=\"2222\" data-end=\"2276\">A flakont felbont\u00e1s ut\u00e1n 6 h\u00f3napon bel\u00fcl haszn\u00e1ld fel.<\/p>\n<\/li>\n<\/ol>\n<hr data-start=\"2278\" data-end=\"2281\" \/>\n<h3 data-start=\"2283\" data-end=\"2310\">\ud83d\udd12 T\u00e1rol\u00e1s \u00e9s biztons\u00e1g<\/h3>\n<ul data-start=\"2312\" data-end=\"2482\">\n<li data-start=\"2312\" data-end=\"2367\">\n<p data-start=\"2314\" data-end=\"2367\">T\u00e1rold szobah\u0151m\u00e9rs\u00e9kleten, napf\u00e9nyt\u0151l v\u00e9dett helyen<\/p>\n<\/li>\n<li data-start=\"2368\" data-end=\"2406\">\n<p data-start=\"2370\" data-end=\"2406\">Ne cseppentsd k\u00f6zvetlen\u00fcl a szembe<\/p>\n<\/li>\n<li data-start=\"2407\" data-end=\"2450\">\n<p data-start=\"2409\" data-end=\"2450\">Ne h\u00edg\u00edtsd vagy \u00f6ntsd \u00e1t m\u00e1sik flakonba<\/p>\n<\/li>\n<li data-start=\"2451\" data-end=\"2482\">\n<p data-start=\"2453\" data-end=\"2482\">Gyermekekt\u0151l elz\u00e1rva tartand\u00f3<\/p>\n<\/li>\n<\/ul>\n<hr data-start=\"2484\" data-end=\"2487\" \/>\n<p data-start=\"2489\" data-end=\"2651\">Az <strong data-start=\"2492\" data-end=\"2530\">Opti-Free Replenish 2 db-os csomag<\/strong> megb\u00edzhat\u00f3 \u00e9s gazdas\u00e1gos v\u00e1laszt\u00e1s, ha biztos\u00edtani szeretn\u00e9d a lencs\u00e9id tisztas\u00e1g\u00e1t \u00e9s a k\u00e9nyelmes viseletet minden nap.<\/p>","protected":false},"excerpt":{"rendered":"<p data-start=\"274\" data-end=\"635\">Az Opti-Free Replenish 2 db-os csomag k\u00e9nyelmes megold\u00e1s, ha hosszabb t\u00e1vra keresel hat\u00e9kony \u00e9s k\u00e9nyelmes kontaktlencse-\u00e1pol\u00e1st. Ez az all-in-one folyad\u00e9k egyszerre tiszt\u00edt, fert\u0151tlen\u00edt, t\u00e1rol \u00e9s hidrat\u00e1l \u2013 minden egy l\u00e9p\u00e9sben. A TearGlyde\u00ae rendszer seg\u00edt abban, hogy lencs\u00e9d eg\u00e9sz nap friss \u00e9s k\u00e9nyelmes maradjon. K\u00e9t flakon, t\u00f6bb h\u00f3napnyi gondtalan haszn\u00e1lat.<\/p>","protected":false},"featured_media":16695,"comment_status":"open","ping_status":"closed","template":"","meta":{"_seopress_robots_primary_cat":"none","_seopress_titles_title":"","_seopress_titles_desc":"","_seopress_robots_index":""},"product_cat":[94],"product_tag":[1121,1107,919,1128,918,935,1130,1129,1117,1127,1118,1109,1098],"class_list":{"0":"post-16699","1":"product","2":"type-product","3":"status-publish","4":"has-post-thumbnail","6":"product_cat-kontaktlencse-apoloszerek-es-szemcseppek","7":"product_tag-alcon-kontaktlencse-oldat","8":"product_tag-all-in-one-kontaktlencse-folyadek","9":"product_tag-kontaktlencse-apoloszer","10":"product_tag-kontaktlencse-fertotlenito-oldat","11":"product_tag-kontaktlencse-folyadek","12":"product_tag-kontaktlencse-folyadek-rendeles","13":"product_tag-kontaktlencse-oldat-ar","14":"product_tag-kontaktlencse-tisztito-folyadek","15":"product_tag-opti-free-replenish","16":"product_tag-opti-free-replenish-2-db-os-csomag","17":"product_tag-opti-free-replenish-355-ml","18":"product_tag-szilikon-hidrogel-lencsehez","19":"product_tag-tearglyde-technologia","21":"first","22":"instock","23":"taxable","24":"shipping-taxable","25":"purchasable","26":"product-type-simple"},"_links":{"self":[{"href":"https:\/\/eyewearstore.hu\/en\/wp-json\/wp\/v2\/product\/16699","targetHints":{"allow":["GET"]}}],"collection":[{"href":"https:\/\/eyewearstore.hu\/en\/wp-json\/wp\/v2\/product"}],"about":[{"href":"https:\/\/eyewearstore.hu\/en\/wp-json\/wp\/v2\/types\/product"}],"replies":[{"embeddable":true,"href":"https:\/\/eyewearstore.hu\/en\/wp-json\/wp\/v2\/comments?post=16699"}],"wp:featuredmedia":[{"embeddable":true,"href":"https:\/\/eyewearstore.hu\/en\/wp-json\/wp\/v2\/media\/16695"}],"wp:attachment":[{"href":"https:\/\/eyewearstore.hu\/en\/wp-json\/wp\/v2\/media?parent=16699"}],"wp:term":[{"taxonomy":"product_cat","embeddable":true,"href":"https:\/\/eyewearstore.hu\/en\/wp-json\/wp\/v2\/product_cat?post=16699"},{"taxonomy":"product_tag","embeddable":true,"href":"https:\/\/eyewearstore.hu\/en\/wp-json\/wp\/v2\/product_tag?post=16699"}],"curies":[{"name":"wp","href":"https:\/\/api.w.org\/{rel}","templated":true}]}}