
{"id":16687,"date":"2025-07-07T15:25:26","date_gmt":"2025-07-07T13:25:26","guid":{"rendered":"https:\/\/eyewearstore.hu\/?post_type=product&#038;p=16687"},"modified":"2025-08-01T16:03:01","modified_gmt":"2025-08-01T14:03:01","slug":"ote-twins-active-3db-kontaktlencse-apoloszer-3x360-ml","status":"publish","type":"product","link":"https:\/\/eyewearstore.hu\/en\/product\/ote-twins-active-3db-kontaktlencse-apoloszer-3x360-ml\/","title":{"rendered":"Ot\u00e9 Twins\u202fActive 3db kontaktlencse \u00e1pol\u00f3szer (3\u00d7360\u202fml)"},"content":{"rendered":"<p data-start=\"874\" data-end=\"1179\"><\/p>\n<p data-start=\"874\" data-end=\"1179\">Az <strong data-start=\"877\" data-end=\"921\">Ot\u00e9 Twins Active kontaktlencse \u00e1pol\u00f3szer<\/strong> teljes k\u00f6r\u0171, k\u00e9nyelmes megold\u00e1s a <strong data-start=\"956\" data-end=\"1019\">puha kontaktlencs\u00e9k napi tiszt\u00edt\u00e1s\u00e1hoz \u00e9s fert\u0151tlen\u00edt\u00e9s\u00e9hez<\/strong>. Speci\u00e1lis formul\u00e1ja hat\u00e9konyan elt\u00e1vol\u00edtja a feh\u00e9rje- \u00e9s lipidlerak\u00f3d\u00e1sokat, mik\u00f6zben fert\u0151tlen\u00edti \u00e9s k\u00edm\u00e9letesen meg\u0151rzi a lencs\u00e9k k\u00e9nyelm\u00e9t \u00e9s frissess\u00e9g\u00e9t.<\/p>\n<p data-start=\"1181\" data-end=\"1441\">A <strong data-start=\"1183\" data-end=\"1201\">3 db-os csomag<\/strong> h\u00e1rom darab 360 ml-es flakont \u00e9s h\u00e1rom lencsetart\u00f3t tartalmaz, \u00edgy t\u00f6bb helyre is elhelyezhet\u0151, vagy hosszabb id\u0151re elegend\u0151 mennyis\u00e9get biztos\u00edt. Ide\u00e1lis otthoni haszn\u00e1latra, utaz\u00e1shoz, vagy ak\u00e1r ha t\u00f6bb csal\u00e1dtag is kontaktlencs\u00e9t visel.<\/p>\n<p data-start=\"1443\" data-end=\"1738\">Az Ot\u00e9 Twins Active haszn\u00e1lata egyszer\u0171 \u00e9s praktikus: <strong data-start=\"1497\" data-end=\"1569\">nincs sz\u00fcks\u00e9g mechanikus d\u00f6rzs\u00f6l\u00e9sre vagy k\u00fcl\u00f6n tiszt\u00edt\u00e1si l\u00e9p\u00e9sekre<\/strong> \u2013 a lencs\u00e9t csak az oldatba kell helyezni, \u00e9s <strong data-start=\"1616\" data-end=\"1646\">legal\u00e1bb 4 \u00f3r\u00e1n \u00e1t \u00e1ztatni<\/strong> a lencsetart\u00f3ban. Reggelre friss, tiszta \u00e9s k\u00e9nyelmes viselet\u0171 kontaktlencs\u00e9t kapsz vissza.<\/p>\n<hr data-start=\"1740\" data-end=\"1743\" \/>\n<h3 data-start=\"1745\" data-end=\"1784\">\u2b50 <strong data-start=\"1751\" data-end=\"1784\">El\u0151ny\u00f6k, amiket im\u00e1dni fogsz:<\/strong><\/h3>\n<ul data-start=\"1785\" data-end=\"2036\">\n<li data-start=\"1785\" data-end=\"1834\">\n<p data-start=\"1787\" data-end=\"1834\">All-in-one oldat: tiszt\u00edt, fert\u0151tlen\u00edt, t\u00e1rol<\/p>\n<\/li>\n<li data-start=\"1835\" data-end=\"1881\">\n<p data-start=\"1837\" data-end=\"1881\">Feh\u00e9rje- \u00e9s zs\u00edrszennyez\u0151d\u00e9st is elt\u00e1vol\u00edt<\/p>\n<\/li>\n<li data-start=\"1882\" data-end=\"1935\">\n<p data-start=\"1884\" data-end=\"1935\">K\u00edm\u00e9letes a lencs\u00e9hez, friss \u00e9rz\u00e9st ad visel\u00e9skor<\/p>\n<\/li>\n<li data-start=\"1936\" data-end=\"1994\">\n<p data-start=\"1938\" data-end=\"1994\">3\u00d7360 ml + 3 lencsetart\u00f3 \u2013 hosszabb t\u00e1vra, t\u00f6bb helyre<\/p>\n<\/li>\n<li data-start=\"1995\" data-end=\"2036\">\n<p data-start=\"1997\" data-end=\"2036\">K\u00e9nyelmes, \u00e9jszakai \u00e1ztat\u00e1sos haszn\u00e1lat<\/p>\n<\/li>\n<\/ul>\n<hr data-start=\"2038\" data-end=\"2041\" \/>\n<h3 data-start=\"2043\" data-end=\"2074\">\ud83d\udccb <strong data-start=\"2050\" data-end=\"2074\">Haszn\u00e1lati utas\u00edt\u00e1s:<\/strong><\/h3>\n<ol data-start=\"2075\" data-end=\"2490\">\n<li data-start=\"2075\" data-end=\"2120\">\n<p data-start=\"2078\" data-end=\"2120\">Tiszt\u00edtsd meg a kezed \u00e9s a lencsetart\u00f3t.<\/p>\n<\/li>\n<li data-start=\"2121\" data-end=\"2177\">\n<p data-start=\"2124\" data-end=\"2177\">Helyezd a kontaktlencs\u00e9t a tart\u00f3 megfelel\u0151 r\u00e9sz\u00e9be.<\/p>\n<\/li>\n<li data-start=\"2178\" data-end=\"2226\">\n<p data-start=\"2181\" data-end=\"2226\">T\u00f6ltsd fel friss Ot\u00e9 Twins Active oldattal.<\/p>\n<\/li>\n<li data-start=\"2227\" data-end=\"2290\">\n<p data-start=\"2230\" data-end=\"2290\">Hagyd \u00e1zni a lencs\u00e9t legal\u00e1bb <strong data-start=\"2260\" data-end=\"2273\">4 \u00f3r\u00e1n \u00e1t<\/strong> (pl. \u00e9jszaka).<\/p>\n<\/li>\n<li data-start=\"2291\" data-end=\"2385\">\n<p data-start=\"2294\" data-end=\"2385\">Reggel vedd ki, \u00e9s opcion\u00e1lisan \u00f6bl\u00edtsd le friss oldattal a lencs\u00e9t, miel\u0151tt felhelyezed.<\/p>\n<\/li>\n<li data-start=\"2386\" data-end=\"2431\">\n<p data-start=\"2389\" data-end=\"2431\">Ne haszn\u00e1ld \u00fajra a m\u00e1r haszn\u00e1lt oldatot.<\/p>\n<\/li>\n<li data-start=\"2432\" data-end=\"2490\">\n<p data-start=\"2435\" data-end=\"2490\">Nyit\u00e1s ut\u00e1n <strong data-start=\"2447\" data-end=\"2466\">4 h\u00f3napon bel\u00fcl<\/strong> haszn\u00e1ld fel a flakont.<\/p>\n<\/li>\n<\/ol>\n<hr data-start=\"2492\" data-end=\"2495\" \/>\n<h3 data-start=\"2497\" data-end=\"2529\">\ud83d\udd12 <strong data-start=\"2504\" data-end=\"2529\">T\u00e1rol\u00e1s \u00e9s biztons\u00e1g:<\/strong><\/h3>\n<ul data-start=\"2530\" data-end=\"2706\">\n<li data-start=\"2530\" data-end=\"2577\">\n<p data-start=\"2532\" data-end=\"2577\">Szobah\u0151m\u00e9rs\u00e9kleten, napf\u00e9nyt\u0151l v\u00e9dve t\u00e1rold<\/p>\n<\/li>\n<li data-start=\"2578\" data-end=\"2625\">\n<p data-start=\"2580\" data-end=\"2625\">A flakont minden haszn\u00e1lat ut\u00e1n z\u00e1rd vissza<\/p>\n<\/li>\n<li data-start=\"2626\" data-end=\"2674\">\n<p data-start=\"2628\" data-end=\"2674\">Csak k\u00fcls\u0151 haszn\u00e1latra \u2013 szembe ne ker\u00fclj\u00f6n!<\/p>\n<\/li>\n<li data-start=\"2675\" data-end=\"2706\">\n<p data-start=\"2677\" data-end=\"2706\">Gyermekekt\u0151l elz\u00e1rva tartand\u00f3<\/p>\n<\/li>\n<\/ul>\n<hr data-start=\"2708\" data-end=\"2711\" \/>\n<p data-start=\"2713\" data-end=\"2884\">A <strong data-start=\"2715\" data-end=\"2750\">Ot\u00e9 Twins Active 3 db-os csomag<\/strong> k\u00e9nyelmes, megb\u00edzhat\u00f3 \u00e9s higi\u00e9nikus megold\u00e1s a kontaktlencs\u00e9k napi \u00e1pol\u00e1s\u00e1hoz \u2013 minden reggel tiszta, k\u00e9nyelmes lencs\u00e9vel indulhatsz!<\/p>","protected":false},"excerpt":{"rendered":"<p data-start=\"467\" data-end=\"841\">Az Ot\u00e9 Twins Active 3 db-os csomag ide\u00e1lis, ha napi szinten viseled a kontaktlencs\u00e9d. Ez az all\u2011in\u2011one \u00e1pol\u00f3szer hat\u00e9konyan tiszt\u00edt, fert\u0151tlen\u00edt \u00e9s seg\u00edt elt\u00e1vol\u00edtani a feh\u00e9rje- \u00e9s zs\u00edrszennyez\u0151d\u00e9seket a lencs\u00e9kr\u0151l \u2013 mindezt k\u00e9nyelmesen, <strong data-start=\"705\" data-end=\"731\">\u00e9jszakai \u00e1ztat\u00e1s sor\u00e1n<\/strong>. A 3\u00d7360 ml-es kiszerel\u00e9s h\u00e1rom lencsetart\u00f3val \u00e9rkezik, \u00edgy otthonra, utaz\u00e1shoz vagy tartal\u00e9kba is t\u00f6k\u00e9letes.<\/p>","protected":false},"featured_media":16688,"comment_status":"open","ping_status":"closed","template":"","meta":{"_seopress_robots_primary_cat":"none","_seopress_titles_title":"","_seopress_titles_desc":"","_seopress_robots_index":""},"product_cat":[94],"product_tag":[1090,1091,1086,1088,919,1087,1092,1084,1085,1094,937,1093,1089],"class_list":{"0":"post-16687","1":"product","2":"type-product","3":"status-publish","4":"has-post-thumbnail","6":"product_cat-kontaktlencse-apoloszerek-es-szemcseppek","7":"product_tag-3-db-os-csomag","8":"product_tag-3x360-ml","9":"product_tag-all-in-one-oldat","10":"product_tag-feherje-eltavolito","11":"product_tag-kontaktlencse-apoloszer","12":"product_tag-kontaktlencse-fertotlenites","13":"product_tag-lencsetartoval","14":"product_tag-lencsetisztito-oldat","15":"product_tag-napi-apolas","16":"product_tag-ote-oldat","17":"product_tag-ote-twins-active","18":"product_tag-puha-kontaktlencsehez","19":"product_tag-zsiroldo-lencseapolas","21":"first","22":"instock","23":"taxable","24":"shipping-taxable","25":"purchasable","26":"product-type-simple"},"_links":{"self":[{"href":"https:\/\/eyewearstore.hu\/en\/wp-json\/wp\/v2\/product\/16687","targetHints":{"allow":["GET"]}}],"collection":[{"href":"https:\/\/eyewearstore.hu\/en\/wp-json\/wp\/v2\/product"}],"about":[{"href":"https:\/\/eyewearstore.hu\/en\/wp-json\/wp\/v2\/types\/product"}],"replies":[{"embeddable":true,"href":"https:\/\/eyewearstore.hu\/en\/wp-json\/wp\/v2\/comments?post=16687"}],"wp:featuredmedia":[{"embeddable":true,"href":"https:\/\/eyewearstore.hu\/en\/wp-json\/wp\/v2\/media\/16688"}],"wp:attachment":[{"href":"https:\/\/eyewearstore.hu\/en\/wp-json\/wp\/v2\/media?parent=16687"}],"wp:term":[{"taxonomy":"product_cat","embeddable":true,"href":"https:\/\/eyewearstore.hu\/en\/wp-json\/wp\/v2\/product_cat?post=16687"},{"taxonomy":"product_tag","embeddable":true,"href":"https:\/\/eyewearstore.hu\/en\/wp-json\/wp\/v2\/product_tag?post=16687"}],"curies":[{"name":"wp","href":"https:\/\/api.w.org\/{rel}","templated":true}]}}