
{"id":16683,"date":"2025-07-07T15:02:26","date_gmt":"2025-07-07T13:02:26","guid":{"rendered":"https:\/\/eyewearstore.hu\/?post_type=product&#038;p=16683"},"modified":"2026-03-17T19:31:26","modified_gmt":"2026-03-17T18:31:26","slug":"systane-balance-3db-szemcsepp-3x10ml","status":"publish","type":"product","link":"https:\/\/eyewearstore.hu\/en\/product\/systane-balance-3db-szemcsepp-3x10ml\/","title":{"rendered":"Systane Balance 3db szemcsepp (3x10ml)"},"content":{"rendered":"<p data-start=\"415\" data-end=\"491\"><span class=\"relative -mx-px my-[-0.2rem] rounded px-px py-[0.2rem] transition-colors duration-100 ease-in-out\">A <strong data-start=\"2\" data-end=\"36\">Systane Balance 3 db-os csomag<\/strong> azoknak aj\u00e1nlott, akik rendszeresen sz\u00e1molnak a sz\u00e1raz, mintha homok lenne a szem\u00e9ben \u00e9rz\u00e9ssel, ami \u00e9g\u0151, viszket\u0151 \u00e9rz\u00e9ssel, piross\u00e1ggal vagy f\u00e1radts\u00e1ggal j\u00e1r. Ez a szemcsepp nemcsak hidrat\u00e1l, hanem <strong data-start=\"235\" data-end=\"284\">p\u00f3tl\u00f3lag regener\u00e1lja a k\u00f6nnyfilm lipidr\u00e9teg\u00e9t<\/strong>, stabiliz\u00e1lva ezzel a k\u00f6nnyr\u00e9teget \u00e9s cs\u00f6kkentve az elp\u00e1rolg\u00e1st.<\/span><\/p>\n<p data-start=\"493\" data-end=\"530\"><span class=\"relative -mx-px my-[-0.2rem] rounded px-px py-[0.2rem] transition-colors duration-100 ease-in-out\">Szemed \u00edgy frissebb, komfortosabb, kev\u00e9sb\u00e9 \u00e9rzi \u00e9rz\u00e9kenynek \u2014 k\u00fcl\u00f6n\u00f6sen ha sokat dolgozol monitor el\u0151tt, vagy kl\u00edm\u00e1s, p\u00e1r\u00e1s k\u00f6rnyezetben tart\u00f3zkodsz.<\/span><\/p>\n<p data-start=\"532\" data-end=\"754\"><strong data-start=\"532\" data-end=\"549\">Fontos tudni:<\/strong> kontaktlencse visel\u00e9se k\u00f6zben <strong data-start=\"580\" data-end=\"599\">nem haszn\u00e1lhat\u00f3<\/strong>, viszont megel\u0151z\u0151en \u00e9s a lencse kiv\u00e9tele ut\u00e1n <strong data-start=\"646\" data-end=\"675\">1-2 cseppet cseppenthetsz<\/strong> a szembe \u2014 a tiszta, friss komfort\u00e9rt .<\/p>\n<p data-start=\"756\" data-end=\"795\"><span class=\"relative -mx-px my-[-0.2rem] rounded px-px py-[0.2rem] transition-colors duration-100 ease-in-out\">A csomag h\u00e1rom kis flakont tartalmaz, amelyek k\u00f6z\u00fcl mindig k\u00e9zn\u00e9l lehet egy \u2014 otthon, t\u00e1sk\u00e1ban, munkahelyen \u2014 \u00edgy biztos, hogy nem v\u00e1gsz ki a komfort\u00e9rzetb\u0151l.<\/span><\/p>\n<hr data-start=\"797\" data-end=\"800\" \/>\n<h3 data-start=\"802\" data-end=\"820\">\u2b50 <strong data-start=\"808\" data-end=\"820\">El\u0151ny\u00f6k:<\/strong><\/h3>\n<ul data-start=\"821\" data-end=\"1118\">\n<li data-start=\"821\" data-end=\"904\">\n<p data-start=\"823\" data-end=\"904\"><span class=\"relative -mx-px my-[-0.2rem] rounded px-px py-[0.2rem] transition-colors duration-100 ease-in-out\">Lipidr\u00e9teg regener\u00e1l\u00e1s \u2013 tart\u00f3s v\u00e9delem a szemsz\u00e1razs\u00e1g ellen<\/span><\/p>\n<\/li>\n<li data-start=\"905\" data-end=\"948\">\n<p data-start=\"907\" data-end=\"948\"><span class=\"relative -mx-px my-[-0.2rem] rounded px-px py-[0.2rem] transition-colors duration-100 ease-in-out\">Cs\u00f6kkenti az irrit\u00e1ci\u00f3t, \u00e9get\u0151 \u00e9rz\u00e9st<\/span><\/p>\n<\/li>\n<li data-start=\"949\" data-end=\"1032\">\n<p data-start=\"951\" data-end=\"1032\"><span class=\"relative -mx-px my-[-0.2rem] rounded px-px py-[0.2rem] transition-colors duration-100 ease-in-out\">Kompatibilis kontaktlencs\u00e9vel \u2013 <strong data-start=\"32\" data-end=\"51\">el\u0151tte \u00e9s ut\u00e1na<\/strong>, nem k\u00f6zben<\/span><\/p>\n<\/li>\n<li data-start=\"1033\" data-end=\"1076\">\n<p data-start=\"1035\" data-end=\"1076\"><span class=\"relative -mx-px my-[-0.2rem] rounded px-px py-[0.2rem] transition-colors duration-100 ease-in-out\">Utaz\u00e1shoz, irod\u00e1ba, t\u00e1sk\u00e1ba is praktikus h\u00e1rom flakon<\/span><\/p>\n<\/li>\n<li data-start=\"1077\" data-end=\"1118\">\n<p data-start=\"1079\" data-end=\"1118\"><span class=\"relative -mx-px my-[-0.2rem] rounded px-px py-[0.2rem] transition-colors duration-100 ease-in-out\">Hat\u00e9kony, m\u00e9gis k\u00edm\u00e9letes formula<\/span><\/p>\n<\/li>\n<\/ul>\n<hr data-start=\"1120\" data-end=\"1123\" \/>\n<h3 data-start=\"1125\" data-end=\"1156\">\ud83d\udccb <strong data-start=\"1132\" data-end=\"1156\">Haszn\u00e1lati utas\u00edt\u00e1s:<\/strong><\/h3>\n<ol data-start=\"1157\" data-end=\"1465\">\n<li data-start=\"1157\" data-end=\"1201\">\n<p data-start=\"1160\" data-end=\"1201\"><span class=\"relative -mx-px my-[-0.2rem] rounded px-px py-[0.2rem] transition-colors duration-100 ease-in-out\">Miel\u0151tt hozz\u00e1\u00e9rn\u00e9l, alaposan mosd meg a kezed.<\/span><\/p>\n<\/li>\n<li data-start=\"1202\" data-end=\"1246\">\n<p data-start=\"1205\" data-end=\"1246\"><span class=\"relative -mx-px my-[-0.2rem] rounded px-px py-[0.2rem] transition-colors duration-100 ease-in-out\">R\u00e1zd fel a flakont, hogy az olaj- \u00e9s vizes f\u00e1zis j\u00f3l elegyedjen.<\/span><\/p>\n<\/li>\n<li data-start=\"1247\" data-end=\"1291\">\n<p data-start=\"1250\" data-end=\"1291\"><span class=\"relative -mx-px my-[-0.2rem] rounded px-px py-[0.2rem] transition-colors duration-100 ease-in-out\">Cseppents be <strong data-start=\"13\" data-end=\"28\">1\u20132 cseppet<\/strong> a szembe.<\/span><\/p>\n<\/li>\n<li data-start=\"1292\" data-end=\"1336\">\n<p data-start=\"1295\" data-end=\"1336\"><span class=\"relative -mx-px my-[-0.2rem] rounded px-px py-[0.2rem] transition-colors duration-100 ease-in-out\">Nyomd \u00f6ssze, \u00e9s pislogj t\u00f6bbsz\u00f6r, hogy az oldat eloszoljon.<\/span><\/p>\n<\/li>\n<li data-start=\"1337\" data-end=\"1422\">\n<p data-start=\"1340\" data-end=\"1422\"><span class=\"relative -mx-px my-[-0.2rem] rounded px-px py-[0.2rem] transition-colors duration-100 ease-in-out\"><strong data-start=\"0\" data-end=\"36\" data-is-only-node=\"\">Kontaktlencse haszn\u00e1lata eset\u00e9n:<\/strong> el\u0151bb vedd ki, cseppents, majd <strong data-start=\"68\" data-end=\"99\">legal\u00e1bb 15 perc eltelt\u00e9vel<\/strong> helyezd vissza a lencs\u00e9t<\/span><\/p>\n<\/li>\n<li data-start=\"1423\" data-end=\"1465\">\n<p data-start=\"1426\" data-end=\"1465\"><span class=\"relative -mx-px my-[-0.2rem] rounded px-px py-[0.2rem] transition-colors duration-100 ease-in-out\">Haszn\u00e1lhatod naponta t\u00f6bbsz\u00f6r is, ha sz\u00fcks\u00e9ges.<\/span><\/p>\n<\/li>\n<\/ol>\n<hr data-start=\"1467\" data-end=\"1470\" \/>\n<h3 data-start=\"1472\" data-end=\"1517\">\ud83d\udd12 <strong data-start=\"1479\" data-end=\"1517\">T\u00e1rol\u00e1s \u00e9s biztons\u00e1gi inform\u00e1ci\u00f3k:<\/strong><\/h3>\n<ul data-start=\"1518\" data-end=\"1740\">\n<li data-start=\"1518\" data-end=\"1561\">\n<p data-start=\"1520\" data-end=\"1561\"><span class=\"relative -mx-px my-[-0.2rem] rounded px-px py-[0.2rem] transition-colors duration-100 ease-in-out\">Sz\u00e1raz, h\u0171v\u00f6s k\u00f6rnyezetben t\u00e1rold<\/span><\/p>\n<\/li>\n<li data-start=\"1562\" data-end=\"1645\">\n<p data-start=\"1564\" data-end=\"1645\"><span class=\"relative -mx-px my-[-0.2rem] rounded px-px py-[0.2rem] transition-colors duration-100 ease-in-out\"><strong data-start=\"0\" data-end=\"47\" data-is-last-node=\"\" data-is-only-node=\"\">Felbont\u00e1s ut\u00e1n 6 h\u00f3napon bel\u00fcl haszn\u00e1ld fel<\/strong><\/span><\/p>\n<\/li>\n<li data-start=\"1562\" data-end=\"1645\">\n<p data-start=\"1564\" data-end=\"1645\">Ne alkalmazd lej\u00e1rati id\u0151n t\u00fal<\/p>\n<\/li>\n<li data-start=\"1681\" data-end=\"1710\">\n<p data-start=\"1683\" data-end=\"1710\">Gyermekekt\u0151l t\u00e1vol tartsd<\/p>\n<\/li>\n<li data-start=\"1711\" data-end=\"1740\">\n<p data-start=\"1713\" data-end=\"1740\">Csak k\u00fcls\u0151leges haszn\u00e1latra<\/p>\n<\/li>\n<\/ul>\n<hr data-start=\"1742\" data-end=\"1745\" \/>\n<p data-start=\"1747\" data-end=\"1963\">Ez a <strong data-start=\"1752\" data-end=\"1786\">Systane Balance 3 db-os csomag<\/strong> mindig k\u00e9zn\u00e9l van, ha sz\u00fcks\u00e9ged van hidrat\u00e1l\u00e1sra vagy a k\u00f6nnyfilm lipidr\u00e9teg\u00e9nek t\u00e1mogat\u00e1s\u00e1ra. Egy hat\u00e9kony \u00e9s praktikus megold\u00e1s a komfortos l\u00e1t\u00e1s\u00e9rt \u2014 kompromisszumok n\u00e9lk\u00fcl.<\/p>","protected":false},"excerpt":{"rendered":"<p>A Systane Balance 3 darabos csomag ide\u00e1lis, ha sz\u00e1raz, irrit\u00e1lt vagy f\u00e1radt a szemed. Ez a k\u00fcl\u00f6nleges formul\u00e1s szemcsepp seg\u00edt helyre\u00e1ll\u00edtani a k\u00f6nnyfilm lipidr\u00e9teg\u00e9t, \u00edgy tart\u00f3s komfort\u00e9rzetet biztos\u00edt \u2014 m\u00e9g kontaktlencse haszn\u00e1lata el\u0151tt \u00e9s ut\u00e1n is, de <strong data-start=\"255\" data-end=\"277\">visel\u00e9s k\u00f6zben nem<\/strong>.<\/p>","protected":false},"featured_media":16685,"comment_status":"open","ping_status":"closed","template":"","meta":{"_seopress_robots_primary_cat":"none","_seopress_titles_title":"","_seopress_titles_desc":"","_seopress_robots_index":""},"product_cat":[94],"product_tag":[978,1078,1079,1075,1076,1073,1072,1074,1080,963,970,1077,931],"class_list":{"0":"post-16683","1":"product","2":"type-product","3":"status-publish","4":"has-post-thumbnail","6":"product_cat-kontaktlencse-apoloszerek-es-szemcseppek","7":"product_tag-3-darabos-csomag","8":"product_tag-6-honapos-hasznalat","9":"product_tag-friss-szemerzet","10":"product_tag-kontaktlencse-elott","11":"product_tag-kontaktlencse-utan","12":"product_tag-lipidreteg-regeneralo","13":"product_tag-systane-balance","14":"product_tag-szaraz-szem-ellen","15":"product_tag-szaraz-szemre-megoldas","16":"product_tag-szemcsepp","17":"product_tag-szemfaradtsag","18":"product_tag-tartos-jobb-komfort","19":"product_tag-utazo-kiszereles","21":"first","22":"instock","23":"taxable","24":"shipping-taxable","25":"purchasable","26":"product-type-simple"},"_links":{"self":[{"href":"https:\/\/eyewearstore.hu\/en\/wp-json\/wp\/v2\/product\/16683","targetHints":{"allow":["GET"]}}],"collection":[{"href":"https:\/\/eyewearstore.hu\/en\/wp-json\/wp\/v2\/product"}],"about":[{"href":"https:\/\/eyewearstore.hu\/en\/wp-json\/wp\/v2\/types\/product"}],"replies":[{"embeddable":true,"href":"https:\/\/eyewearstore.hu\/en\/wp-json\/wp\/v2\/comments?post=16683"}],"wp:featuredmedia":[{"embeddable":true,"href":"https:\/\/eyewearstore.hu\/en\/wp-json\/wp\/v2\/media\/16685"}],"wp:attachment":[{"href":"https:\/\/eyewearstore.hu\/en\/wp-json\/wp\/v2\/media?parent=16683"}],"wp:term":[{"taxonomy":"product_cat","embeddable":true,"href":"https:\/\/eyewearstore.hu\/en\/wp-json\/wp\/v2\/product_cat?post=16683"},{"taxonomy":"product_tag","embeddable":true,"href":"https:\/\/eyewearstore.hu\/en\/wp-json\/wp\/v2\/product_tag?post=16683"}],"curies":[{"name":"wp","href":"https:\/\/api.w.org\/{rel}","templated":true}]}}