
{"id":16659,"date":"2025-07-02T15:14:43","date_gmt":"2025-07-02T13:14:43","guid":{"rendered":"https:\/\/eyewearstore.hu\/?post_type=product&#038;p=16659"},"modified":"2026-03-24T20:39:11","modified_gmt":"2026-03-24T19:39:11","slug":"kek-lebego-sport-szemuvegpant","status":"publish","type":"product","link":"https:\/\/eyewearstore.hu\/en\/product\/kek-lebego-sport-szemuvegpant\/","title":{"rendered":"K\u00e9k lebeg\u0151 sport szem\u00fcvegp\u00e1nt"},"content":{"rendered":"<p data-start=\"702\" data-end=\"949\">A <strong data-start=\"704\" data-end=\"737\">k\u00e9k lebeg\u0151 sport szem\u00fcvegp\u00e1nt<\/strong> ide\u00e1lis kieg\u00e9sz\u00edt\u0151 v\u00edzparti tev\u00e9kenys\u00e9gekhez. A habszivacsos r\u00e9sz gondoskodik r\u00f3la, hogy ha lecs\u00faszna a szem\u00fcveged, az <strong data-start=\"857\" data-end=\"909\">ne s\u00fcllyedjen el, hanem lebegjen a v\u00edz felsz\u00edn\u00e9n<\/strong> \u2013 \u00edgy k\u00f6nnyed\u00e9n visszatal\u00e1lhatsz hozz\u00e1.<\/p>\n<p data-start=\"951\" data-end=\"1223\">Rugalmas kialak\u00edt\u00e1s\u00e1nak k\u00f6sz\u00f6nhet\u0151en a p\u00e1nt a legt\u00f6bb szem\u00fcvegsz\u00e1rra illeszthet\u0151. A habszivacs puha, k\u00e9nyelmes viseletet ny\u00fajt m\u00e9g hosszan tart\u00f3 mozg\u00e1s sor\u00e1n is, mik\u00f6zben megfelel\u0151en stabilan tart. Nem cs\u00faszik, nem h\u00faz, \u00edgy zavartalanul \u00e9lvezheted az akt\u00edv kikapcsol\u00f3d\u00e1st.<\/p>\n<p data-start=\"1225\" data-end=\"1396\">A <strong data-start=\"1227\" data-end=\"1246\">vil\u00e1gosk\u00e9k sz\u00edn<\/strong> seg\u00edt, hogy a p\u00e1nt j\u00f3l l\u00e1that\u00f3 maradjon a v\u00edzben \u2013 legyen sz\u00f3 strandol\u00e1sr\u00f3l, kajakoz\u00e1sr\u00f3l, SUP-r\u00f3l, vitorl\u00e1z\u00e1sr\u00f3l vagy \u00e9ppen vadreg\u00e9nyes f\u00fcrd\u0151z\u00e9sr\u0151l.<\/p>\n<h3 data-start=\"1403\" data-end=\"1421\">\u2b50 <strong data-start=\"1409\" data-end=\"1421\">El\u0151ny\u00f6k:<\/strong><\/h3>\n<ul data-start=\"1422\" data-end=\"1664\">\n<li data-start=\"1422\" data-end=\"1479\">\n<p data-start=\"1424\" data-end=\"1479\">V\u00edz felsz\u00edn\u00e9n lebeg \u2013 megel\u0151zi a szem\u00fcveg elveszt\u00e9s\u00e9t<\/p>\n<\/li>\n<li data-start=\"1480\" data-end=\"1524\">\n<p data-start=\"1482\" data-end=\"1524\">Habszivacsos r\u00e9sz a k\u00e9nyelmes viselethez<\/p>\n<\/li>\n<li data-start=\"1525\" data-end=\"1572\">\n<p data-start=\"1527\" data-end=\"1572\">Rugalmas, j\u00f3l illeszkedik a legt\u00f6bb keretre<\/p>\n<\/li>\n<li data-start=\"1573\" data-end=\"1606\">\n<p data-start=\"1575\" data-end=\"1606\">J\u00f3l l\u00e1that\u00f3 k\u00e9k sz\u00edn a v\u00edzben<\/p>\n<\/li>\n<li data-start=\"1607\" data-end=\"1664\">\n<p data-start=\"1609\" data-end=\"1664\">Ide\u00e1lis sportol\u00e1shoz, nyaral\u00e1shoz, v\u00edzparti haszn\u00e1latra<\/p>\n<\/li>\n<\/ul>\n<hr data-start=\"1666\" data-end=\"1669\" \/>\n<h3 data-start=\"1671\" data-end=\"1702\">\ud83d\udccb <strong data-start=\"1678\" data-end=\"1702\">Haszn\u00e1lati javaslat:<\/strong><\/h3>\n<ul data-start=\"1703\" data-end=\"1925\">\n<li data-start=\"1703\" data-end=\"1748\">\n<p data-start=\"1705\" data-end=\"1748\">H\u00fazd r\u00e1 a p\u00e1ntot a szem\u00fcvegsz\u00e1rak v\u00e9g\u00e9re.<\/p>\n<\/li>\n<li data-start=\"1749\" data-end=\"1825\">\n<p data-start=\"1751\" data-end=\"1825\">Igaz\u00edtsd a fejedhez k\u00e9nyelmesen, hogy ne szor\u00edtson, de stabilan tartson.<\/p>\n<\/li>\n<li data-start=\"1826\" data-end=\"1925\">\n<p data-start=\"1828\" data-end=\"1925\">Haszn\u00e1lat k\u00f6zben, ha leker\u00fcl a szem\u00fcveg, a p\u00e1nt fent marad a v\u00edzen \u2013 k\u00f6nnyen visszatal\u00e1lsz hozz\u00e1!<\/p>\n<\/li>\n<\/ul>","protected":false},"excerpt":{"rendered":"<p data-start=\"424\" data-end=\"670\">Ez a k\u00e9k sport szem\u00fcvegp\u00e1nt nemcsak biztosan tart, hanem a v\u00edzen is lebeg, \u00edgy nem kell agg\u00f3dnod, hogy szem\u00fcveged a m\u00e9lybe s\u00fcllyed. A k\u00e9nyelmes habszivacsos kialak\u00edt\u00e1s ide\u00e1lis v\u00e1laszt\u00e1s \u00fasz\u00e1shoz, evez\u00e9shez, strandol\u00e1shoz \u00e9s minden v\u00edzi kalandhoz.<\/p>","protected":false},"featured_media":16663,"comment_status":"open","ping_status":"closed","template":"","meta":{"_seopress_robots_primary_cat":"none","_seopress_titles_title":"","_seopress_titles_desc":"","_seopress_robots_index":""},"product_cat":[34,106],"product_tag":[1045,1049,1044,1054,1043,1051,1048,1053,1047,1050,1052,1046],"class_list":{"0":"post-16659","1":"product","2":"type-product","3":"status-publish","4":"has-post-thumbnail","6":"product_cat-egyeb","7":"product_cat-zsinorok-lancok-pantok-egyeb","8":"product_tag-habszivacsos-szemuvegtarto","9":"product_tag-kek-szemuvegpant","10":"product_tag-lebego-szemuvegpant","11":"product_tag-nyari-sport-pant","12":"product_tag-sport-szemuvegpant","13":"product_tag-strand-kiegeszito","14":"product_tag-szemuveg-biztosito-pant","15":"product_tag-szemuvegtarto-zsinor","16":"product_tag-uszashoz-pant","17":"product_tag-vizen-lebego-pant","18":"product_tag-vizi-sport-kiegeszito","19":"product_tag-vizi-szemuvegzsinor","21":"first","22":"instock","23":"taxable","24":"shipping-taxable","25":"purchasable","26":"product-type-simple"},"_links":{"self":[{"href":"https:\/\/eyewearstore.hu\/en\/wp-json\/wp\/v2\/product\/16659","targetHints":{"allow":["GET"]}}],"collection":[{"href":"https:\/\/eyewearstore.hu\/en\/wp-json\/wp\/v2\/product"}],"about":[{"href":"https:\/\/eyewearstore.hu\/en\/wp-json\/wp\/v2\/types\/product"}],"replies":[{"embeddable":true,"href":"https:\/\/eyewearstore.hu\/en\/wp-json\/wp\/v2\/comments?post=16659"}],"wp:featuredmedia":[{"embeddable":true,"href":"https:\/\/eyewearstore.hu\/en\/wp-json\/wp\/v2\/media\/16663"}],"wp:attachment":[{"href":"https:\/\/eyewearstore.hu\/en\/wp-json\/wp\/v2\/media?parent=16659"}],"wp:term":[{"taxonomy":"product_cat","embeddable":true,"href":"https:\/\/eyewearstore.hu\/en\/wp-json\/wp\/v2\/product_cat?post=16659"},{"taxonomy":"product_tag","embeddable":true,"href":"https:\/\/eyewearstore.hu\/en\/wp-json\/wp\/v2\/product_tag?post=16659"}],"curies":[{"name":"wp","href":"https:\/\/api.w.org\/{rel}","templated":true}]}}