
{"id":16437,"date":"2025-06-17T11:30:11","date_gmt":"2025-06-17T09:30:11","guid":{"rendered":"https:\/\/eyewearstore.hu\/?post_type=product&#038;p=16437"},"modified":"2026-03-17T18:57:37","modified_gmt":"2026-03-17T17:57:37","slug":"systane-complete-6db-szemcsepp-6x10ml","status":"publish","type":"product","link":"https:\/\/eyewearstore.hu\/en\/product\/systane-complete-6db-szemcsepp-6x10ml\/","title":{"rendered":"Systane Complete 6db szemcsepp (6x10ml)"},"content":{"rendered":"<p data-start=\"0\" data-end=\"71\"><\/p>\n<p data-start=\"656\" data-end=\"987\">A szemsz\u00e1razs\u00e1g lehet \u00e1tmeneti, de sokakn\u00e1l kr\u00f3nikus, napi szint\u0171 kellemetlens\u00e9gg\u00e9 v\u00e1lik. A Systane Complete 6 darabos csomag ide\u00e1lis v\u00e1laszt\u00e1s azok sz\u00e1m\u00e1ra, akik napi t\u00f6bb alkalommal haszn\u00e1lj\u00e1k a szemcseppet, hossz\u00fa t\u00e1vra terveznek, vagy t\u00f6bb helyen is szeretn\u00e9nek tartani egy-egy flakont \u2013 otthon, munkahelyen, aut\u00f3ban, t\u00e1sk\u00e1ban.<\/p>\n<p data-start=\"989\" data-end=\"1101\">A term\u00e9k <strong data-start=\"998\" data-end=\"1029\">nanoemulzi\u00f3s technol\u00f3gi\u00e1val<\/strong> m\u0171k\u00f6dik, melynek c\u00e9lja a k\u00f6nnyfilm teljes szerkezet\u00e9nek helyre\u00e1ll\u00edt\u00e1sa:<\/p>\n<ul data-start=\"1102\" data-end=\"1301\">\n<li data-start=\"1102\" data-end=\"1167\">\n<p data-start=\"1104\" data-end=\"1167\"><strong data-start=\"1104\" data-end=\"1118\">Lipidr\u00e9teg<\/strong> stabiliz\u00e1l\u00e1s: cs\u00f6kkenti a k\u00f6nnyek elp\u00e1rolg\u00e1s\u00e1t<\/p>\n<\/li>\n<li data-start=\"1168\" data-end=\"1228\">\n<p data-start=\"1170\" data-end=\"1228\"><strong data-start=\"1170\" data-end=\"1185\">Vizes r\u00e9teg<\/strong> hidrat\u00e1l\u00e1sa: visszaadja a komfort\u00e9rzetet<\/p>\n<\/li>\n<li data-start=\"1229\" data-end=\"1301\">\n<p data-start=\"1231\" data-end=\"1301\"><strong data-start=\"1231\" data-end=\"1245\">Mucinr\u00e9teg<\/strong> t\u00e1mogat\u00e1sa: seg\u00edti a k\u00f6nnyfilm egyenletes sz\u00e9tter\u00fcl\u00e9s\u00e9t<\/p>\n<\/li>\n<\/ul>\n<p data-start=\"1303\" data-end=\"1470\">Ez a szemcsepp <strong data-start=\"1318\" data-end=\"1342\">tart\u00f3s\u00edt\u00f3szer-mentes<\/strong>, \u00edgy kifejezetten aj\u00e1nlott \u00e9rz\u00e9keny szem\u0171eknek, id\u0151seknek vagy azoknak, akik hossz\u00fa t\u00e1von is szeretn\u00e9nek biztons\u00e1gos megold\u00e1st.<\/p>\n<p data-start=\"1472\" data-end=\"1518\"><strong data-start=\"1472\" data-end=\"1518\">A Systane Complete 6 db-os csomag el\u0151nyei:<\/strong><\/p>\n<ul data-start=\"1519\" data-end=\"1787\">\n<li data-start=\"1519\" data-end=\"1571\">\n<p data-start=\"1521\" data-end=\"1571\"><strong data-start=\"1521\" data-end=\"1545\">Maxim\u00e1lis megtakar\u00e1s<\/strong>, legjobb \u00e1r\/\u00e9rt\u00e9k ar\u00e1ny<\/p>\n<\/li>\n<li data-start=\"1572\" data-end=\"1608\">\n<p data-start=\"1574\" data-end=\"1608\"><strong data-start=\"1574\" data-end=\"1598\">Tart\u00f3s\u00edt\u00f3szer-mentes<\/strong> formula<\/p>\n<\/li>\n<li data-start=\"1609\" data-end=\"1670\">\n<p data-start=\"1611\" data-end=\"1670\">Intelligens, teljesk\u00f6r\u0171 hat\u00e1s minden k\u00f6nnyfilm-probl\u00e9m\u00e1ra<\/p>\n<\/li>\n<li data-start=\"1671\" data-end=\"1724\">\n<p data-start=\"1673\" data-end=\"1724\">Hosszan tart\u00f3 enyh\u00fcl\u00e9s a szemirrit\u00e1ci\u00f3val szemben<\/p>\n<\/li>\n<li data-start=\"1725\" data-end=\"1787\">\n<p data-start=\"1727\" data-end=\"1787\">Otthonra, munkahelyre, utaz\u00e1shoz vagy csal\u00e1di felhaszn\u00e1l\u00e1sra<\/p>\n<\/li>\n<\/ul>\n<p data-start=\"1789\" data-end=\"1818\"><strong data-start=\"1789\" data-end=\"1818\">Kinek aj\u00e1nlott k\u00fcl\u00f6n\u00f6sen?<\/strong><\/p>\n<ul data-start=\"1819\" data-end=\"1985\">\n<li data-start=\"1819\" data-end=\"1861\">\n<p data-start=\"1821\" data-end=\"1861\">Kr\u00f3nikus szemsz\u00e1razs\u00e1gban szenved\u0151knek<\/p>\n<\/li>\n<li data-start=\"1862\" data-end=\"1907\">\n<p data-start=\"1864\" data-end=\"1907\">Akik napi t\u00f6bbsz\u00f6r haszn\u00e1lj\u00e1k a cseppeket<\/p>\n<\/li>\n<li data-start=\"1908\" data-end=\"1931\">\n<p data-start=\"1910\" data-end=\"1931\">\u00c9rz\u00e9keny szem\u0171eknek<\/p>\n<\/li>\n<li data-start=\"1932\" data-end=\"1985\">\n<p data-start=\"1934\" data-end=\"1985\">Olyan v\u00e1s\u00e1rl\u00f3knak, akik szeretn\u00e9nek el\u0151re bet\u00e1razni<\/p>\n<\/li>\n<\/ul>\n<p data-start=\"1987\" data-end=\"2011\"><strong data-start=\"1987\" data-end=\"2011\">Haszn\u00e1lati utas\u00edt\u00e1s:<\/strong><\/p>\n<ol data-start=\"2012\" data-end=\"2206\">\n<li data-start=\"2012\" data-end=\"2050\">\n<p data-start=\"2015\" data-end=\"2050\">Haszn\u00e1lat el\u0151tt alaposan r\u00e1zza fel.<\/p>\n<\/li>\n<li data-start=\"2051\" data-end=\"2097\">\n<p data-start=\"2054\" data-end=\"2097\">Cseppentsen 1\u20132 cseppet az \u00e9rintett szembe.<\/p>\n<\/li>\n<li data-start=\"2098\" data-end=\"2152\">\n<p data-start=\"2101\" data-end=\"2152\">Pislogjon p\u00e1rszor az egyenletes eloszl\u00e1s \u00e9rdek\u00e9ben.<\/p>\n<\/li>\n<li data-start=\"2153\" data-end=\"2206\">\n<p data-start=\"2156\" data-end=\"2206\">Naponta t\u00f6bbsz\u00f6r is alkalmazhat\u00f3, sz\u00fcks\u00e9g szerint.<\/p>\n<\/li>\n<\/ol>\n<p data-start=\"2208\" data-end=\"2363\"><strong data-start=\"2208\" data-end=\"2230\">T\u00e1rol\u00e1si javaslat:<\/strong><br data-start=\"2230\" data-end=\"2233\" \/>Sz\u00e1raz, h\u0171v\u00f6s helyen, napf\u00e9nyt\u0151l v\u00e9dve t\u00e1roland\u00f3. Felbont\u00e1s ut\u00e1n 3 h\u00f3napon bel\u00fcl haszn\u00e1lja fel. Ne alkalmazza a lej\u00e1rati id\u0151 ut\u00e1n.<\/p>\n<p data-start=\"2365\" data-end=\"2497\">A Systane Complete 6 darabos csomag seg\u00edt, hogy szemsz\u00e1razs\u00e1g ne szabjon hat\u00e1rt a napjaidnak \u2013 hossz\u00fa t\u00e1vra, kompromisszumok n\u00e9lk\u00fcl.<\/p>","protected":false},"excerpt":{"rendered":"<p>Systane Complete tart\u00f3s\u00edt\u00f3szer-mentes szemcsepp 6 darabos csomag, teljesk\u00f6r\u0171 v\u00e9delem a szemsz\u00e1razs\u00e1g minden t\u00edpus\u00e1ra. Nanoemulzi\u00f3s technol\u00f3gia, hosszan tart\u00f3 komfort\u00e9rzet, gazdas\u00e1gos \u00e1ron. Kontaktlencse n\u00e9lk\u00fcl haszn\u00e1lhat\u00f3.<\/p>","protected":false},"featured_media":16433,"comment_status":"open","ping_status":"closed","template":"","meta":{"_seopress_robots_primary_cat":"none","_seopress_titles_title":"","_seopress_titles_desc":"","_seopress_robots_index":""},"product_cat":[94],"product_tag":[982,925,977,984,991,987,985,962,989,974,963,964,981,988,979,986],"class_list":{"0":"post-16437","1":"product","2":"type-product","3":"status-publish","4":"has-post-thumbnail","6":"product_cat-kontaktlencse-apoloszerek-es-szemcseppek","7":"product_tag-6-darabos-csomag","8":"product_tag-erzekeny-szem","9":"product_tag-gazdasagos-kiszereles","10":"product_tag-hosszu-tavra","11":"product_tag-intelligens-szemcsepp","12":"product_tag-konnyfilm-regeneralas","13":"product_tag-lipidhianyos-szem","14":"product_tag-mukonny","15":"product_tag-nanoemulzio","16":"product_tag-systane-termekek","17":"product_tag-szemcsepp","18":"product_tag-szemszarazsag","19":"product_tag-tartositoszer-mentes","20":"product_tag-teljeskoru-szemvedelem","21":"product_tag-tripack","22":"product_tag-vizes-konnyhiany","24":"first","25":"instock","26":"taxable","27":"shipping-taxable","28":"purchasable","29":"product-type-simple"},"_links":{"self":[{"href":"https:\/\/eyewearstore.hu\/en\/wp-json\/wp\/v2\/product\/16437","targetHints":{"allow":["GET"]}}],"collection":[{"href":"https:\/\/eyewearstore.hu\/en\/wp-json\/wp\/v2\/product"}],"about":[{"href":"https:\/\/eyewearstore.hu\/en\/wp-json\/wp\/v2\/types\/product"}],"replies":[{"embeddable":true,"href":"https:\/\/eyewearstore.hu\/en\/wp-json\/wp\/v2\/comments?post=16437"}],"wp:featuredmedia":[{"embeddable":true,"href":"https:\/\/eyewearstore.hu\/en\/wp-json\/wp\/v2\/media\/16433"}],"wp:attachment":[{"href":"https:\/\/eyewearstore.hu\/en\/wp-json\/wp\/v2\/media?parent=16437"}],"wp:term":[{"taxonomy":"product_cat","embeddable":true,"href":"https:\/\/eyewearstore.hu\/en\/wp-json\/wp\/v2\/product_cat?post=16437"},{"taxonomy":"product_tag","embeddable":true,"href":"https:\/\/eyewearstore.hu\/en\/wp-json\/wp\/v2\/product_tag?post=16437"}],"curies":[{"name":"wp","href":"https:\/\/api.w.org\/{rel}","templated":true}]}}