
{"id":16331,"date":"2025-06-05T11:45:49","date_gmt":"2025-06-05T09:45:49","guid":{"rendered":"https:\/\/eyewearstore.hu\/termek\/zeiss-siszemuveg-ggg08cy-dioptriazhato\/"},"modified":"2026-04-11T20:01:52","modified_gmt":"2026-04-11T18:01:52","slug":"zeiss-siszemuveg-ggg08cy-dioptriazhato","status":"publish","type":"product","link":"https:\/\/eyewearstore.hu\/en\/product\/zeiss-siszemuveg-ggg08cy-dioptriazhato\/","title":{"rendered":"ZEISS S\u00edszem\u00fcveg GGG08CY \/\/ Dioptri\u00e1zhat\u00f3"},"content":{"rendered":"<p data-start=\"164\" data-end=\"589\">A <strong data-start=\"166\" data-end=\"208\">ZEISS GGG08CY dioptri\u00e1zhat\u00f3 s\u00edszem\u00fcveg<\/strong> a ZEISS s\u00edszem\u00fcveg-kollekci\u00f3 cilindrikus modelljei k\u00f6z\u00e9 tartozik, amelyeket kimagasl\u00f3 optikai teljes\u00edtm\u00e9nyre \u00e9s maxim\u00e1lis vizu\u00e1lis komfort\u00e9rzetre terveztek. A ZEISS t\u00f6bb \u00e9vtizedes tapasztalata az optikai fejleszt\u00e9sek ter\u00e9n ebben a modellben is visszak\u00f6sz\u00f6n: a lencse kiv\u00e1l\u00f3 kontrasztot, term\u00e9szetes sz\u00edn\u00e9rz\u00e9kel\u00e9st \u00e9s torz\u00edt\u00e1smentes l\u00e1t\u00e1st biztos\u00edt v\u00e1ltoz\u00f3 f\u00e9nyviszonyok k\u00f6z\u00f6tt is.<\/p>\n<p data-start=\"591\" data-end=\"818\">A modell egyik legnagyobb el\u0151nye, hogy <strong data-start=\"630\" data-end=\"667\">RX optikai bet\u00e9ttel dioptri\u00e1zhat\u00f3<\/strong>, \u00edgy azok sz\u00e1m\u00e1ra is ide\u00e1lis, akik szem\u00fcveget viselnek, de nem szeretn\u00e9nek kontaktlencs\u00e9t hordani sportol\u00e1s k\u00f6zben. Az optikai bet\u00e9t k\u00fcl\u00f6n rendelhet\u0151.<\/p>\n<p data-start=\"820\" data-end=\"937\">\ud83d\udc49 <strong data-start=\"823\" data-end=\"937\">Amennyiben n\u00e1lunk k\u00e9sz\u00edtteted el a dioptri\u00e1s lencs\u00e9ket, az RX optikai bet\u00e9tet aj\u00e1nd\u00e9kba adjuk a s\u00edszem\u00fcveghez.<\/strong><\/p>\n<p data-start=\"939\" data-end=\"1195\">A s\u00edszem\u00fcveg <strong data-start=\"952\" data-end=\"990\">cilindrikus polikarbon\u00e1t lencs\u00e9vel<\/strong> k\u00e9sz\u00fcl, amely ellen\u00e1ll az \u00fct\u0151d\u00e9seknek, mik\u00f6zben k\u00f6nny\u0171 \u00e9s tart\u00f3s. A p\u00e1r\u00e1sod\u00e1s elleni bels\u0151 lencse \u00e9s a kereten kialak\u00edtott szell\u0151z\u0151ny\u00edl\u00e1sok hat\u00e9konyan cs\u00f6kkentik a p\u00e1rak\u00e9pz\u0151d\u00e9st intenz\u00edv mozg\u00e1s k\u00f6zben is.<\/p>\n<p data-start=\"1197\" data-end=\"1400\">A puha arcszivacs k\u00e9nyelmes illeszked\u00e9st biztos\u00edt, a cs\u00fasz\u00e1sg\u00e1tl\u00f3s, k\u00f6nnyen \u00e1ll\u00edthat\u00f3 p\u00e1nt pedig stabil tart\u00e1st ad sisak haszn\u00e1lata mellett is. A keretek <strong data-start=\"1351\" data-end=\"1379\">Olaszorsz\u00e1gban k\u00e9sz\u00fclnek<\/strong>, pr\u00e9mium min\u0151s\u00e9gben.<\/p>\n<p data-start=\"1402\" data-end=\"1569\">\u26a0\ufe0f <strong data-start=\"1405\" data-end=\"1416\">Fontos:<\/strong> p\u00e1r\u00e1sod\u00e1sg\u00e1tl\u00f3 spray vagy t\u00f6rl\u0151kend\u0151 <strong data-start=\"1454\" data-end=\"1503\">csak az RX optikai bet\u00e9t lencs\u00e9in haszn\u00e1lhat\u00f3<\/strong>, a s\u00edszem\u00fcveg bels\u0151 fel\u00fclet\u00e9n nem, mert k\u00e1ros\u00edthatja a bevonatot.<\/p>\n<hr data-start=\"1571\" data-end=\"1574\" \/>\n<h2 data-start=\"1576\" data-end=\"1596\">\ud83d\udd39 F\u0151bb jellemz\u0151k<\/h2>\n<ul data-start=\"1598\" data-end=\"1926\">\n<li data-start=\"1598\" data-end=\"1631\">\n<p data-start=\"1600\" data-end=\"1631\">ZEISS pr\u00e9mium optikai min\u0151s\u00e9g<\/p>\n<\/li>\n<li data-start=\"1632\" data-end=\"1673\">\n<p data-start=\"1634\" data-end=\"1673\"><strong data-start=\"1634\" data-end=\"1671\">dioptri\u00e1zhat\u00f3 RX optikai bet\u00e9ttel<\/strong><\/p>\n<\/li>\n<li data-start=\"1674\" data-end=\"1706\">\n<p data-start=\"1676\" data-end=\"1706\">cilindrikus lencsekialak\u00edt\u00e1s<\/p>\n<\/li>\n<li data-start=\"1707\" data-end=\"1730\">\n<p data-start=\"1709\" data-end=\"1730\">polikarbon\u00e1t lencse<\/p>\n<\/li>\n<li data-start=\"1731\" data-end=\"1764\">\n<p data-start=\"1733\" data-end=\"1764\">p\u00e1r\u00e1sod\u00e1s elleni bels\u0151 lencse<\/p>\n<\/li>\n<li data-start=\"1765\" data-end=\"1801\">\n<p data-start=\"1767\" data-end=\"1801\">keretbe \u00e9p\u00edtett szell\u0151z\u0151ny\u00edl\u00e1sok<\/p>\n<\/li>\n<li data-start=\"1802\" data-end=\"1832\">\n<p data-start=\"1804\" data-end=\"1832\">puha, k\u00e9nyelmes arcszivacs<\/p>\n<\/li>\n<li data-start=\"1833\" data-end=\"1866\">\n<p data-start=\"1835\" data-end=\"1866\">cs\u00fasz\u00e1sg\u00e1tl\u00f3s, \u00e1ll\u00edthat\u00f3 p\u00e1nt<\/p>\n<\/li>\n<li data-start=\"1867\" data-end=\"1892\">\n<p data-start=\"1869\" data-end=\"1892\">sisakkal kompatibilis<\/p>\n<\/li>\n<li data-start=\"1893\" data-end=\"1926\">\n<p data-start=\"1895\" data-end=\"1926\">Olaszorsz\u00e1gban gy\u00e1rtott keret<\/p>\n<\/li>\n<\/ul>\n<hr data-start=\"1928\" data-end=\"1931\" \/>\n<h2 data-start=\"1933\" data-end=\"1956\">\ud83d\udccb Haszn\u00e1lati tan\u00e1cs<\/h2>\n<ul data-start=\"1958\" data-end=\"2236\">\n<li data-start=\"1958\" data-end=\"2026\">\n<p data-start=\"1960\" data-end=\"2026\">Az RX optikai bet\u00e9tet mindig optikai szak\u00fczletben k\u00e9sz\u00edttesd el.<\/p>\n<\/li>\n<li data-start=\"2027\" data-end=\"2163\">\n<p data-start=\"2029\" data-end=\"2163\">A s\u00edszem\u00fcveg lencs\u00e9j\u00e9t <strong data-start=\"2052\" data-end=\"2077\">ne kezeld vegyszerrel<\/strong>. Csak optik\u00e1ban kaphat\u00f3, k\u00edm\u00e9letes, szem\u00fcveghez val\u00f3 tiszt\u00edt\u00f3megold\u00e1sokat haszn\u00e1lj.<\/p>\n<\/li>\n<li data-start=\"2164\" data-end=\"2236\">\n<p data-start=\"2166\" data-end=\"2236\">Sz\u00e1rad\u00e1s ut\u00e1n hagyd nyitva a szem\u00fcveget, hogy a nedvess\u00e9g t\u00e1vozhasson.<\/p>\n<\/li>\n<\/ul>","protected":false},"excerpt":{"rendered":"<p>A <strong data-start=\"366\" data-end=\"408\">ZEISS GGG08CY dioptri\u00e1zhat\u00f3 s\u00edszem\u00fcveg<\/strong> kiv\u00e1l\u00f3 v\u00e1laszt\u00e1s azoknak a s\u00edel\u0151knek \u00e9s snowboardosoknak, akik kompromisszumok n\u00e9lk\u00fcl szeretn\u00e9nek \u00e9lesen l\u00e1tni a p\u00e1ly\u00e1n. A ZEISS optikai min\u0151s\u00e9g, a cilindrikus lencsekialak\u00edt\u00e1s \u00e9s a k\u00fcl\u00f6n rendelhet\u0151 RX optikai bet\u00e9t lehet\u0151v\u00e9 teszi, hogy dioptri\u00e1s lencs\u00e9vel haszn\u00e1ld a s\u00edszem\u00fcveget. Megb\u00edzhat\u00f3 v\u00e9delem, tiszta l\u00e1t\u00e1s \u00e9s pr\u00e9mium kivitel egyetlen szem\u00fcvegben.<\/p>","protected":false},"featured_media":18150,"comment_status":"open","ping_status":"closed","template":"","meta":{"_seopress_robots_primary_cat":"none","_seopress_titles_title":"","_seopress_titles_desc":"","_seopress_robots_index":""},"product_cat":[1373,59,58],"product_tag":[1368,1367,1364,1371,1366,1370,1365,1369,1363,1372],"class_list":{"0":"post-16331","1":"product","2":"type-product","3":"status-publish","4":"has-post-thumbnail","6":"product_cat-siszemuveg","7":"product_cat-products_sunglasses","8":"product_cat-products_frame","9":"product_tag-cilindrikus-siszemuveg","10":"product_tag-dioptrias-siszemuveg","11":"product_tag-dioptriazhato-siszemuveg","12":"product_tag-premium-siszemuveg","13":"product_tag-rx-betetes-siszemuveg","14":"product_tag-sieles-dioptriaval","15":"product_tag-zeiss-ggg08cy","16":"product_tag-zeiss-optika","17":"product_tag-zeiss-siszemuveg","18":"product_tag-zeiss-szemuveg","20":"first","21":"instock","22":"taxable","23":"shipping-taxable","24":"purchasable","25":"product-type-simple"},"_links":{"self":[{"href":"https:\/\/eyewearstore.hu\/en\/wp-json\/wp\/v2\/product\/16331","targetHints":{"allow":["GET"]}}],"collection":[{"href":"https:\/\/eyewearstore.hu\/en\/wp-json\/wp\/v2\/product"}],"about":[{"href":"https:\/\/eyewearstore.hu\/en\/wp-json\/wp\/v2\/types\/product"}],"replies":[{"embeddable":true,"href":"https:\/\/eyewearstore.hu\/en\/wp-json\/wp\/v2\/comments?post=16331"}],"wp:featuredmedia":[{"embeddable":true,"href":"https:\/\/eyewearstore.hu\/en\/wp-json\/wp\/v2\/media\/18150"}],"wp:attachment":[{"href":"https:\/\/eyewearstore.hu\/en\/wp-json\/wp\/v2\/media?parent=16331"}],"wp:term":[{"taxonomy":"product_cat","embeddable":true,"href":"https:\/\/eyewearstore.hu\/en\/wp-json\/wp\/v2\/product_cat?post=16331"},{"taxonomy":"product_tag","embeddable":true,"href":"https:\/\/eyewearstore.hu\/en\/wp-json\/wp\/v2\/product_tag?post=16331"}],"curies":[{"name":"wp","href":"https:\/\/api.w.org\/{rel}","templated":true}]}}