
{"id":16330,"date":"2025-06-05T11:45:48","date_gmt":"2025-06-05T09:45:48","guid":{"rendered":"https:\/\/eyewearstore.hu\/termek\/zeiss-siszemuveg-ggg12in-dioptriazhato\/"},"modified":"2026-04-11T20:01:52","modified_gmt":"2026-04-11T18:01:52","slug":"zeiss-siszemuveg-ggg12in-dioptriazhato","status":"publish","type":"product","link":"https:\/\/eyewearstore.hu\/en\/product\/zeiss-siszemuveg-ggg12in-dioptriazhato\/","title":{"rendered":"ZEISS S\u00edszem\u00fcveg GGG12IN \/\/ Dioptri\u00e1zhat\u00f3"},"content":{"rendered":"<p data-start=\"751\" data-end=\"1263\">A <strong data-start=\"753\" data-end=\"795\">ZEISS GGG12IN dioptri\u00e1zhat\u00f3 s\u00edszem\u00fcveg<\/strong> a ZEISS s\u00edszem\u00fcveg-kollekci\u00f3 egyik modellje, amelyet magas szint\u0171 vizu\u00e1lis \u00e9lm\u00e9ny \u00e9s megb\u00edzhat\u00f3 v\u00e9delem biztos\u00edt\u00e1s\u00e1ra terveztek havas k\u00f6rnyezetben. A ZEISS s\u00edszem\u00fcvegek kiv\u00e1l\u00f3 optikai teljes\u00edtm\u00e9nyt k\u00edn\u00e1lnak, \u00e9s az alpesi s\u00edel\u00e9s vagy snowboardoz\u00e1s k\u00f6r\u00fclm\u00e9nyeihez igazod\u00f3 l\u00e1t\u00e1s\u00e9lm\u00e9nyt ny\u00fajtanak \u2014 strapab\u00edr\u00f3 polikarbon\u00e1t lencs\u00e9kkel, amely 100 %-ban blokkolja az UV-sug\u00e1rz\u00e1st, \u00edgy a szem v\u00e9delm\u00e9t biztos\u00edtja ak\u00e1r er\u0151s napf\u00e9nyben is. <span class=\"\" data-state=\"closed\"><span class=\"ms-1 inline-flex max-w-full items-center relative top-[-0.094rem] animate-[show_150ms_ease-in]\" data-testid=\"webpage-citation-pill\"><a class=\"flex h-4.5 overflow-hidden rounded-xl px-2 text-[9px] font-medium transition-colors duration-150 ease-in-out text-token-text-secondary! bg-[#F4F4F4]! dark:bg-[#303030]!\" href=\"https:\/\/www.zeiss.hu\/vision-care\/uj-szemuveglencsere-van-szuksege\/siszemuvegek.html?utm_source=chatgpt.com\" target=\"_blank\" rel=\"noopener\"><span class=\"relative start-0 bottom-0 flex h-full w-full items-center\"><span class=\"flex h-4 w-full items-center justify-between\"><span class=\"max-w-[15ch] grow truncate overflow-hidden text-center\">Zeiss Magyarorsz\u00e1g<\/span><span class=\"-me-1 flex h-full items-center rounded-full px-1 text-[#8F8F8F]\">+1<\/span><\/span><\/span><\/a><\/span><\/span><\/p>\n<p data-start=\"1265\" data-end=\"1600\">Ez a modell <strong data-start=\"1277\" data-end=\"1314\">dioptri\u00e1zhat\u00f3 RX optikai bet\u00e9ttel<\/strong> b\u0151v\u00edthet\u0151, amely lehet\u0151v\u00e9 teszi, hogy a s\u00edszem\u00fcveg egyedi l\u00e1t\u00e1skorrekci\u00f3val is rendelkezzen. \u00cdgy k\u00e9nyelmesen \u00e9s \u00e9lesen l\u00e1thatsz p\u00e1ly\u00e1n \u2014 m\u00e9g akkor is, ha szem\u00fcveget viselsz a mindennapokban. Az RX bet\u00e9tet szak\u00fczletben k\u00e9sz\u00edttetheted el, \u00e9s t\u00f6k\u00e9letesen integr\u00e1lhat\u00f3 a szem\u00fcveg keret\u00e9be.<\/p>\n<p data-start=\"1602\" data-end=\"1818\">A ZEISS s\u00edszem\u00fcvegek jellemz\u0151je tov\u00e1bb\u00e1 a nagy l\u00e1t\u00f3mez\u0151 \u00e9s az optimaliz\u00e1lt illeszked\u00e9s a s\u00edel\u0151k arcform\u00e1j\u00e1hoz, bele\u00e9rtve a junior \u00e9s k\u00fcl\u00f6nb\u00f6z\u0151 fejm\u00e9retekhez ill\u0151 v\u00e1ltozatokat is. <span class=\"\" data-state=\"closed\"><span class=\"ms-1 inline-flex max-w-full items-center relative top-[-0.094rem] animate-[show_150ms_ease-in]\" data-testid=\"webpage-citation-pill\"><a class=\"flex h-4.5 overflow-hidden rounded-xl px-2 text-[9px] font-medium transition-colors duration-150 ease-in-out text-token-text-secondary! bg-[#F4F4F4]! dark:bg-[#303030]!\" href=\"https:\/\/www.zeiss.hu\/vision-care\/uj-szemuveglencsere-van-szuksege\/siszemuvegek.html?utm_source=chatgpt.com\" target=\"_blank\" rel=\"noopener\"><span class=\"relative start-0 bottom-0 flex h-full w-full items-center\"><span class=\"flex h-4 w-full items-center justify-between overflow-hidden\"><span class=\"max-w-[15ch] grow truncate overflow-hidden text-center\">Zeiss Magyarorsz\u00e1g<\/span><\/span><\/span><\/a><\/span><\/span><\/p>\n<p data-start=\"1820\" data-end=\"2025\">A p\u00e1ntok rugalmasak \u00e9s cs\u00fasz\u00e1sg\u00e1tl\u00f3 r\u00e9teggel ell\u00e1tottak, \u00edgy a szem\u00fcveg stabilan marad sisak vagy fejmozg\u00e1s k\u00f6zben is. A k\u00e9nyelmes, puha bels\u0151 b\u00e9l\u00e9s pedig t\u00e1mogatja a hosszabb t\u00e1v\u00fa visel\u00e9st f\u00e1rad\u00e1s n\u00e9lk\u00fcl.<\/p>\n<p data-start=\"2027\" data-end=\"2332\">A <strong data-start=\"2029\" data-end=\"2071\">ZEISS GGG12IN dioptri\u00e1zhat\u00f3 s\u00edszem\u00fcveg<\/strong> nemcsak funkcion\u00e1lis, hanem modern megjelen\u00e9s\u00e9vel is illeszkedik a st\u00edlusos s\u00edfelszerel\u00e9shez \u2014 ide\u00e1lis v\u00e1laszt\u00e1s minden olyan s\u00edel\u0151 vagy snowboardos sz\u00e1m\u00e1ra, aki komolyan veszi l\u00e1t\u00e1s\u00e1t \u00e9s teljes\u00edtm\u00e9ny\u00e9t havas k\u00f6rnyezetben. <span class=\"\" data-state=\"closed\"><span class=\"ms-1 inline-flex max-w-full items-center relative top-[-0.094rem] animate-[show_150ms_ease-in]\" data-testid=\"webpage-citation-pill\"><a class=\"flex h-4.5 overflow-hidden rounded-xl px-2 text-[9px] font-medium transition-colors duration-150 ease-in-out text-token-text-secondary! bg-[#F4F4F4]! dark:bg-[#303030]!\" href=\"https:\/\/www.zeiss.hu\/vision-care\/uj-szemuveglencsere-van-szuksege\/siszemuvegek.html?utm_source=chatgpt.com\" target=\"_blank\" rel=\"noopener\"><span class=\"relative start-0 bottom-0 flex h-full w-full items-center\"><span class=\"flex h-4 w-full items-center justify-between overflow-hidden\"><span class=\"max-w-[15ch] grow truncate overflow-hidden text-center\">Zeiss Magyarorsz\u00e1g<\/span><\/span><\/span><\/a><\/span><\/span><\/p>\n<hr data-start=\"2334\" data-end=\"2337\" \/>\n<h3 data-start=\"2339\" data-end=\"2360\">\ud83d\udd39 F\u0151bb jellemz\u0151k<\/h3>\n<ul data-start=\"2362\" data-end=\"2737\">\n<li data-start=\"2362\" data-end=\"2416\">\n<p data-start=\"2364\" data-end=\"2416\">pr\u00e9mium ZEISS optikai min\u0151s\u00e9g \u00e9s kontrasztos l\u00e1t\u00e1s<\/p>\n<\/li>\n<li data-start=\"2417\" data-end=\"2464\">\n<p data-start=\"2419\" data-end=\"2464\">dioptri\u00e1zhat\u00f3 RX optikai bet\u00e9ttel b\u0151v\u00edthet\u0151<\/p>\n<\/li>\n<li data-start=\"2465\" data-end=\"2490\">\n<p data-start=\"2467\" data-end=\"2490\">100 % UVA\/UVB v\u00e9delem<\/p>\n<\/li>\n<li data-start=\"2491\" data-end=\"2523\">\n<p data-start=\"2493\" data-end=\"2523\">\u00fct\u00e9s\u00e1ll\u00f3 polikarbon\u00e1t lencse<\/p>\n<\/li>\n<li data-start=\"2524\" data-end=\"2570\">\n<p data-start=\"2526\" data-end=\"2570\">optim\u00e1lis illeszked\u00e9s \u00e9s k\u00e9nyelmes viselet<\/p>\n<\/li>\n<li data-start=\"2571\" data-end=\"2607\">\n<p data-start=\"2573\" data-end=\"2607\">sisakkal kompatibilis kialak\u00edt\u00e1s<\/p>\n<\/li>\n<li data-start=\"2608\" data-end=\"2737\">\n<p data-start=\"2610\" data-end=\"2737\">t\u00f6bbf\u00e9le m\u00e9ret \u00e9s modell \u00e1ll rendelkez\u00e9sre (pl. junior, pantalakatos, cser\u00e9lhet\u0151 lencs\u00e9s) <span class=\"\" data-state=\"closed\"><span class=\"ms-1 inline-flex max-w-full items-center relative top-[-0.094rem] animate-[show_150ms_ease-in]\" data-testid=\"webpage-citation-pill\"><a class=\"flex h-4.5 overflow-hidden rounded-xl px-2 text-[9px] font-medium transition-colors duration-150 ease-in-out text-token-text-secondary! bg-[#F4F4F4]! dark:bg-[#303030]!\" href=\"https:\/\/www.zeiss.hu\/vision-care\/uj-szemuveglencsere-van-szuksege\/siszemuvegek.html?utm_source=chatgpt.com\" target=\"_blank\" rel=\"noopener\"><span class=\"relative start-0 bottom-0 flex h-full w-full items-center\"><span class=\"flex h-4 w-full items-center justify-between\"><span class=\"max-w-[15ch] grow truncate overflow-hidden text-center\">Zeiss Magyarorsz\u00e1g<\/span><span class=\"-me-1 flex h-full items-center rounded-full px-1 text-[#8F8F8F]\">+1<\/span><\/span><\/span><\/a><\/span><\/span><\/p>\n<\/li>\n<\/ul>\n<hr data-start=\"2739\" data-end=\"2742\" \/>\n<h2 data-start=\"2744\" data-end=\"2767\">\ud83d\udccb Haszn\u00e1lati tan\u00e1cs<\/h2>\n<ul data-start=\"2769\" data-end=\"3038\">\n<li data-start=\"2769\" data-end=\"2896\">\n<p data-start=\"2771\" data-end=\"2896\">Az RX optikai bet\u00e9tet mindig optikai szak\u00fczletben k\u00e9sz\u00edttesd el, hogy t\u00f6k\u00e9letesen illeszkedjen a l\u00e1t\u00e1sodhoz \u00e9s a szem\u00fcveghez.<\/p>\n<\/li>\n<li data-start=\"2897\" data-end=\"3038\">\n<p data-start=\"2899\" data-end=\"3038\">A s\u00edszem\u00fcveg lencs\u00e9it k\u00edm\u00e9letesen tiszt\u00edtsd, \u00e9s ker\u00fcld az er\u0151s vegyszerek haszn\u00e1lat\u00e1t, mert ezek befoly\u00e1solhatj\u00e1k a bevonatok \u00e9lettartam\u00e1t.<\/p>\n<\/li>\n<\/ul>","protected":false},"excerpt":{"rendered":"<p>A <strong data-start=\"330\" data-end=\"372\">ZEISS GGG12IN dioptri\u00e1zhat\u00f3 s\u00edszem\u00fcveg<\/strong> pr\u00e9mium sportkieg\u00e9sz\u00edt\u0151, amely a ZEISS optikai min\u0151s\u00e9get \u00e9s 100 % UV v\u00e9delmet \u00f6tv\u00f6zi. RX optikai bet\u00e9ttel b\u0151v\u00edthet\u0151, \u00edgy azoknak is ide\u00e1lis, akik szem\u00fcveget viselnek, de sport k\u00f6zben tiszta, \u00e9les l\u00e1t\u00e1st szeretn\u00e9nek. Modern kialak\u00edt\u00e1sa \u00e9s megb\u00edzhat\u00f3 optikai teljes\u00edtm\u00e9nye minden havas t\u00e9li kalandhoz megfelel\u0151.<\/p>","protected":false},"featured_media":18149,"comment_status":"open","ping_status":"closed","template":"","meta":{"_seopress_robots_primary_cat":"none","_seopress_titles_title":"","_seopress_titles_desc":"","_seopress_robots_index":""},"product_cat":[1373,59,58],"product_tag":[1364,1383,1389,1382,1388,1387,1363,1390],"class_list":{"0":"post-16330","1":"product","2":"type-product","3":"status-publish","4":"has-post-thumbnail","6":"product_cat-siszemuveg","7":"product_cat-products_sunglasses","8":"product_cat-products_frame","9":"product_tag-dioptriazhato-siszemuveg","10":"product_tag-junior-siszemuveg","11":"product_tag-optikai-sport-szemuveg","12":"product_tag-rx-siszemuveg","13":"product_tag-uv-vedelem-sieleshez","14":"product_tag-zeiss-ggg12in","15":"product_tag-zeiss-siszemuveg","16":"product_tag-zeiss-ski-goggles","18":"first","19":"instock","20":"taxable","21":"shipping-taxable","22":"purchasable","23":"product-type-simple"},"_links":{"self":[{"href":"https:\/\/eyewearstore.hu\/en\/wp-json\/wp\/v2\/product\/16330","targetHints":{"allow":["GET"]}}],"collection":[{"href":"https:\/\/eyewearstore.hu\/en\/wp-json\/wp\/v2\/product"}],"about":[{"href":"https:\/\/eyewearstore.hu\/en\/wp-json\/wp\/v2\/types\/product"}],"replies":[{"embeddable":true,"href":"https:\/\/eyewearstore.hu\/en\/wp-json\/wp\/v2\/comments?post=16330"}],"wp:featuredmedia":[{"embeddable":true,"href":"https:\/\/eyewearstore.hu\/en\/wp-json\/wp\/v2\/media\/18149"}],"wp:attachment":[{"href":"https:\/\/eyewearstore.hu\/en\/wp-json\/wp\/v2\/media?parent=16330"}],"wp:term":[{"taxonomy":"product_cat","embeddable":true,"href":"https:\/\/eyewearstore.hu\/en\/wp-json\/wp\/v2\/product_cat?post=16330"},{"taxonomy":"product_tag","embeddable":true,"href":"https:\/\/eyewearstore.hu\/en\/wp-json\/wp\/v2\/product_tag?post=16330"}],"curies":[{"name":"wp","href":"https:\/\/api.w.org\/{rel}","templated":true}]}}