
{"id":16329,"date":"2025-06-05T11:45:48","date_gmt":"2025-06-05T09:45:48","guid":{"rendered":"https:\/\/eyewearstore.hu\/termek\/zeiss-siszemuveg-ggg10jn-dioptriazhato\/"},"modified":"2026-04-11T20:01:52","modified_gmt":"2026-04-11T18:01:52","slug":"zeiss-siszemuveg-ggg10jn-dioptriazhato","status":"publish","type":"product","link":"https:\/\/eyewearstore.hu\/en\/product\/zeiss-siszemuveg-ggg10jn-dioptriazhato\/","title":{"rendered":"ZEISS S\u00edszem\u00fcveg GGG10JN \/\/ Dioptri\u00e1zhat\u00f3"},"content":{"rendered":"<p data-start=\"722\" data-end=\"1144\">A <strong data-start=\"724\" data-end=\"766\">ZEISS GGG10JN dioptri\u00e1zhat\u00f3 s\u00edszem\u00fcveg<\/strong> a ZEISS s\u00edszem\u00fcveg-kollekci\u00f3 egyik kiv\u00e1l\u00f3 teljes\u00edtm\u00e9ny\u0171 modellje, amelyet kimagasl\u00f3 optikai min\u0151s\u00e9gre \u00e9s maxim\u00e1lis vizu\u00e1lis komfort\u00e9rzetre terveztek. A ZEISS t\u00f6bb \u00e9vtizedes optikai tapasztalata ebben a modellben is megjelenik: a lencse kiv\u00e1l\u00f3 kontrasztot, term\u00e9szetes sz\u00edn\u00e9rz\u00e9kel\u00e9st \u00e9s torz\u00edt\u00e1smentes l\u00e1t\u00e1st biztos\u00edt havas k\u00f6rnyezetben \u00e9s v\u00e1ltoz\u00f3 f\u00e9nyviszonyok k\u00f6z\u00f6tt egyar\u00e1nt.<\/p>\n<p data-start=\"1146\" data-end=\"1558\">A modell k\u00fcl\u00f6n\u00f6sen akkor ide\u00e1lis, ha szem\u00fcveget viselsz s\u00edel\u00e9s vagy snowboardoz\u00e1s k\u00f6zben, mert <strong data-start=\"1241\" data-end=\"1278\">RX optikai bet\u00e9ttel dioptri\u00e1zhat\u00f3<\/strong>, \u00edgy nem sz\u00fcks\u00e9ges kontaktlencs\u00e9t viselned sport k\u00f6zben. Az optikai bet\u00e9t k\u00fcl\u00f6n rendelhet\u0151, \u00e9s szakszer\u0171 be\u00e9p\u00edt\u00e9ssel k\u00f6nnyen illeszthet\u0151 a s\u00edszem\u00fcveg keret\u00e9be.<br data-start=\"1438\" data-end=\"1441\" \/>\ud83d\udc49 <strong data-start=\"1444\" data-end=\"1558\">Amennyiben n\u00e1lunk k\u00e9sz\u00edtteted el a dioptri\u00e1s lencs\u00e9ket, az RX optikai bet\u00e9tet aj\u00e1nd\u00e9kba adjuk a s\u00edszem\u00fcveghez.<\/strong><\/p>\n<p data-start=\"1560\" data-end=\"1791\">A s\u00edszem\u00fcveg <strong data-start=\"1573\" data-end=\"1618\">\u00fct\u00e9s\u00e1ll\u00f3 \u00e9s k\u00f6nny\u0171 polikarbon\u00e1t lencs\u00e9vel<\/strong> rendelkezik, amely sportol\u00e1s k\u00f6zben is megb\u00edzhat\u00f3 v\u00e9delmet ny\u00fajt. A keret kialak\u00edt\u00e1sa hat\u00e9konyan cs\u00f6kkenti a p\u00e1r\u00e1sod\u00e1st, \u00e9s a lencsekialak\u00edt\u00e1s a sz\u00e9les l\u00e1t\u00f3mez\u0151t t\u00e1mogatja.<\/p>\n<p data-start=\"1793\" data-end=\"2089\">A puha, k\u00e9nyelmes arcszivacs stabil \u00e9s komfortos illeszked\u00e9st ad, m\u00edg a cs\u00fasz\u00e1sg\u00e1tl\u00f3s, k\u00f6nnyen \u00e1ll\u00edthat\u00f3 p\u00e1nt tart\u00e1st biztos\u00edt sisak haszn\u00e1lata mellett is. A szem\u00fcveg kerete <strong data-start=\"1967\" data-end=\"1992\">Olaszorsz\u00e1gban k\u00e9sz\u00fcl<\/strong>, pr\u00e9mium min\u0151s\u00e9g\u0171 gy\u00e1rt\u00e1si folyamattal, ami hossz\u00fa t\u00e1v\u00fa megb\u00edzhat\u00f3s\u00e1got \u00e9s tart\u00f3ss\u00e1got biztos\u00edt.<\/p>\n<p data-start=\"2091\" data-end=\"2287\">Ez a modell k\u00fcl\u00f6n\u00f6sen j\u00f3 v\u00e1laszt\u00e1s fiatal s\u00edel\u0151knek vagy sz\u0171kebb arcform\u00e1hoz ill\u0151 s\u00edszem\u00fcveg keres\u00e9se eset\u00e9n, de term\u00e9szetesen feln\u0151ttek sz\u00e1m\u00e1ra is megfelel\u0151, akik kisebb keretm\u00e9retet prefer\u00e1lnak<\/p>\n<hr data-start=\"2289\" data-end=\"2292\" \/>\n<h3 data-start=\"2294\" data-end=\"2319\">\ud83d\udd39 <strong data-start=\"2301\" data-end=\"2319\">F\u0151bb jellemz\u0151k<\/strong><\/h3>\n<ul data-start=\"2320\" data-end=\"2743\">\n<li data-start=\"2320\" data-end=\"2353\">\n<p data-start=\"2322\" data-end=\"2353\">ZEISS pr\u00e9mium optikai min\u0151s\u00e9g<\/p>\n<\/li>\n<li data-start=\"2354\" data-end=\"2395\">\n<p data-start=\"2356\" data-end=\"2395\"><strong data-start=\"2356\" data-end=\"2393\">Dioptri\u00e1zhat\u00f3 RX optikai bet\u00e9ttel<\/strong><\/p>\n<\/li>\n<li data-start=\"2396\" data-end=\"2438\">\n<p data-start=\"2398\" data-end=\"2438\">\u00fct\u00e9s\u00e1ll\u00f3 \u00e9s k\u00f6nny\u0171 polikarbon\u00e1t lencse<\/p>\n<\/li>\n<li data-start=\"2439\" data-end=\"2488\">\n<p data-start=\"2441\" data-end=\"2488\">p\u00e1r\u00e1sod\u00e1s cs\u00f6kkent\u00e9s\u00e9re kialak\u00edtott strukt\u00fara<\/p>\n<\/li>\n<li data-start=\"2489\" data-end=\"2519\">\n<p data-start=\"2491\" data-end=\"2519\">puha, k\u00e9nyelmes arcszivacs<\/p>\n<\/li>\n<li data-start=\"2520\" data-end=\"2553\">\n<p data-start=\"2522\" data-end=\"2553\">cs\u00fasz\u00e1sg\u00e1tl\u00f3s, \u00e1ll\u00edthat\u00f3 p\u00e1nt<\/p>\n<\/li>\n<li data-start=\"2554\" data-end=\"2590\">\n<p data-start=\"2556\" data-end=\"2590\">sisakkal kompatibilis kialak\u00edt\u00e1s<\/p>\n<\/li>\n<li data-start=\"2591\" data-end=\"2628\">\n<p data-start=\"2593\" data-end=\"2628\"><strong data-start=\"2593\" data-end=\"2626\">Olaszorsz\u00e1gban gy\u00e1rtott keret<\/strong><\/p>\n<\/li>\n<li data-start=\"2629\" data-end=\"2685\">\n<p data-start=\"2631\" data-end=\"2685\">Ide\u00e1lis <strong data-start=\"2639\" data-end=\"2683\">sz\u0171kebb arcform\u00e1hoz vagy junior m\u00e9rethez<\/strong><\/p>\n<\/li>\n<li data-start=\"2686\" data-end=\"2743\">\n<p data-start=\"2688\" data-end=\"2743\"><strong data-start=\"2688\" data-end=\"2715\">RX optikai bet\u00e9t ingyen<\/strong>, ha n\u00e1lunk k\u00e9sz\u00edtteted el<\/p>\n<\/li>\n<\/ul>\n<hr data-start=\"2745\" data-end=\"2748\" \/>\n<h2 data-start=\"2750\" data-end=\"2777\">\ud83d\udccb <strong data-start=\"2756\" data-end=\"2777\">Haszn\u00e1lati tan\u00e1cs<\/strong><\/h2>\n<ul data-start=\"2778\" data-end=\"3079\">\n<li data-start=\"2778\" data-end=\"2873\">\n<p data-start=\"2780\" data-end=\"2873\">Az RX optikai bet\u00e9tet mindig optikus szak\u00fczletben k\u00e9sz\u00edttesd el a pontos dioptri\u00e1d szerint.<\/p>\n<\/li>\n<li data-start=\"2874\" data-end=\"2996\">\n<p data-start=\"2876\" data-end=\"2996\">A s\u00edszem\u00fcveg lencs\u00e9j\u00e9t ne kezeld agressz\u00edv vegyszerekkel \u2014 csak k\u00edm\u00e9letes, szem\u00fcveghez val\u00f3 tiszt\u00edt\u00f3szereket haszn\u00e1lj.<\/p>\n<\/li>\n<li data-start=\"2997\" data-end=\"3079\">\n<p data-start=\"2999\" data-end=\"3079\">Haszn\u00e1lat ut\u00e1n hagyd nyitva a s\u00edszem\u00fcveget, hogy a bels\u0151 nedvess\u00e9g elp\u00e1rologjon.<\/p>\n<\/li>\n<\/ul>","protected":false},"excerpt":{"rendered":"<p>A <strong data-start=\"417\" data-end=\"459\">ZEISS GGG10JN dioptri\u00e1zhat\u00f3 s\u00edszem\u00fcveg<\/strong> pr\u00e9mium min\u0151s\u00e9g\u0171, RX optikai bet\u00e9ttel b\u0151v\u00edthet\u0151 modell, amely \u00e9les, kontrasztos l\u00e1t\u00e1st biztos\u00edt s\u00edel\u00e9s vagy snowboardoz\u00e1s k\u00f6zben \u2014 k\u00fcl\u00f6n\u00f6sen sz\u0171kebb arcform\u00e1hoz, junior vagy keskenyebb fejm\u00e9rethez is j\u00f3l illeszked\u0151 kialak\u00edt\u00e1ssal.<\/p>","protected":false},"featured_media":18151,"comment_status":"open","ping_status":"closed","template":"","meta":{"_seopress_robots_primary_cat":"none","_seopress_titles_title":"","_seopress_titles_desc":"","_seopress_robots_index":""},"product_cat":[1373,59,58],"product_tag":[1364,1383,1380,1386,1371,1382,1385,1384,1381],"class_list":{"0":"post-16329","1":"product","2":"type-product","3":"status-publish","4":"has-post-thumbnail","6":"product_cat-siszemuveg","7":"product_cat-products_sunglasses","8":"product_cat-products_frame","9":"product_tag-dioptriazhato-siszemuveg","10":"product_tag-junior-siszemuveg","11":"product_tag-olasz-gyartasu-siszemuveg","12":"product_tag-polikarbonat-lencse-sieleshez","13":"product_tag-premium-siszemuveg","14":"product_tag-rx-siszemuveg","15":"product_tag-sieles-lataskomfort","16":"product_tag-szuk-arcformahoz-szemuveg","17":"product_tag-zeiss-ggg10jn","19":"first","20":"instock","21":"taxable","22":"shipping-taxable","23":"purchasable","24":"product-type-simple"},"_links":{"self":[{"href":"https:\/\/eyewearstore.hu\/en\/wp-json\/wp\/v2\/product\/16329","targetHints":{"allow":["GET"]}}],"collection":[{"href":"https:\/\/eyewearstore.hu\/en\/wp-json\/wp\/v2\/product"}],"about":[{"href":"https:\/\/eyewearstore.hu\/en\/wp-json\/wp\/v2\/types\/product"}],"replies":[{"embeddable":true,"href":"https:\/\/eyewearstore.hu\/en\/wp-json\/wp\/v2\/comments?post=16329"}],"wp:featuredmedia":[{"embeddable":true,"href":"https:\/\/eyewearstore.hu\/en\/wp-json\/wp\/v2\/media\/18151"}],"wp:attachment":[{"href":"https:\/\/eyewearstore.hu\/en\/wp-json\/wp\/v2\/media?parent=16329"}],"wp:term":[{"taxonomy":"product_cat","embeddable":true,"href":"https:\/\/eyewearstore.hu\/en\/wp-json\/wp\/v2\/product_cat?post=16329"},{"taxonomy":"product_tag","embeddable":true,"href":"https:\/\/eyewearstore.hu\/en\/wp-json\/wp\/v2\/product_tag?post=16329"}],"curies":[{"name":"wp","href":"https:\/\/api.w.org\/{rel}","templated":true}]}}