
{"id":16195,"date":"2025-06-05T11:44:45","date_gmt":"2025-06-05T09:44:45","guid":{"rendered":"https:\/\/eyewearstore.hu\/termek\/nanovista-nao3031652-fangame-3-0-50-15-133\/"},"modified":"2026-04-03T13:46:45","modified_gmt":"2026-04-03T11:46:45","slug":"nanovista-nao3031652-fangame-3-0-50-15-133","status":"publish","type":"product","link":"https:\/\/eyewearstore.hu\/en\/product\/nanovista-nao3031652-fangame-3-0-50-15-133\/","title":{"rendered":"Nanovista NAO3031652 FANGAME 3.0 50\/15\/133"},"content":{"rendered":"<p>A Nanovista gyermekkereteket kifejezetten a legakt\u00edvabb kisgyerekek ig\u00e9nyeihez tervezt\u00e9k. Ezek a keretek nem ismernek lehetetlent: hajl\u00edthat\u00f3k, gy\u0171rhet\u0151k, eldobhat\u00f3k \u2013 \u00e9s m\u00e9g mindig b\u00edrj\u00e1k! A titok a speci\u00e1lis SILIFLEX\u2122 anyag, amely nemcsak rendk\u00edv\u00fcl rugalmas, de hipoallerg\u00e9n is, \u00edgy nem irrit\u00e1lja a gyermek \u00e9rz\u00e9keny b\u0151r\u00e9t.<\/p>\n<p>Minden modellhez k\u00e9tf\u00e9le visel\u00e9si lehet\u0151s\u00e9g j\u00e1r:<br \/>\n&#8211; klasszikus sz\u00e1r a h\u00e9tk\u00f6znapokra<br \/>\n&#8211; rugalmas p\u00e1nt akt\u00edv helyzetekre<\/p>\n<p>El\u0151ny\u00f6k:<br \/>\n&#8211; T\u00f6rhetetlen, rugalmas SILIFLEX\u2122 anyag<br \/>\n&#8211; Hipoallerg\u00e9n kivitel<br \/>\n&#8211; K\u00e9tf\u00e9le sz\u00e1r<br \/>\n&#8211; Vid\u00e1m sz\u00ednek \u00e9s m\u00e9retek t\u00f6bb koroszt\u00e1lynak<\/p>","protected":false},"excerpt":{"rendered":"<p>Olyan szem\u00fcveget keresel gyermekednek, ami nem t\u00f6rik el az els\u0151 es\u00e9sn\u00e9l? A Nanovista gyerekkeretek \u00fagy k\u00e9sz\u00fcltek, hogy kib\u00edrj\u00e1k a mindennapi ny\u00faz\u00e1st: hajl\u00edthat\u00f3k, \u00fct\u00e9s\u00e1ll\u00f3k \u00e9s elk\u00e9peszt\u0151en tart\u00f3sak. K\u00f6nny\u0171, hipoallerg\u00e9n anyaguk k\u00e9nyelmes viseletet biztos\u00edt az iskol\u00e1ban, otthon vagy sportol\u00e1s k\u00f6zben is. K\u00e9tf\u00e9le visel\u00e9si m\u00f3d \u2013 klasszikus sz\u00e1r vagy rugalmas p\u00e1nt \u2013 minden helyzetre felk\u00e9sz\u00edti a keretet. Egy szem\u00fcveg, amit gyerekekre szabtak \u2013 strapab\u00edr\u00f3, vid\u00e1m \u00e9s megb\u00edzhat\u00f3.<\/p>","protected":false},"featured_media":16481,"comment_status":"open","ping_status":"closed","template":"","meta":{"_seopress_robots_primary_cat":"none","_seopress_titles_title":"","_seopress_titles_desc":"","_seopress_robots_index":""},"product_cat":[58,64,72,85,88],"product_tag":[],"class_list":{"0":"post-16195","1":"product","2":"type-product","3":"status-publish","4":"has-post-thumbnail","6":"product_cat-products_frame","7":"product_cat-gyermek","8":"product_cat-nanovista","9":"product_cat-teli-keret","10":"product_cat-torhetetlen","12":"first","13":"instock","14":"taxable","15":"shipping-taxable","16":"purchasable","17":"product-type-simple"},"_links":{"self":[{"href":"https:\/\/eyewearstore.hu\/en\/wp-json\/wp\/v2\/product\/16195","targetHints":{"allow":["GET"]}}],"collection":[{"href":"https:\/\/eyewearstore.hu\/en\/wp-json\/wp\/v2\/product"}],"about":[{"href":"https:\/\/eyewearstore.hu\/en\/wp-json\/wp\/v2\/types\/product"}],"replies":[{"embeddable":true,"href":"https:\/\/eyewearstore.hu\/en\/wp-json\/wp\/v2\/comments?post=16195"}],"wp:featuredmedia":[{"embeddable":true,"href":"https:\/\/eyewearstore.hu\/en\/wp-json\/wp\/v2\/media\/16481"}],"wp:attachment":[{"href":"https:\/\/eyewearstore.hu\/en\/wp-json\/wp\/v2\/media?parent=16195"}],"wp:term":[{"taxonomy":"product_cat","embeddable":true,"href":"https:\/\/eyewearstore.hu\/en\/wp-json\/wp\/v2\/product_cat?post=16195"},{"taxonomy":"product_tag","embeddable":true,"href":"https:\/\/eyewearstore.hu\/en\/wp-json\/wp\/v2\/product_tag?post=16195"}],"curies":[{"name":"wp","href":"https:\/\/api.w.org\/{rel}","templated":true}]}}