
{"id":16159,"date":"2025-06-05T11:44:22","date_gmt":"2025-06-05T09:44:22","guid":{"rendered":"https:\/\/eyewearstore.hu\/termek\/nanovista-nao671346sc-power-up-sc-44-17-127\/"},"modified":"2026-02-13T19:01:26","modified_gmt":"2026-02-13T18:01:26","slug":"nanovista-nao671346sc-power-up-sc-44-17-127","status":"publish","type":"product","link":"https:\/\/eyewearstore.hu\/en\/product\/nanovista-nao671346sc-power-up-sc-44-17-127\/","title":{"rendered":"NANOVISTA NAO671346SC POWER UP SC 44\/17\/127"},"content":{"rendered":"<p>A Nanovista napszem\u00fcveg el\u0151t\u00e9tes modelljei val\u00f3di 2 az 1-ben megold\u00e1st k\u00edn\u00e1lnak: a m\u00e1gneses clip-on el\u0151t\u00e9t seg\u00edts\u00e9g\u00e9vel az optikai keret m\u00e1sodpercek alatt teljes \u00e9rt\u00e9k\u0171 UV-sz\u0171r\u0151s napszem\u00fcvegg\u00e9 alak\u00edthat\u00f3. Ide\u00e1lis azoknak a gyerekeknek, akik sokat vannak a szabadban vagy f\u00e9ny\u00e9rz\u00e9kenyek.<\/p>\n<p>Ugyan\u00fagy tart\u00f3s SILIFLEX\u2122 anyagb\u00f3l k\u00e9sz\u00fclnek, mint a norm\u00e1l modellek, \u00edgy rugalmasak, k\u00f6nny\u0171ek, \u00e9s hipoallerg\u00e9nek. A csomag tartalmaz norm\u00e1l sz\u00e1rat \u00e9s sportp\u00e1ntot is, \u00edgy minden helyzetre k\u00e9szen \u00e1ll.<\/p>\n<p>El\u0151ny\u00f6k:<br \/>\n&#8211; M\u00e1gneses napszem\u00fcveg el\u0151t\u00e9t UV-v\u00e9delemmel<br \/>\n&#8211; Strapab\u00edr\u00f3 \u00e9s gyerekbar\u00e1t kialak\u00edt\u00e1s<br \/>\n&#8211; K\u00e9tf\u00e9le visel\u00e9si m\u00f3d<br \/>\n&#8211; \u00c9l\u00e9nk sz\u00ednek, modern forma<\/p>","protected":false},"excerpt":{"rendered":"<p>Ez a keret nem csak egy gyerek szem\u00fcveg \u2013 ez egy okos megold\u00e1s minden helyzetre! A Nanovista m\u00e1gneses napszem\u00fcveg el\u0151t\u00e9tje m\u00e1sodpercek alatt r\u00f6gz\u00edthet\u0151, \u00edgy a belt\u00e9ri szem\u00fcvegb\u0151l teljes \u00e9rt\u00e9k\u0171 UV-v\u00e9delmet ny\u00fajt\u00f3 napszem\u00fcveg lesz. A keret szuperk\u00f6nny\u0171, rugalmas \u00e9s strapab\u00edr\u00f3 \u2013 gond n\u00e9lk\u00fcl b\u00edrja a mindennapi ig\u00e9nybev\u00e9telt: j\u00e1t\u00e9kot, fut\u00e1st, pakol\u00e1st \u00e9s iskolai ny\u00fczsg\u00e9st is. H\u00e9tk\u00f6znapi viseletre \u00e9s szabadt\u00e9ri programokra is ide\u00e1lis. Praktikus, modern, \u00e9s elk\u00e9peszt\u0151en men\u0151 \u2013 ez a gyerekek kedvenc multifunkci\u00f3s szem\u00fcvege.<\/p>","protected":false},"featured_media":4246,"comment_status":"open","ping_status":"closed","template":"","meta":{"_seopress_robots_primary_cat":"none","_seopress_titles_title":"","_seopress_titles_desc":"","_seopress_robots_index":""},"product_cat":[64,72,58,112,85,88],"product_tag":[1012,1011,1016,995,1010,1018,1019,994,1009,1017,1000,1014,1013,1015],"class_list":{"0":"post-16159","1":"product","2":"type-product","3":"status-publish","4":"has-post-thumbnail","6":"product_cat-gyermek","7":"product_cat-nanovista","8":"product_cat-products_frame","9":"product_cat-szemuvegkeretek-napszemuveg-elotettel","10":"product_cat-teli-keret","11":"product_cat-torhetetlen","12":"product_tag-2-az-1-ben-szemuveg","13":"product_tag-gyerek-napszemuveg","14":"product_tag-gyerek-napszemuveg-elotet","15":"product_tag-gyerek-szemuveg","16":"product_tag-magneses-elotet","17":"product_tag-magneses-napszemuveg","18":"product_tag-multifunkcios-gyerekkeret","19":"product_tag-nanovista","20":"product_tag-napszemuveg-elotet","21":"product_tag-pantos-gyerekszemuveg","22":"product_tag-siliflex","23":"product_tag-sportos-szemuveg","24":"product_tag-toresallo-gyerekkeret","25":"product_tag-uv-vedelem","27":"first","28":"instock","29":"taxable","30":"shipping-taxable","31":"purchasable","32":"product-type-simple"},"_links":{"self":[{"href":"https:\/\/eyewearstore.hu\/en\/wp-json\/wp\/v2\/product\/16159","targetHints":{"allow":["GET"]}}],"collection":[{"href":"https:\/\/eyewearstore.hu\/en\/wp-json\/wp\/v2\/product"}],"about":[{"href":"https:\/\/eyewearstore.hu\/en\/wp-json\/wp\/v2\/types\/product"}],"replies":[{"embeddable":true,"href":"https:\/\/eyewearstore.hu\/en\/wp-json\/wp\/v2\/comments?post=16159"}],"wp:featuredmedia":[{"embeddable":true,"href":"https:\/\/eyewearstore.hu\/en\/wp-json\/wp\/v2\/media\/4246"}],"wp:attachment":[{"href":"https:\/\/eyewearstore.hu\/en\/wp-json\/wp\/v2\/media?parent=16159"}],"wp:term":[{"taxonomy":"product_cat","embeddable":true,"href":"https:\/\/eyewearstore.hu\/en\/wp-json\/wp\/v2\/product_cat?post=16159"},{"taxonomy":"product_tag","embeddable":true,"href":"https:\/\/eyewearstore.hu\/en\/wp-json\/wp\/v2\/product_tag?post=16159"}],"curies":[{"name":"wp","href":"https:\/\/api.w.org\/{rel}","templated":true}]}}