
{"id":15976,"date":"2025-05-09T14:19:37","date_gmt":"2025-05-09T12:19:37","guid":{"rendered":"https:\/\/eyewearstore.hu\/?post_type=product&#038;p=15976"},"modified":"2025-08-01T16:03:04","modified_gmt":"2025-08-01T14:03:04","slug":"ote-fine-200-ml-kontaktlencse-folyadek-tokkal","status":"publish","type":"product","link":"https:\/\/eyewearstore.hu\/en\/product\/ote-fine-200-ml-kontaktlencse-folyadek-tokkal\/","title":{"rendered":"Ot\u00e9 Fine 200 ml kontaktlencse folyad\u00e9k tokkal"},"content":{"rendered":"<p dir=\"ltr\" data-placeholder=\"Ford\u00edt\u00e1s\"><\/p>\n<p class=\"\" data-start=\"424\" data-end=\"786\">Az <strong data-start=\"427\" data-end=\"439\">Ot\u00e9 Fine<\/strong> egy t\u00f6bbfunkci\u00f3s, pr\u00e9mium min\u0151s\u00e9g\u0171 kontaktlencse \u00e1pol\u00f3szer, amelyet <strong data-start=\"508\" data-end=\"555\">kem\u00e9ny \u00e9s g\u00e1z\u00e1tereszt\u0151 (RGP) kontaktlencs\u00e9k<\/strong> napi tiszt\u00edt\u00e1s\u00e1ra, fert\u0151tlen\u00edt\u00e9s\u00e9re, \u00f6bl\u00edt\u00e9s\u00e9re \u00e9s t\u00e1rol\u00e1s\u00e1ra fejlesztettek ki. A k\u00e9sz\u00edtm\u00e9ny gondosan kiegyens\u00falyozott \u00f6sszet\u00e9tele hat\u00e9konyan elt\u00e1vol\u00edtja a feh\u00e9rje- \u00e9s lipidlerak\u00f3d\u00e1sokat, mik\u00f6zben k\u00edm\u00e9letes marad a szemfelsz\u00ednhez.<\/p>\n<p class=\"\" data-start=\"788\" data-end=\"1065\">A rendszeres haszn\u00e1lat el\u0151seg\u00edti a kontaktlencs\u00e9k \u00e9lettartam\u00e1nak meghosszabb\u00edt\u00e1s\u00e1t, fenntartja azok optikai tisztas\u00e1g\u00e1t \u00e9s visel\u00e9si k\u00e9nyelm\u00e9t. A formula nem tartalmaz durva vagy agressz\u00edv tiszt\u00edt\u00f3 anyagokat, \u00edgy biztons\u00e1gos a szem sz\u00e1m\u00e1ra, m\u00e9g hossz\u00fa t\u00e1v\u00fa haszn\u00e1lat mellett is.<\/p>\n<hr class=\"\" data-start=\"1067\" data-end=\"1070\" \/>\n<h4 class=\"\" data-start=\"1072\" data-end=\"1101\"><strong data-start=\"1077\" data-end=\"1101\">Haszn\u00e1lati utas\u00edt\u00e1s:<\/strong><\/h4>\n<ol data-start=\"1103\" data-end=\"1787\">\n<li class=\"\" data-start=\"1103\" data-end=\"1361\">\n<p class=\"\" data-start=\"1106\" data-end=\"1361\"><strong data-start=\"1106\" data-end=\"1119\">Tiszt\u00edt\u00e1s<\/strong><br data-start=\"1119\" data-end=\"1122\" \/>A lencs\u00e9k kiv\u00e9tele ut\u00e1n helyezd \u0151ket a tenyeredbe, majd \u00f6nts r\u00e1juk elegend\u0151 mennyis\u00e9g\u0171 folyad\u00e9kot. Ujjbeggyel \u00f3vatosan d\u00f6rzs\u00f6ld meg a lencs\u00e9k mindk\u00e9t oldal\u00e1t kb. 20 m\u00e1sodpercig. Ez seg\u00edt elt\u00e1vol\u00edtani a szennyez\u0151d\u00e9seket \u00e9s lerak\u00f3d\u00e1sokat.<\/p>\n<\/li>\n<li class=\"\" data-start=\"1363\" data-end=\"1452\">\n<p class=\"\" data-start=\"1366\" data-end=\"1452\"><strong data-start=\"1366\" data-end=\"1377\">\u00d6bl\u00edt\u00e9s<\/strong><br data-start=\"1377\" data-end=\"1380\" \/>A megtiszt\u00edtott lencs\u00e9ket friss adag folyad\u00e9kkal alaposan \u00f6bl\u00edtsd le.<\/p>\n<\/li>\n<li class=\"\" data-start=\"1454\" data-end=\"1679\">\n<p class=\"\" data-start=\"1457\" data-end=\"1679\"><strong data-start=\"1457\" data-end=\"1485\">Fert\u0151tlen\u00edt\u00e9s \u00e9s t\u00e1rol\u00e1s<\/strong><br data-start=\"1485\" data-end=\"1488\" \/>Helyezd a lencs\u00e9ket a tart\u00f3jukba, majd t\u00f6ltsd fel a tokot friss oldattal \u00fagy, hogy a lencs\u00e9k teljesen ellepve maradjanak. Hagyd \u00e1llni legal\u00e1bb <strong data-start=\"1634\" data-end=\"1647\">4 \u00f3r\u00e1n \u00e1t<\/strong>, vagy eg\u00e9sz \u00e9jszak\u00e1n kereszt\u00fcl.<\/p>\n<\/li>\n<li class=\"\" data-start=\"1681\" data-end=\"1787\">\n<p class=\"\" data-start=\"1684\" data-end=\"1787\"><strong data-start=\"1684\" data-end=\"1703\">Haszn\u00e1lat el\u0151tt<\/strong><br data-start=\"1703\" data-end=\"1706\" \/>A lencs\u00e9k visel\u00e9se el\u0151tt \u00fajra\u00f6bl\u00edt\u00e9s aj\u00e1nlott, k\u00fcl\u00f6n\u00f6sen \u00e9rz\u00e9keny szem eset\u00e9n.<\/p>\n<\/li>\n<\/ol>\n<hr class=\"\" data-start=\"1789\" data-end=\"1792\" \/>\n<h4 class=\"\" data-start=\"1794\" data-end=\"1820\"><strong data-start=\"1799\" data-end=\"1820\">Figyelmeztet\u00e9sek:<\/strong><\/h4>\n<ul data-start=\"1821\" data-end=\"2112\">\n<li class=\"\" data-start=\"1821\" data-end=\"1919\">\n<p class=\"\" data-start=\"1823\" data-end=\"1919\">Mindig haszn\u00e1lj friss folyad\u00e9kot \u2013 a m\u00e1r haszn\u00e1lt oldatot ne \u00f6ntsd vissza \u00e9s ne haszn\u00e1ld \u00fajra.<\/p>\n<\/li>\n<li class=\"\" data-start=\"1920\" data-end=\"1993\">\n<p class=\"\" data-start=\"1922\" data-end=\"1993\">\u00dcgyelj arra, hogy a flakon sz\u00e1ja ne \u00e9rintkezzen semmilyen fel\u00fclettel.<\/p>\n<\/li>\n<li class=\"\" data-start=\"1994\" data-end=\"2042\">\n<p class=\"\" data-start=\"1996\" data-end=\"2042\">Haszn\u00e1lat ut\u00e1n a flakont mindig z\u00e1rd vissza.<\/p>\n<\/li>\n<li class=\"\" data-start=\"2043\" data-end=\"2077\">\n<p class=\"\" data-start=\"2045\" data-end=\"2077\">Gyermekekt\u0151l elz\u00e1rva tartand\u00f3.<\/p>\n<\/li>\n<li class=\"\" data-start=\"2078\" data-end=\"2112\">\n<p class=\"\" data-start=\"2080\" data-end=\"2112\">Ne haszn\u00e1ld a lej\u00e1rati id\u0151 ut\u00e1n.<\/p>\n<\/li>\n<\/ul>\n<hr class=\"\" data-start=\"2114\" data-end=\"2117\" \/>\n<h4 class=\"\" data-start=\"2119\" data-end=\"2142\"><strong data-start=\"2124\" data-end=\"2142\">Tulajdons\u00e1gok:<\/strong><\/h4>\n<ul data-start=\"2143\" data-end=\"2397\">\n<li class=\"\" data-start=\"2143\" data-end=\"2195\">\n<p class=\"\" data-start=\"2145\" data-end=\"2195\">Kifejezetten <strong data-start=\"2158\" data-end=\"2193\">kem\u00e9ny \u00e9s RGP kontaktlencs\u00e9khez<\/strong><\/p>\n<\/li>\n<li class=\"\" data-start=\"2196\" data-end=\"2236\">\n<p class=\"\" data-start=\"2198\" data-end=\"2236\">Tiszt\u00edt, fert\u0151tlen\u00edt, \u00f6bl\u00edt \u00e9s t\u00e1rol<\/p>\n<\/li>\n<li class=\"\" data-start=\"2237\" data-end=\"2280\">\n<p class=\"\" data-start=\"2239\" data-end=\"2280\">Elt\u00e1vol\u00edtja a feh\u00e9rje- \u00e9s zs\u00edrr\u00e9tegeket<\/p>\n<\/li>\n<li class=\"\" data-start=\"2281\" data-end=\"2335\">\n<p class=\"\" data-start=\"2283\" data-end=\"2335\">K\u00edm\u00e9letes \u00f6sszetev\u0151k a szem \u00e9s a lencse v\u00e9delm\u00e9\u00e9rt<\/p>\n<\/li>\n<li class=\"\" data-start=\"2336\" data-end=\"2397\">\n<p class=\"\" data-start=\"2338\" data-end=\"2397\">Ide\u00e1lis napi haszn\u00e1latra, ak\u00e1r \u00e9rz\u00e9keny szem\u0171 visel\u0151knek is<\/p>\n<\/li>\n<\/ul>\n<hr class=\"\" data-start=\"2399\" data-end=\"2402\" \/>\n<p class=\"\" data-start=\"2404\" data-end=\"2580\">Az <strong data-start=\"2407\" data-end=\"2419\">Ot\u00e9 Fine<\/strong> megb\u00edzhat\u00f3 megold\u00e1st k\u00edn\u00e1l minden olyan visel\u0151nek, aki <strong data-start=\"2475\" data-end=\"2518\">kem\u00e9ny vagy g\u00e1z\u00e1tereszt\u0151 kontaktlencs\u00e9t<\/strong> haszn\u00e1l, \u00e9s hossz\u00fa t\u00e1von is tiszta, k\u00e9nyelmes l\u00e1t\u00e1sra v\u00e1gyik.<\/p>","protected":false},"excerpt":{"rendered":"<p id=\"tw-target-text\" class=\"tw-data-text tw-text-large tw-ta\" dir=\"ltr\" data-placeholder=\"Ford\u00edt\u00e1s\">Az <strong data-start=\"188\" data-end=\"200\">Ot\u00e9 Fine<\/strong> t\u00f6bbfunkci\u00f3s \u00e1pol\u00f3szer <strong data-start=\"224\" data-end=\"268\">kem\u00e9ny \u00e9s g\u00e1z\u00e1tereszt\u0151 kontaktlencs\u00e9khez<\/strong>, amely tiszt\u00edt, fert\u0151tlen\u00edt, \u00f6bl\u00edt \u00e9s t\u00e1rol egy l\u00e9p\u00e9sben. K\u00edm\u00e9letes formul\u00e1ja hat\u00e9konyan elt\u00e1vol\u00edtja a lerak\u00f3d\u00e1sokat, \u00e9s seg\u00edti a k\u00e9nyelmes lencsevisel\u00e9st eg\u00e9sz nap.<\/p>","protected":false},"featured_media":15977,"comment_status":"open","ping_status":"closed","template":"","meta":{"_seopress_robots_primary_cat":"none","_seopress_titles_title":"","_seopress_titles_desc":"","_seopress_robots_index":""},"product_cat":[94],"product_tag":[911,903,902,906,905,910,908,913,909,907,901,914,915,904,912],"class_list":{"0":"post-15976","1":"product","2":"type-product","3":"status-publish","4":"has-post-thumbnail","6":"product_cat-kontaktlencse-apoloszerek-es-szemcseppek","7":"product_tag-feherjeeltavolito-kontaktlencsehez","8":"product_tag-gazatereszto-kontaktlencse-folyadek","9":"product_tag-kemeny-kontaktlencse-apoloszer","10":"product_tag-kontaktlencse-fertotlenito-rgp-lencsehez","11":"product_tag-kontaktlencse-oldat-kemeny-lencsehez","12":"product_tag-kontaktlencse-tarolo-folyadek","13":"product_tag-lencseapolo-kemeny-kontaktlencsehez","14":"product_tag-napi-hasznalatu-lencseoldat","15":"product_tag-ote-fine-120-ml","16":"product_tag-ote-fine-hasznalati-utasitas","17":"product_tag-ote-fine-kontaktlencse-folyadek","18":"product_tag-ote-fine-velemeny","19":"product_tag-rgp-kontaktlencse-tisztito-folyadek","20":"product_tag-rgp-lencse-tisztito","21":"product_tag-szemkimelo-lencsefolyadek","23":"first","24":"instock","25":"taxable","26":"shipping-taxable","27":"purchasable","28":"product-type-simple"},"_links":{"self":[{"href":"https:\/\/eyewearstore.hu\/en\/wp-json\/wp\/v2\/product\/15976","targetHints":{"allow":["GET"]}}],"collection":[{"href":"https:\/\/eyewearstore.hu\/en\/wp-json\/wp\/v2\/product"}],"about":[{"href":"https:\/\/eyewearstore.hu\/en\/wp-json\/wp\/v2\/types\/product"}],"replies":[{"embeddable":true,"href":"https:\/\/eyewearstore.hu\/en\/wp-json\/wp\/v2\/comments?post=15976"}],"wp:featuredmedia":[{"embeddable":true,"href":"https:\/\/eyewearstore.hu\/en\/wp-json\/wp\/v2\/media\/15977"}],"wp:attachment":[{"href":"https:\/\/eyewearstore.hu\/en\/wp-json\/wp\/v2\/media?parent=15976"}],"wp:term":[{"taxonomy":"product_cat","embeddable":true,"href":"https:\/\/eyewearstore.hu\/en\/wp-json\/wp\/v2\/product_cat?post=15976"},{"taxonomy":"product_tag","embeddable":true,"href":"https:\/\/eyewearstore.hu\/en\/wp-json\/wp\/v2\/product_tag?post=15976"}],"curies":[{"name":"wp","href":"https:\/\/api.w.org\/{rel}","templated":true}]}}