
{"id":15908,"date":"2025-05-06T11:49:32","date_gmt":"2025-05-06T09:49:32","guid":{"rendered":"https:\/\/eyewearstore.hu\/?post_type=product&#038;p=15908"},"modified":"2025-08-01T16:03:06","modified_gmt":"2025-08-01T14:03:06","slug":"gyumolcs-mintas-szemuvegtok","status":"publish","type":"product","link":"https:\/\/eyewearstore.hu\/en\/product\/gyumolcs-mintas-szemuvegtok\/","title":{"rendered":"Gy\u00fcm\u00f6lcs mint\u00e1s szem\u00fcvegtok"},"content":{"rendered":"","protected":false},"excerpt":{"rendered":"<p>Kem\u00e9ny, ac\u00e9l zsan\u00e9ros szem\u00fcvegtok, puha textil bor\u00edt\u00e1s.<\/p>\n<p>Norm\u00e1l m\u00e9ret: 155mm x 50mm x 30mm<\/p>","protected":false},"featured_media":15895,"comment_status":"open","ping_status":"closed","template":"","meta":{"_seopress_robots_primary_cat":"none","_seopress_titles_title":"","_seopress_titles_desc":"","_seopress_robots_index":""},"product_cat":[34,98],"product_tag":[],"class_list":{"0":"post-15908","1":"product","2":"type-product","3":"status-publish","4":"has-post-thumbnail","6":"product_cat-egyeb","7":"product_cat-szemuvegtok","9":"first","10":"instock","11":"taxable","12":"shipping-taxable","13":"purchasable","14":"product-type-simple"},"_links":{"self":[{"href":"https:\/\/eyewearstore.hu\/en\/wp-json\/wp\/v2\/product\/15908","targetHints":{"allow":["GET"]}}],"collection":[{"href":"https:\/\/eyewearstore.hu\/en\/wp-json\/wp\/v2\/product"}],"about":[{"href":"https:\/\/eyewearstore.hu\/en\/wp-json\/wp\/v2\/types\/product"}],"replies":[{"embeddable":true,"href":"https:\/\/eyewearstore.hu\/en\/wp-json\/wp\/v2\/comments?post=15908"}],"wp:featuredmedia":[{"embeddable":true,"href":"https:\/\/eyewearstore.hu\/en\/wp-json\/wp\/v2\/media\/15895"}],"wp:attachment":[{"href":"https:\/\/eyewearstore.hu\/en\/wp-json\/wp\/v2\/media?parent=15908"}],"wp:term":[{"taxonomy":"product_cat","embeddable":true,"href":"https:\/\/eyewearstore.hu\/en\/wp-json\/wp\/v2\/product_cat?post=15908"},{"taxonomy":"product_tag","embeddable":true,"href":"https:\/\/eyewearstore.hu\/en\/wp-json\/wp\/v2\/product_tag?post=15908"}],"curies":[{"name":"wp","href":"https:\/\/api.w.org\/{rel}","templated":true}]}}