
{"id":15044,"date":"2025-04-03T09:59:17","date_gmt":"2025-04-03T07:59:17","guid":{"rendered":"https:\/\/eyewearstore.hu\/?post_type=product&#038;p=15044"},"modified":"2026-04-05T13:46:07","modified_gmt":"2026-04-05T11:46:07","slug":"tom-tailor-60640-406-49-19-135","status":"publish","type":"product","link":"https:\/\/eyewearstore.hu\/en\/product\/tom-tailor-60640-406-49-19-135\/","title":{"rendered":"TOM TAILOR 60640 406 49\/19\/135"},"content":{"rendered":"<h3><strong>Tom Tailor szem\u00fcvegkeretek \u00e9s napszem\u00fcvegek \u2013 St\u00edlus, ami illik hozz\u00e1d<\/strong><\/h3>\n<p>A\u00a0<strong>Tom Tailor<\/strong>\u00a0szem\u00fcvegkeretek \u00e9s napszem\u00fcvegek a lezser elegancia \u00e9s a mindennapi viselhet\u0151s\u00e9g t\u00f6k\u00e9letes kombin\u00e1ci\u00f3j\u00e1t k\u00edn\u00e1lj\u00e1k. A m\u00e1rka a modern v\u00e1rosi \u00e9letst\u00edlust k\u00e9pviseli, mik\u00f6zben k\u00e9nyelmes, id\u0151t\u00e1ll\u00f3 \u00e9s m\u00e9gis divatos darabokat biztos\u00edt azoknak, akik szeretik a term\u00e9szetes megjelen\u00e9st \u00e9s az \u00f6nazonoss\u00e1got.<\/p>\n<p><strong>Mi jellemzi a Tom Tailor kereteket \u00e9s napszem\u00fcvegeket?<\/strong><\/p>\n<ul>\n<li>Letisztult form\u00e1k, finom r\u00e9szletek<\/li>\n<li>K\u00f6nny\u0171, m\u00e9gis tart\u00f3s anyaghaszn\u00e1lat<\/li>\n<li>V\u00e1ltozatos sz\u00ednvil\u00e1g \u2013 a klasszikus \u00e1rnyalatokt\u00f3l a friss, trendi sz\u00ednekig<\/li>\n<li>Kiv\u00e1l\u00f3 \u00e1r-\u00e9rt\u00e9k ar\u00e1ny<\/li>\n<li>Unisex modellek \u00e9s k\u00fcl\u00f6n n\u0151i\/f\u00e9rfi st\u00edlusok<\/li>\n<\/ul>\n<p>A Tom Tailor k\u00edn\u00e1lata ide\u00e1lis v\u00e1laszt\u00e1s mindazoknak, akik egy j\u00f3l kombin\u00e1lhat\u00f3, visszafogott, m\u00e9gis st\u00edlusos kieg\u00e9sz\u00edt\u0151t keresnek \u2013 legyen sz\u00f3 mindennapi viseletr\u0151l, irodai megjelen\u00e9sr\u0151l vagy h\u00e9tv\u00e9gi programokr\u00f3l.<\/p>","protected":false},"excerpt":{"rendered":"<p>Tom Tailor szem\u00fcvegkeretek \u00e9s napszem\u00fcvegek \u2013 St\u00edlus, ami illik hozz\u00e1d A\u00a0Tom Tailor\u00a0szem\u00fcvegkeretek \u00e9s napszem\u00fcvegek a lezser elegancia \u00e9s a mindennapi viselhet\u0151s\u00e9g t\u00f6k\u00e9letes kombin\u00e1ci\u00f3j\u00e1t k\u00edn\u00e1lj\u00e1k. A m\u00e1rka a modern v\u00e1rosi \u00e9letst\u00edlust k\u00e9pviseli, mik\u00f6zben k\u00e9nyelmes, id\u0151t\u00e1ll\u00f3 \u00e9s m\u00e9gis divatos darabokat biztos\u00edt azoknak, akik szeretik a term\u00e9szetes megjelen\u00e9st \u00e9s az \u00f6nazonoss\u00e1got. Mi jellemzi a Tom Tailor kereteket \u00e9s [&hellip;]<\/p>","protected":false},"featured_media":16513,"comment_status":"open","ping_status":"closed","template":"","meta":{"_seopress_robots_primary_cat":"none","_seopress_titles_title":"","_seopress_titles_desc":"","_seopress_robots_index":""},"product_cat":[58,82,62,85,70],"product_tag":[],"class_list":{"0":"post-15044","1":"product","2":"type-product","3":"status-publish","4":"has-post-thumbnail","6":"product_cat-products_frame","7":"product_cat-fem","8":"product_cat-noi","9":"product_cat-teli-keret","10":"product_cat-tom-tailor","12":"first","13":"instock","14":"taxable","15":"shipping-taxable","16":"purchasable","17":"product-type-simple"},"_links":{"self":[{"href":"https:\/\/eyewearstore.hu\/en\/wp-json\/wp\/v2\/product\/15044","targetHints":{"allow":["GET"]}}],"collection":[{"href":"https:\/\/eyewearstore.hu\/en\/wp-json\/wp\/v2\/product"}],"about":[{"href":"https:\/\/eyewearstore.hu\/en\/wp-json\/wp\/v2\/types\/product"}],"replies":[{"embeddable":true,"href":"https:\/\/eyewearstore.hu\/en\/wp-json\/wp\/v2\/comments?post=15044"}],"wp:featuredmedia":[{"embeddable":true,"href":"https:\/\/eyewearstore.hu\/en\/wp-json\/wp\/v2\/media\/16513"}],"wp:attachment":[{"href":"https:\/\/eyewearstore.hu\/en\/wp-json\/wp\/v2\/media?parent=15044"}],"wp:term":[{"taxonomy":"product_cat","embeddable":true,"href":"https:\/\/eyewearstore.hu\/en\/wp-json\/wp\/v2\/product_cat?post=15044"},{"taxonomy":"product_tag","embeddable":true,"href":"https:\/\/eyewearstore.hu\/en\/wp-json\/wp\/v2\/product_tag?post=15044"}],"curies":[{"name":"wp","href":"https:\/\/api.w.org\/{rel}","templated":true}]}}