
{"id":13801,"date":"2025-03-21T10:08:32","date_gmt":"2025-03-21T09:08:32","guid":{"rendered":"https:\/\/eyewearstore.hu\/?post_type=product&#038;p=13801"},"modified":"2026-03-09T19:00:37","modified_gmt":"2026-03-09T18:00:37","slug":"police-vplp09-0z42-54-15-145","status":"publish","type":"product","link":"https:\/\/eyewearstore.hu\/en\/product\/police-vplp09-0z42-54-15-145\/","title":{"rendered":"POLICE VPLP09 0Z42 54\/15\/145"},"content":{"rendered":"<h3><strong>Police szem\u00fcvegkeret \u2013 Karakteres st\u00edlus, magabiztos megjelen\u00e9s<\/strong><\/h3>\n<p>A\u00a0<strong>Police szem\u00fcvegkeretek<\/strong>\u00a0azoknak k\u00e9sz\u00fclnek, akik nem f\u00e9lnek megmutatni \u00f6nmagukat. A m\u00e1rk\u00e1ra jellemz\u0151 vag\u00e1ny, v\u00e1rosi st\u00edlus \u00e9s mark\u00e1ns formatervez\u00e9s t\u00f6k\u00e9letes v\u00e1laszt\u00e1s mindazok sz\u00e1m\u00e1ra, akik szeretik az er\u0151teljes, m\u00e9gis kifinomult megjelen\u00e9st.<\/p>\n<p>A Police keretek egyedi r\u00e9szletekkel, modern anyagokkal \u00e9s f\u00e9rfias eleganci\u00e1val \u00f6tv\u00f6zik a divat \u00e9s funkcionalit\u00e1s vil\u00e1g\u00e1t. Az ikonikus design, a s\u00f6t\u00e9tebb sz\u00ednpaletta \u00e9s a hat\u00e1rozott vonalvezet\u00e9s egyar\u00e1nt kifejezi a m\u00e1rka dinamikus, v\u00e1rosi \u00e9letst\u00edlus\u00e1t.<\/p>\n<p><strong>Mi\u00e9rt v\u00e1laszd a Police keretet?<\/strong><\/p>\n<ul>\n<li>Karakteres, egyedi form\u00e1k \u00e9s vag\u00e1ny megjelen\u00e9s<\/li>\n<li>Min\u0151s\u00e9gi anyaghaszn\u00e1lat a tart\u00f3ss\u00e1g\u00e9rt \u00e9s k\u00e9nyelem\u00e9rt<\/li>\n<li>F\u00e9rfias, sportosan eleg\u00e1ns st\u00edlus<\/li>\n<li>T\u00f6k\u00e9letes v\u00e1laszt\u00e1s a modern v\u00e1rosi \u00e9lethez<\/li>\n<\/ul>\n<p>L\u00e9pj be a Police vil\u00e1g\u00e1ba, \u00e9s tal\u00e1ld meg azt a keretet, amely igaz\u00e1n kifejezi a szem\u00e9lyis\u00e9ged!<\/p>","protected":false},"excerpt":{"rendered":"<p>Police szem\u00fcvegkeret \u2013 Karakteres st\u00edlus, magabiztos megjelen\u00e9s A\u00a0Police szem\u00fcvegkeretek\u00a0azoknak k\u00e9sz\u00fclnek, akik nem f\u00e9lnek megmutatni \u00f6nmagukat. A m\u00e1rk\u00e1ra jellemz\u0151 vag\u00e1ny, v\u00e1rosi st\u00edlus \u00e9s mark\u00e1ns formatervez\u00e9s t\u00f6k\u00e9letes v\u00e1laszt\u00e1s mindazok sz\u00e1m\u00e1ra, akik szeretik az er\u0151teljes, m\u00e9gis kifinomult megjelen\u00e9st. A Police keretek egyedi r\u00e9szletekkel, modern anyagokkal \u00e9s f\u00e9rfias eleganci\u00e1val \u00f6tv\u00f6zik a divat \u00e9s funkcionalit\u00e1s vil\u00e1g\u00e1t. Az ikonikus design, a [&hellip;]<\/p>","protected":false},"featured_media":14619,"comment_status":"open","ping_status":"closed","template":"","meta":{"_seopress_robots_primary_cat":"none","_seopress_titles_title":"","_seopress_titles_desc":"","_seopress_robots_index":""},"product_cat":[58,61,81,65,85],"product_tag":[],"class_list":{"0":"post-13801","1":"product","2":"type-product","3":"status-publish","4":"has-post-thumbnail","6":"product_cat-products_frame","7":"product_cat-ferfi","8":"product_cat-muanyag","9":"product_cat-police","10":"product_cat-teli-keret","12":"first","13":"instock","14":"taxable","15":"shipping-taxable","16":"purchasable","17":"product-type-simple"},"_links":{"self":[{"href":"https:\/\/eyewearstore.hu\/en\/wp-json\/wp\/v2\/product\/13801","targetHints":{"allow":["GET"]}}],"collection":[{"href":"https:\/\/eyewearstore.hu\/en\/wp-json\/wp\/v2\/product"}],"about":[{"href":"https:\/\/eyewearstore.hu\/en\/wp-json\/wp\/v2\/types\/product"}],"replies":[{"embeddable":true,"href":"https:\/\/eyewearstore.hu\/en\/wp-json\/wp\/v2\/comments?post=13801"}],"wp:featuredmedia":[{"embeddable":true,"href":"https:\/\/eyewearstore.hu\/en\/wp-json\/wp\/v2\/media\/14619"}],"wp:attachment":[{"href":"https:\/\/eyewearstore.hu\/en\/wp-json\/wp\/v2\/media?parent=13801"}],"wp:term":[{"taxonomy":"product_cat","embeddable":true,"href":"https:\/\/eyewearstore.hu\/en\/wp-json\/wp\/v2\/product_cat?post=13801"},{"taxonomy":"product_tag","embeddable":true,"href":"https:\/\/eyewearstore.hu\/en\/wp-json\/wp\/v2\/product_tag?post=13801"}],"curies":[{"name":"wp","href":"https:\/\/api.w.org\/{rel}","templated":true}]}}