
{"id":13784,"date":"2025-03-21T10:08:26","date_gmt":"2025-03-21T09:08:26","guid":{"rendered":"https:\/\/eyewearstore.hu\/?post_type=product&#038;p=13784"},"modified":"2025-08-15T20:00:38","modified_gmt":"2025-08-15T18:00:38","slug":"furla-vfu827-0915-54-17-140","status":"publish","type":"product","link":"https:\/\/eyewearstore.hu\/en\/product\/furla-vfu827-0915-54-17-140\/","title":{"rendered":"FURLA VFU827 0915 54\/17\/140"},"content":{"rendered":"<h3><strong>Furla szem\u00fcvegkeret \u2013 Olasz elegancia minden napra<\/strong><\/h3>\n<p>A\u00a0<strong>Furla szem\u00fcvegkeretek<\/strong>\u00a0a kifinomult olasz divat megtestes\u00edt\u0151i. A m\u00e1rk\u00e1ra jellemz\u0151 st\u00edlusos formavil\u00e1g, letisztult r\u00e9szletek \u00e9s kiv\u00e1l\u00f3 min\u0151s\u00e9g\u0171 anyaghaszn\u00e1lat t\u00f6k\u00e9letes v\u00e1laszt\u00e1ss\u00e1 teszik ezeket a kereteket azok sz\u00e1m\u00e1ra, akik szeretn\u00e9k a mindennapjaikba is becsemp\u00e9szni az eleganci\u00e1t.<\/p>\n<p>A Furla modelljei egyes\u00edtik a klasszikus \u00e9s modern design elemeit, \u00edgy minden arcform\u00e1hoz \u00e9s st\u00edlushoz k\u00edn\u00e1lnak ide\u00e1lis megold\u00e1st \u2013 legyen sz\u00f3 \u00fczleti megjelen\u00e9sr\u0151l vagy laza h\u00e9tk\u00f6znapi viseletr\u0151l. K\u00f6nny\u0171, m\u00e9gis tart\u00f3s anyaghaszn\u00e1lat\u00e1nak k\u00f6sz\u00f6nhet\u0151en a keretek k\u00e9nyelmes viseletet biztos\u00edtanak eg\u00e9sz nap.<\/p>\n<p><strong>Mi\u00e9rt v\u00e1laszd a Furla keretet?<\/strong><\/p>\n<ul>\n<li>Olasz design \u00e9s divatos megjelen\u00e9s<\/li>\n<li>Pr\u00e9mium alapanyagok, k\u00e9nyelmes illeszked\u00e9s<\/li>\n<li>Sz\u00e9les forma- \u00e9s sz\u00ednv\u00e1laszt\u00e9k<\/li>\n<li>N\u0151ies \u00e9s id\u0151t\u00e1ll\u00f3 st\u00edlus<\/li>\n<\/ul>\n<p>&nbsp;<\/p>\n<p>Fedezd fel a Furla vil\u00e1g\u00e1t, \u00e9s tal\u00e1ld meg azt a keretet, amely igaz\u00e1n T\u00e9ged t\u00fckr\u00f6z!<\/p>","protected":false},"excerpt":{"rendered":"<p>Furla szem\u00fcvegkeret \u2013 Olasz elegancia minden napra A\u00a0Furla szem\u00fcvegkeretek\u00a0a kifinomult olasz divat megtestes\u00edt\u0151i. A m\u00e1rk\u00e1ra jellemz\u0151 st\u00edlusos formavil\u00e1g, letisztult r\u00e9szletek \u00e9s kiv\u00e1l\u00f3 min\u0151s\u00e9g\u0171 anyaghaszn\u00e1lat t\u00f6k\u00e9letes v\u00e1laszt\u00e1ss\u00e1 teszik ezeket a kereteket azok sz\u00e1m\u00e1ra, akik szeretn\u00e9k a mindennapjaikba is becsemp\u00e9szni az eleganci\u00e1t. A Furla modelljei egyes\u00edtik a klasszikus \u00e9s modern design elemeit, \u00edgy minden arcform\u00e1hoz \u00e9s st\u00edlushoz [&hellip;]<\/p>","protected":false},"featured_media":14178,"comment_status":"open","ping_status":"closed","template":"","meta":{"_seopress_robots_primary_cat":"none","_seopress_titles_title":"","_seopress_titles_desc":"","_seopress_robots_index":""},"product_cat":[58,60,81,62,85],"product_tag":[],"class_list":{"0":"post-13784","1":"product","2":"type-product","3":"status-publish","4":"has-post-thumbnail","6":"product_cat-products_frame","7":"product_cat-furla","8":"product_cat-muanyag","9":"product_cat-noi","10":"product_cat-teli-keret","12":"first","13":"instock","14":"taxable","15":"shipping-taxable","16":"purchasable","17":"product-type-simple"},"_links":{"self":[{"href":"https:\/\/eyewearstore.hu\/en\/wp-json\/wp\/v2\/product\/13784","targetHints":{"allow":["GET"]}}],"collection":[{"href":"https:\/\/eyewearstore.hu\/en\/wp-json\/wp\/v2\/product"}],"about":[{"href":"https:\/\/eyewearstore.hu\/en\/wp-json\/wp\/v2\/types\/product"}],"replies":[{"embeddable":true,"href":"https:\/\/eyewearstore.hu\/en\/wp-json\/wp\/v2\/comments?post=13784"}],"wp:featuredmedia":[{"embeddable":true,"href":"https:\/\/eyewearstore.hu\/en\/wp-json\/wp\/v2\/media\/14178"}],"wp:attachment":[{"href":"https:\/\/eyewearstore.hu\/en\/wp-json\/wp\/v2\/media?parent=13784"}],"wp:term":[{"taxonomy":"product_cat","embeddable":true,"href":"https:\/\/eyewearstore.hu\/en\/wp-json\/wp\/v2\/product_cat?post=13784"},{"taxonomy":"product_tag","embeddable":true,"href":"https:\/\/eyewearstore.hu\/en\/wp-json\/wp\/v2\/product_tag?post=13784"}],"curies":[{"name":"wp","href":"https:\/\/api.w.org\/{rel}","templated":true}]}}