
{"id":13759,"date":"2025-03-21T10:08:17","date_gmt":"2025-03-21T09:08:17","guid":{"rendered":"https:\/\/eyewearstore.hu\/?post_type=product&#038;p=13759"},"modified":"2026-02-18T19:00:54","modified_gmt":"2026-02-18T18:00:54","slug":"just-cavalli-sjc106-0700-52-21-140","status":"publish","type":"product","link":"https:\/\/eyewearstore.hu\/en\/product\/just-cavalli-sjc106-0700-52-21-140\/","title":{"rendered":"JUST CAVALLI SJC106 0700 52\/21\/140"},"content":{"rendered":"<p>Fiatalosan vonz\u00f3 eszt\u00e9tika.<\/p>\n<p>A Just Cavalli m\u00e1rka 1998-ban sz\u00fcletett a Roberto Cavalli \u00e1ltal k\u00e9pviselt kifinomult olasz diz\u00e1jnt k\u00f6vetve.<\/p>\n<p>Rock, utcai vag\u00e1ny \u00e9s v\u00e1rosi fiatals\u00e1g, ezekkel a szavakkal jellemezhet\u0151 a brand. A nemzetk\u00f6zi k\u00edn\u00e1lat kort\u00e1rs szegmens\u00e9ben elhelyezkedve a kezdetekt\u0151l fogva er\u0151s egy\u00e9nis\u00e9g jegyekkel b\u00edr.<\/p>\n<p>Az innovat\u00edv anyagok haszn\u00e1lat\u00e1ra, a mer\u00e9sz grafik\u00e1kkal t\u00f6rt\u00e9n\u0151, k\u00eds\u00e9rletez\u00e9sre \u00f6sszponto\u00edt\u00f3 vonal, a st\u00edlus \u00e9s a hihetetlen\u00fcl kifinomult r\u00e9szletek t\u00f6k\u00e9letes elegye.<\/p>\n<p>St\u00edlus, amely a klasszikus jegyeket k\u00f6nnyed\u00e9n a fiatal koroszt\u00e1ly izl\u00e9s\u00e9vel kombin\u00e1lja.<\/p>","protected":false},"excerpt":{"rendered":"<p>Fiatalosan vonz\u00f3 eszt\u00e9tika. A Just Cavalli m\u00e1rka 1998-ban sz\u00fcletett a Roberto Cavalli \u00e1ltal k\u00e9pviselt kifinomult olasz diz\u00e1jnt k\u00f6vetve. Rock, utcai vag\u00e1ny \u00e9s v\u00e1rosi fiatals\u00e1g, ezekkel a szavakkal jellemezhet\u0151 a brand. A nemzetk\u00f6zi k\u00edn\u00e1lat kort\u00e1rs szegmens\u00e9ben elhelyezkedve a kezdetekt\u0151l fogva er\u0151s egy\u00e9nis\u00e9g jegyekkel b\u00edr. Az innovat\u00edv anyagok haszn\u00e1lat\u00e1ra, a mer\u00e9sz grafik\u00e1kkal t\u00f6rt\u00e9n\u0151, k\u00eds\u00e9rletez\u00e9sre \u00f6sszponto\u00edt\u00f3 vonal, a [&hellip;]<\/p>","protected":false},"featured_media":16411,"comment_status":"open","ping_status":"closed","template":"","meta":{"_seopress_robots_primary_cat":"none","_seopress_titles_title":"","_seopress_titles_desc":"","_seopress_robots_index":""},"product_cat":[961,81,59,62,85],"product_tag":[],"class_list":{"0":"post-13759","1":"product","2":"type-product","3":"status-publish","4":"has-post-thumbnail","6":"product_cat-just-cavalli","7":"product_cat-muanyag","8":"product_cat-products_sunglasses","9":"product_cat-noi","10":"product_cat-teli-keret","12":"first","13":"instock","14":"taxable","15":"shipping-taxable","16":"purchasable","17":"product-type-simple"},"_links":{"self":[{"href":"https:\/\/eyewearstore.hu\/en\/wp-json\/wp\/v2\/product\/13759","targetHints":{"allow":["GET"]}}],"collection":[{"href":"https:\/\/eyewearstore.hu\/en\/wp-json\/wp\/v2\/product"}],"about":[{"href":"https:\/\/eyewearstore.hu\/en\/wp-json\/wp\/v2\/types\/product"}],"replies":[{"embeddable":true,"href":"https:\/\/eyewearstore.hu\/en\/wp-json\/wp\/v2\/comments?post=13759"}],"wp:featuredmedia":[{"embeddable":true,"href":"https:\/\/eyewearstore.hu\/en\/wp-json\/wp\/v2\/media\/16411"}],"wp:attachment":[{"href":"https:\/\/eyewearstore.hu\/en\/wp-json\/wp\/v2\/media?parent=13759"}],"wp:term":[{"taxonomy":"product_cat","embeddable":true,"href":"https:\/\/eyewearstore.hu\/en\/wp-json\/wp\/v2\/product_cat?post=13759"},{"taxonomy":"product_tag","embeddable":true,"href":"https:\/\/eyewearstore.hu\/en\/wp-json\/wp\/v2\/product_tag?post=13759"}],"curies":[{"name":"wp","href":"https:\/\/api.w.org\/{rel}","templated":true}]}}