
{"id":13146,"date":"2025-01-27T16:18:01","date_gmt":"2025-01-27T15:18:01","guid":{"rendered":"https:\/\/eyewearstore.hu\/?post_type=product&#038;p=13146"},"modified":"2026-03-17T19:39:06","modified_gmt":"2026-03-17T18:39:06","slug":"opti-free-puremoist-3db-300-ml-kontaktlencse-folyadek-tokkal","status":"publish","type":"product","link":"https:\/\/eyewearstore.hu\/en\/product\/opti-free-puremoist-3db-300-ml-kontaktlencse-folyadek-tokkal\/","title":{"rendered":"Opti-Free Puremoist 3db 300 ml kontaktlencse folyad\u00e9k tokkal"},"content":{"rendered":"<p>Az Opti-Free Puremoist a Polyquad\/Aldox kett\u0151s fert\u0151tlen\u00edt\u0151 rendszer\u00e9vel biztos\u00edtja az alapos fert\u0151tlen\u00edt\u00e9st.<\/p>\n<p>0,001% POLYQUAD (polikvaternium-1) \u00e9s 0,0006% ALDOX (mirisztamidopropil dimetilamin) tart\u00f3s\u00edt\u00f3szereket tartalmaz.<\/p>\n<ul>\n<li>Fokozott tiszt\u00edt\u00e1s &amp; fert\u0151tlen\u00edt\u00e9s<\/li>\n<li>\u00dajranedves\u00edt\u00e9s &amp; Nedvess\u00e9g megtart\u00e1s<\/li>\n<li>Reggelt\u0151l estig tart\u00f3 k\u00e9nyelem<\/li>\n<\/ul>\n<p>Tartoz\u00e9k: 1 db ALCON lencsetart\u00f3 tok<\/p>\n<p>Felhaszn\u00e1lhat\u00f3s\u00e1g: Felbont\u00e1s ut\u00e1n 6 h\u00f3nap<\/p>\n<p data-pm-slice=\"1 1 []\"><strong>Opti-Free Puremoist 300 ml kontaktlencse folyad\u00e9k \u2013 a k\u00e9nyelmes kontaktlencse titka<\/strong><\/p>\n<p>Az <strong>Opti-Free Puremoist<\/strong> 300 ml-es kontaktlencse folyad\u00e9k a kontaktlencse visel\u0151k kedvenc v\u00e1laszt\u00e1sa, hiszen k\u00f6nnyed\u00e9n biztos\u00edtja a maxim\u00e1lis k\u00e9nyelmet \u00e9s a hosszantart\u00f3 tisztas\u00e1got. Ez a magas min\u0151s\u00e9g\u0171 folyad\u00e9k \u00f6sszetett megold\u00e1st ny\u00fajt a kontaktlencs\u00e9k \u00e1pol\u00e1s\u00e1ra, mik\u00f6zben meg\u0151rzi a lencs\u00e9k frissess\u00e9g\u00e9t \u00e9s hidrat\u00e1lts\u00e1g\u00e1t.<\/p>\n<h3>Mi\u00e9rt v\u00e1lassza az Opti-Free Puremoist folyad\u00e9kot?<\/h3>\n<p>Az <strong>Opti-Free Puremoist<\/strong> innovat\u00edv HydraGlyde\u00ae Moisture Matrix technol\u00f3gi\u00e1val m\u0171k\u00f6dik, amely egy k\u00fcl\u00f6nleges hidrat\u00e1l\u00f3 r\u00e9teget k\u00e9pez a kontaktlencs\u00e9k fel\u00fclet\u00e9n. Ez a r\u00e9teg 16 \u00f3r\u00e1n \u00e1t tart\u00f3 k\u00e9nyelmet biztos\u00edt, mik\u00f6zben v\u00e9di a szemet a kisz\u00e1rad\u00e1st\u00f3l \u00e9s irrit\u00e1ci\u00f3t\u00f3l. Az Opti-Free Puremoist az eg\u00e9sz napos k\u00e9nyelmes visel\u00e9s\u00e9rt lett kifejlesztve.<\/p>\n<h3>F\u0151bb el\u0151nyei:<\/h3>\n<ol start=\"1\" data-spread=\"false\">\n<li><strong>Hosszantart\u00f3 hidrat\u00e1l\u00e1s:<\/strong> A HydraGlyde\u00ae technol\u00f3gia k\u00e9pes meg\u0151rizni a kontaktlencs\u00e9k nedvess\u00e9gtartalm\u00e1t, \u00edgy a szem\u00e9szeti k\u00e9nyelmet maximaliz\u00e1lja.<\/li>\n<li><strong>Tiszt\u00edt\u00e1s \u00e9s fert\u0151tlen\u00edt\u00e9s:<\/strong> Az Opti-Free Puremoist hat\u00e9konyan elt\u00e1vol\u00edtja a szennyez\u0151d\u00e9seket, feh\u00e9rjelerak\u00f3d\u00e1sokat \u00e9s bakt\u00e9riumokat.<\/li>\n<li><strong>Egyszer\u0171 haszn\u00e1lat:<\/strong> Mindenf\u00e9le l\u00e1gy kontaktlencs\u00e9hez alkalmas, \u00edgy k\u00f6nnyed\u00e9n beilleszthet\u0151 a napi rutinba.<\/li>\n<li><strong>Irrit\u00e1ci\u00f3mentes formula:<\/strong> K\u00edm\u00e9letes \u00e9s gyeng\u00e9d a szemhez, allergi\u00e1sok sz\u00e1m\u00e1ra is ide\u00e1lis v\u00e1laszt\u00e1s.<\/li>\n<\/ol>\n<h3>Az Opti-Free Puremoist haszn\u00e1lati \u00fatmutat\u00f3ja<\/h3>\n<ol start=\"1\" data-spread=\"false\">\n<li><strong>Tiszt\u00edt\u00e1s:<\/strong> Helyezze a kontaktlencs\u00e9t a tenyer\u00e9re, majd \u00f6nts\u00f6n r\u00e1 b\u0151ven Opti-Free Puremoist folyad\u00e9kot. D\u00f6rzs\u00f6lje meg gyeng\u00e9den a lencs\u00e9t az ujjaival kb. 20 m\u00e1sodpercig.<\/li>\n<li><strong>\u00d6bl\u00edt\u00e9s:<\/strong> \u00d6bl\u00edtse le a lencs\u00e9t friss Opti-Free Puremoist folyad\u00e9kkal mindk\u00e9t oldalr\u00f3l.<\/li>\n<li><strong>T\u00e1rol\u00e1s:<\/strong> Helyezze a lencs\u00e9t a tiszta kontaktlencse-tart\u00f3 tokba, majd t\u00f6ltse fel a tokot friss Opti-Free Puremoist folyad\u00e9kkal. Hagyja a lencs\u00e9ket legal\u00e1bb 6 \u00f3r\u00e1n \u00e1t \u00e1zni.<\/li>\n<\/ol>\n<h3>Hasznos tan\u00e1csok az Opti-Free Puremoist haszn\u00e1lat\u00e1hoz<\/h3>\n<ul data-spread=\"false\">\n<li><strong>Ne sp\u00f3roljon a folyad\u00e9kkal!<\/strong> Minden haszn\u00e1latkor friss Opti-Free Puremoist folyad\u00e9kot alkalmazzon a maxim\u00e1lis tisztas\u00e1g \u00e9rdek\u00e9ben.<\/li>\n<li><strong>Ne keverje m\u00e1s folyad\u00e9kokkal!<\/strong> Az Opti-Free Puremoist speci\u00e1lisan kifejlesztett \u00f6sszet\u00e9tele csak \u00f6nmaga mellett garant\u00e1lja a legjobb eredm\u00e9nyeket.<\/li>\n<li><strong>Rendszeresen tiszt\u00edtsa a lencsetart\u00f3 tokot!<\/strong> A tiszta tok \u00e9s az Opti-Free Puremoist egy\u00fcttesen biztos\u00edtja a hig\u00e9ni\u00e1s visel\u00e9st.<\/li>\n<\/ul>\n<h3>Az Opti-Free Puremoist \u00f6sszet\u00e9tele<\/h3>\n<p>Az Opti-Free Puremoist antibakteri\u00e1lis hat\u00f3anyagokat \u00e9s k\u00edm\u00e9letes tiszt\u00edt\u00f3 \u00f6sszetev\u0151ket tartalmaz, amelyek garant\u00e1lj\u00e1k a szem biztons\u00e1g\u00e1t \u00e9s komfort\u00e9rzet\u00e9t. A HydraGlyde\u00ae technol\u00f3gia pedig hosszantart\u00f3 hidrat\u00e1l\u00e1st biztos\u00edt.<\/p>\n<h3>Kinek aj\u00e1nlott az Opti-Free Puremoist?<\/h3>\n<p>Az Opti-Free Puremoist mindenkinek aj\u00e1nlott, aki l\u00e1gy kontaktlencs\u00e9t visel \u00e9s k\u00e9nyelmes, hig\u00e9ni\u00e1s megold\u00e1st keres a lencs\u00e9k tiszt\u00edt\u00e1s\u00e1ra \u00e9s \u00e1pol\u00e1s\u00e1ra. K\u00fcl\u00f6n\u00f6sen azok sz\u00e1m\u00e1ra el\u0151ny\u00f6s, akik hossz\u00fa napokon \u00e1t szeretn\u00e9k elker\u00fclni a szem kisz\u00e1rad\u00e1s\u00e1t \u00e9s irrit\u00e1ci\u00f3j\u00e1t.<\/p>\n<p>V\u00e1lassza az <strong>Opti-Free Puremoist<\/strong> 300 ml kontaktlencse folyad\u00e9kot, \u00e9s \u00e9lvezze a tiszta, hidrat\u00e1lt \u00e9s k\u00e9nyelmes kontaktlencse-visel\u00e9st! Az <strong>Opti-Free Puremoist<\/strong> nemcsak egy term\u00e9k, hanem a szem\u00e9szeti gondoskod\u00e1s megb\u00edzhat\u00f3 t\u00e1rsa. Pr\u00f3b\u00e1lja ki m\u00e1r ma!<\/p>","protected":false},"excerpt":{"rendered":"<p><strong>3 db<\/strong> 300ml-es \u00e1pol\u00f3szer,<strong> 3 db<\/strong> tokkal.<\/p>\n<p>T\u00f6bbfunkci\u00f3s kontaktlencse tiszt\u00edt\u00f3 \u00e9s fert\u0151tlen\u00edt\u0151 oldat szilikon-hidrog\u00e9l \u00e9s egy\u00e9b l\u00e1gy kontaktlencs\u00e9khez.<\/p>\n<h3>Mi\u00e9rt v\u00e1lassza az Opti-Free Puremoist folyad\u00e9kot?<\/h3>\n<p>Az <strong>Opti-Free Puremoist<\/strong> innovat\u00edv HydraGlyde\u00ae Moisture Matrix technol\u00f3gi\u00e1val m\u0171k\u00f6dik, amely egy k\u00fcl\u00f6nleges hidrat\u00e1l\u00f3 r\u00e9teget k\u00e9pez a kontaktlencs\u00e9k fel\u00fclet\u00e9n. Ez a r\u00e9teg 16 \u00f3r\u00e1n \u00e1t tart\u00f3 k\u00e9nyelmet biztos\u00edt, mik\u00f6zben v\u00e9di a szemet a kisz\u00e1rad\u00e1st\u00f3l \u00e9s irrit\u00e1ci\u00f3t\u00f3l. Az Opti-Free Puremoist az eg\u00e9sz napos k\u00e9nyelmes visel\u00e9s\u00e9rt lett kifejlesztve.<\/p>","protected":false},"featured_media":13145,"comment_status":"open","ping_status":"closed","template":"","meta":{"_seopress_robots_primary_cat":"none","_seopress_titles_title":"","_seopress_titles_desc":"","_seopress_robots_index":""},"product_cat":[94],"product_tag":[933,932,925,927,928,924,919,918,934,935,929,920,923,921,930,916,922,917,926,931],"class_list":{"0":"post-13146","1":"product","2":"type-product","3":"status-publish","4":"has-post-thumbnail","6":"product_cat-kontaktlencse-apoloszerek-es-szemcseppek","7":"product_tag-2x300-ml","8":"product_tag-300-ml","9":"product_tag-erzekeny-szem","10":"product_tag-fertotlenito-oldat","11":"product_tag-hosszu-nedvesites","12":"product_tag-hydraglyde","13":"product_tag-kontaktlencse-apoloszer","14":"product_tag-kontaktlencse-folyadek","15":"product_tag-kontaktlencse-folyadek-ar","16":"product_tag-kontaktlencse-folyadek-rendeles","17":"product_tag-kontaktlencse-komfort","18":"product_tag-kontaktlencse-oldat","19":"product_tag-kontaktlencse-tisztito","20":"product_tag-lencse-folyadek","21":"product_tag-napi-viselethez","22":"product_tag-opti-free","23":"product_tag-opti-free-folyadek","24":"product_tag-opti-free-puremoist","25":"product_tag-szaraz-szem","26":"product_tag-utazo-kiszereles","28":"first","29":"instock","30":"taxable","31":"shipping-taxable","32":"purchasable","33":"product-type-simple"},"_links":{"self":[{"href":"https:\/\/eyewearstore.hu\/en\/wp-json\/wp\/v2\/product\/13146","targetHints":{"allow":["GET"]}}],"collection":[{"href":"https:\/\/eyewearstore.hu\/en\/wp-json\/wp\/v2\/product"}],"about":[{"href":"https:\/\/eyewearstore.hu\/en\/wp-json\/wp\/v2\/types\/product"}],"replies":[{"embeddable":true,"href":"https:\/\/eyewearstore.hu\/en\/wp-json\/wp\/v2\/comments?post=13146"}],"wp:featuredmedia":[{"embeddable":true,"href":"https:\/\/eyewearstore.hu\/en\/wp-json\/wp\/v2\/media\/13145"}],"wp:attachment":[{"href":"https:\/\/eyewearstore.hu\/en\/wp-json\/wp\/v2\/media?parent=13146"}],"wp:term":[{"taxonomy":"product_cat","embeddable":true,"href":"https:\/\/eyewearstore.hu\/en\/wp-json\/wp\/v2\/product_cat?post=13146"},{"taxonomy":"product_tag","embeddable":true,"href":"https:\/\/eyewearstore.hu\/en\/wp-json\/wp\/v2\/product_tag?post=13146"}],"curies":[{"name":"wp","href":"https:\/\/api.w.org\/{rel}","templated":true}]}}