
{"id":12918,"date":"2024-12-03T12:59:21","date_gmt":"2024-12-03T11:59:21","guid":{"rendered":"https:\/\/eyewearstore.hu\/?post_type=product&#038;p=12918"},"modified":"2026-04-02T16:08:44","modified_gmt":"2026-04-02T14:08:44","slug":"kek-macis-torlokendo","status":"publish","type":"product","link":"https:\/\/eyewearstore.hu\/en\/product\/kek-macis-torlokendo\/","title":{"rendered":"K\u00e9k macis szem\u00fcvegtok"},"content":{"rendered":"<p>296487<\/p>","protected":false},"excerpt":{"rendered":"<p>Kem\u00e9ny, ac\u00e9l zsan\u00e9ros szem\u00fcvegtok, m\u0171b\u0151r bor\u00edt\u00e1s.<\/p>\n<p>Norm\u00e1l m\u00e9ret: 155mm x 60mm x 35mm<\/p>","protected":false},"featured_media":12891,"comment_status":"open","ping_status":"closed","template":"","meta":{"_seopress_robots_primary_cat":"none","_seopress_titles_title":"","_seopress_titles_desc":"","_seopress_robots_index":""},"product_cat":[34,98],"product_tag":[],"class_list":{"0":"post-12918","1":"product","2":"type-product","3":"status-publish","4":"has-post-thumbnail","6":"product_cat-egyeb","7":"product_cat-szemuvegtok","9":"first","10":"instock","11":"taxable","12":"shipping-taxable","13":"purchasable","14":"product-type-simple"},"_links":{"self":[{"href":"https:\/\/eyewearstore.hu\/en\/wp-json\/wp\/v2\/product\/12918","targetHints":{"allow":["GET"]}}],"collection":[{"href":"https:\/\/eyewearstore.hu\/en\/wp-json\/wp\/v2\/product"}],"about":[{"href":"https:\/\/eyewearstore.hu\/en\/wp-json\/wp\/v2\/types\/product"}],"replies":[{"embeddable":true,"href":"https:\/\/eyewearstore.hu\/en\/wp-json\/wp\/v2\/comments?post=12918"}],"wp:featuredmedia":[{"embeddable":true,"href":"https:\/\/eyewearstore.hu\/en\/wp-json\/wp\/v2\/media\/12891"}],"wp:attachment":[{"href":"https:\/\/eyewearstore.hu\/en\/wp-json\/wp\/v2\/media?parent=12918"}],"wp:term":[{"taxonomy":"product_cat","embeddable":true,"href":"https:\/\/eyewearstore.hu\/en\/wp-json\/wp\/v2\/product_cat?post=12918"},{"taxonomy":"product_tag","embeddable":true,"href":"https:\/\/eyewearstore.hu\/en\/wp-json\/wp\/v2\/product_tag?post=12918"}],"curies":[{"name":"wp","href":"https:\/\/api.w.org\/{rel}","templated":true}]}}