
{"id":12897,"date":"2024-12-03T12:12:10","date_gmt":"2024-12-03T11:12:10","guid":{"rendered":"https:\/\/eyewearstore.hu\/?post_type=product&#038;p=12897"},"modified":"2026-04-02T16:25:28","modified_gmt":"2026-04-02T14:25:28","slug":"kek-cipzaras-napszemuvegtok","status":"publish","type":"product","link":"https:\/\/eyewearstore.hu\/en\/product\/kek-cipzaras-napszemuvegtok\/","title":{"rendered":"K\u00e9k cipz\u00e1ras napszem\u00fcvegtok"},"content":{"rendered":"<p>61932<\/p>","protected":false},"excerpt":{"rendered":"<h6>K\u00e9k, cipz\u00e1ras napszem\u00fcvegtok. K\u00edv\u00fcl-bel\u00fcl sz\u00f6vet.<\/h6>\n<h6>Nagy m\u00e9ret.<\/h6>","protected":false},"featured_media":12898,"comment_status":"open","ping_status":"closed","template":"","meta":{"_seopress_robots_primary_cat":"none","_seopress_titles_title":"","_seopress_titles_desc":"","_seopress_robots_index":""},"product_cat":[34,98],"product_tag":[],"class_list":{"0":"post-12897","1":"product","2":"type-product","3":"status-publish","4":"has-post-thumbnail","6":"product_cat-egyeb","7":"product_cat-szemuvegtok","9":"first","10":"instock","11":"taxable","12":"shipping-taxable","13":"purchasable","14":"product-type-simple"},"_links":{"self":[{"href":"https:\/\/eyewearstore.hu\/en\/wp-json\/wp\/v2\/product\/12897","targetHints":{"allow":["GET"]}}],"collection":[{"href":"https:\/\/eyewearstore.hu\/en\/wp-json\/wp\/v2\/product"}],"about":[{"href":"https:\/\/eyewearstore.hu\/en\/wp-json\/wp\/v2\/types\/product"}],"replies":[{"embeddable":true,"href":"https:\/\/eyewearstore.hu\/en\/wp-json\/wp\/v2\/comments?post=12897"}],"wp:featuredmedia":[{"embeddable":true,"href":"https:\/\/eyewearstore.hu\/en\/wp-json\/wp\/v2\/media\/12898"}],"wp:attachment":[{"href":"https:\/\/eyewearstore.hu\/en\/wp-json\/wp\/v2\/media?parent=12897"}],"wp:term":[{"taxonomy":"product_cat","embeddable":true,"href":"https:\/\/eyewearstore.hu\/en\/wp-json\/wp\/v2\/product_cat?post=12897"},{"taxonomy":"product_tag","embeddable":true,"href":"https:\/\/eyewearstore.hu\/en\/wp-json\/wp\/v2\/product_tag?post=12897"}],"curies":[{"name":"wp","href":"https:\/\/api.w.org\/{rel}","templated":true}]}}