
{"id":12076,"date":"2024-05-22T13:45:59","date_gmt":"2024-05-22T11:45:59","guid":{"rendered":"https:\/\/eyewearstore.hu\/?post_type=product&#038;p=12076"},"modified":"2026-04-21T15:30:55","modified_gmt":"2026-04-21T13:30:55","slug":"lego-gyerek-szemuvegtok-torlokendovel","status":"publish","type":"product","link":"https:\/\/eyewearstore.hu\/en\/product\/lego-gyerek-szemuvegtok-torlokendovel\/","title":{"rendered":"Lego gyerek szem\u00fcvegtok t\u00f6rl\u0151kend\u0151vel (C1 sz\u00edn)"},"content":{"rendered":"<pre id=\"tw-target-text\" class=\"tw-data-text tw-text-large tw-ta\" dir=\"ltr\" data-placeholder=\"Ford\u00edt\u00e1s\"><span class=\"Y2IQFc\" lang=\"hu\">A Royal Case term\u00e9kek k\u00e9zzel k\u00e9sz\u00fclnek, vezet\u0151 eur\u00f3pai gy\u00e1rt\u00f3k kiv\u00e1l\u00f3 min\u0151s\u00e9g\u0171 anyagaib\u00f3l. A gy\u00e1rt\u00e1shoz felhaszn\u00e1lt nyersanyagok energiatakar\u00e9kos, k\u00f6rnyezetbar\u00e1t elj\u00e1r\u00e1ssal k\u00e9sz\u00fclnek. Szakk\u00e9pzett munkat\u00e1rsaink mindent megtesznek annak \u00e9rdek\u00e9ben, hogy a k\u00e9zben tartott term\u00e9k a legjobb min\u0151s\u00e9g\u0171 legyen!<\/span><\/pre>","protected":false},"excerpt":{"rendered":"<p>Magas min\u0151s\u00e9g\u0171 szem\u00fcvegtok.<\/p>\n<ul>\n<li>Ac\u00e9l zsan\u00e9ros z\u00e1r\u00f3d\u00e1s<\/li>\n<li>K\u00edv\u00fcl puha tapint\u00e1s\u00fa sz\u00f6vet bor\u00edt\u00e1s, bel\u00fcl puha s\u00e1rga sz\u00f6vet<\/li>\n<li>Lego mint\u00e1zat\u00fa t\u00f6rl\u0151kend\u0151vel<\/li>\n<li>Norm\u00e1l m\u00e9ret<\/li>\n<li>D\u00edszdobozban<\/li>\n<\/ul>\n<p>Royal Case<br \/>\nSince 1978<\/p>","protected":false},"featured_media":12077,"comment_status":"open","ping_status":"closed","template":"","meta":{"_seopress_robots_primary_cat":"none","_seopress_titles_title":"","_seopress_titles_desc":"","_seopress_robots_index":""},"product_cat":[34,98],"product_tag":[860,862,861,857],"class_list":{"0":"post-12076","1":"product","2":"type-product","3":"status-publish","4":"has-post-thumbnail","6":"product_cat-egyeb","7":"product_cat-szemuvegtok","8":"product_tag-gyerek-szemuvegtok","9":"product_tag-gyerek-tok","10":"product_tag-lego","11":"product_tag-szemuvegtok","13":"first","14":"instock","15":"taxable","16":"shipping-taxable","17":"purchasable","18":"product-type-simple"},"_links":{"self":[{"href":"https:\/\/eyewearstore.hu\/en\/wp-json\/wp\/v2\/product\/12076","targetHints":{"allow":["GET"]}}],"collection":[{"href":"https:\/\/eyewearstore.hu\/en\/wp-json\/wp\/v2\/product"}],"about":[{"href":"https:\/\/eyewearstore.hu\/en\/wp-json\/wp\/v2\/types\/product"}],"replies":[{"embeddable":true,"href":"https:\/\/eyewearstore.hu\/en\/wp-json\/wp\/v2\/comments?post=12076"}],"wp:featuredmedia":[{"embeddable":true,"href":"https:\/\/eyewearstore.hu\/en\/wp-json\/wp\/v2\/media\/12077"}],"wp:attachment":[{"href":"https:\/\/eyewearstore.hu\/en\/wp-json\/wp\/v2\/media?parent=12076"}],"wp:term":[{"taxonomy":"product_cat","embeddable":true,"href":"https:\/\/eyewearstore.hu\/en\/wp-json\/wp\/v2\/product_cat?post=12076"},{"taxonomy":"product_tag","embeddable":true,"href":"https:\/\/eyewearstore.hu\/en\/wp-json\/wp\/v2\/product_tag?post=12076"}],"curies":[{"name":"wp","href":"https:\/\/api.w.org\/{rel}","templated":true}]}}