
{"id":12026,"date":"2024-05-24T11:10:45","date_gmt":"2024-05-24T09:10:45","guid":{"rendered":"https:\/\/eyewearstore.hu\/?post_type=product&#038;p=12026"},"modified":"2026-03-09T19:01:07","modified_gmt":"2026-03-09T18:01:07","slug":"tom-tailor-60719-625-53-17-140","status":"publish","type":"product","link":"https:\/\/eyewearstore.hu\/en\/product\/tom-tailor-60719-625-53-17-140\/","title":{"rendered":"TOM TAILOR 60719 625 53\/17\/140"},"content":{"rendered":"","protected":false},"excerpt":{"rendered":"<p>1962-ben nagy er\u0151bedob\u00e1ssal indult a v\u00e1llalkoz\u00e1s. Egy st\u00edlus ami szak\u00edtott a r\u00e9gi hagyom\u00e1nyokkal \u00e9s amit az &#8222;\u00faj&#8221; vil\u00e1g divatja inspir\u00e1l. A legjobb min\u0151s\u00e9g meggy\u0151z\u0151 \u00e1rakon.<\/p>\n<p>\u00cdgy sz\u00fcletett a TOM TAILOR.<\/p>\n<p>Az\u00f3ta is t\u00f6retlen\u0171l\u00a0h\u0171\u00a0maradt az elveihez: Mindig fiatalos, pozit\u00edv \u00e9letfelfog\u00e1s\u00fa, frissess\u00e9get sugall\u00f3.<\/p>","protected":false},"featured_media":12150,"comment_status":"open","ping_status":"closed","template":"","meta":{"_seopress_robots_primary_cat":"none","_seopress_titles_title":"","_seopress_titles_desc":"","_seopress_robots_index":""},"product_cat":[58,82,61,85,70],"product_tag":[],"class_list":{"0":"post-12026","1":"product","2":"type-product","3":"status-publish","4":"has-post-thumbnail","6":"product_cat-products_frame","7":"product_cat-fem","8":"product_cat-ferfi","9":"product_cat-teli-keret","10":"product_cat-tom-tailor","12":"first","13":"instock","14":"taxable","15":"shipping-taxable","16":"purchasable","17":"product-type-simple"},"_links":{"self":[{"href":"https:\/\/eyewearstore.hu\/en\/wp-json\/wp\/v2\/product\/12026","targetHints":{"allow":["GET"]}}],"collection":[{"href":"https:\/\/eyewearstore.hu\/en\/wp-json\/wp\/v2\/product"}],"about":[{"href":"https:\/\/eyewearstore.hu\/en\/wp-json\/wp\/v2\/types\/product"}],"replies":[{"embeddable":true,"href":"https:\/\/eyewearstore.hu\/en\/wp-json\/wp\/v2\/comments?post=12026"}],"wp:featuredmedia":[{"embeddable":true,"href":"https:\/\/eyewearstore.hu\/en\/wp-json\/wp\/v2\/media\/12150"}],"wp:attachment":[{"href":"https:\/\/eyewearstore.hu\/en\/wp-json\/wp\/v2\/media?parent=12026"}],"wp:term":[{"taxonomy":"product_cat","embeddable":true,"href":"https:\/\/eyewearstore.hu\/en\/wp-json\/wp\/v2\/product_cat?post=12026"},{"taxonomy":"product_tag","embeddable":true,"href":"https:\/\/eyewearstore.hu\/en\/wp-json\/wp\/v2\/product_tag?post=12026"}],"curies":[{"name":"wp","href":"https:\/\/api.w.org\/{rel}","templated":true}]}}