
{"id":11782,"date":"2024-04-15T13:48:21","date_gmt":"2024-04-15T11:48:21","guid":{"rendered":"https:\/\/eyewearstore.hu\/?post_type=product&#038;p=11782"},"modified":"2026-04-29T20:02:08","modified_gmt":"2026-04-29T18:02:08","slug":"police-spll79-302b-61-14-145","status":"publish","type":"product","link":"https:\/\/eyewearstore.hu\/en\/product\/police-spll79-302b-61-14-145\/","title":{"rendered":"POLICE SPLL79 302B 61\/14\/145"},"content":{"rendered":"","protected":false},"excerpt":{"rendered":"<p>Az 1983-ban alap\u00edtott olasz Police m\u00e1r a kezdetekt\u0151l elismert \u00e9s szeretett m\u00e1rk\u00e1v\u00e1 v\u00e1lt a szem\u00fcvegkeretek zs\u00fafolt piac\u00e1n a maga jellegzetes underground st\u00edlus\u00e1val \u00e9s kompromisszumokat nem t\u0171r\u0151 min\u0151s\u00e9g\u00e9vel. \u00a0Versenyt\u00e1rsai kih\u00edv\u00e1s\u00e1val k\u00e9sz volt megv\u00e1ltoztatni a fenn\u00e1ll\u00f3 trendeket \u00e9s ennek k\u00f6sz\u00f6nhet\u0151en szinte berobbant a nemzetk\u00f6zi piacra.A nagyk\u00f6z\u00f6ns\u00e9get r\u00f6gt\u00f6n leny\u0171g\u00f6zte egyedi utcai megjelen\u00e9s\u00e9vel \u00e9s a m\u00e1ra m\u00e1r klasszikuss\u00e1 \u00e9rett Police k\u00e9k lencs\u00e9kkel.<\/p>\n<p>Ezzel kezd\u0151d\u00f6tt a m\u00e1rka hossz\u00fa \u00e9s p\u00e1ratlan t\u00f6rt\u00e9nete, melyet olyan h\u00edress\u00e9gek sora k\u00e9pvisel \u00e9vr\u0151l \u00e9vre a showbusiness, a divat \u00e9s a sport vil\u00e1g\u00e1b\u00f3l, akik egys\u00e9gesen vallj\u00e1k \u00e9s hirdetik a Police jelmondat\u00e1t: \u00a0BE YOUNIQUE. \u00cdgy v\u00e1lt a Police nem csak egy egyszer\u0171, napjainkra m\u00e1r \u00f3ra kollekci\u00f3t, ruh\u00e1zatot, \u00e9kszereket \u00e9s b\u0151r kieg\u00e9sz\u00edt\u0151ket is jegyez\u0151 szem\u00fcveg m\u00e1rk\u00e1v\u00e1, hanem \u00e9letst\u00edluss\u00e1.<\/p>\n<p>Friss, k\u00f6zvetlen kommunik\u00e1ci\u00f3ja v\u00e1s\u00e1rl\u00f3i fel\u00e9 hatalmas sikereket eredm\u00e9nyezett. Inspir\u00e1ci\u00f3t a nagyv\u00e1rosi utcai gy\u00f6kereken k\u00edv\u00fcl az amerikai \u201eon the road\u201d hangulatb\u00f3l mer\u00edt.Jellemz\u0151en unisex formavil\u00e1got k\u00f6vet, st\u00edlus\u00e1t tekintve dinamikus, m\u00e1r-m\u00e1r agressz\u00edv, igazi kozmopolita viselet. C\u00e9lcsoportja a kalandv\u00e1gy\u00f3, f\u00fcggetlen, olykor n\u00e1rcisztikus, n\u00e9ha egy kicsit hedonista, non-konformista, fiatal lelk\u00fclet\u0171 k\u00f6z\u00f6ns\u00e9g.<\/p>\n<p>A Police legend\u00e1s t\u00f6rt\u00e9nete \u00e9vtizedek \u00f3ta siker sztori. Napjainkban is piacvezet\u0151 szerepet t\u00f6lt be a szem\u00fcvegkeretek vil\u00e1g\u00e1ban, k\u00f6sz\u00f6nhet\u0151 mindez az innovat\u00edv technol\u00f3giai h\u00e1tt\u00e9rnek \u00e9s a tradicion\u00e1lis olasz gy\u00f6kerekben rejl\u0151 divat szeretet\u00e9nek.<\/p>","protected":false},"featured_media":11852,"comment_status":"open","ping_status":"closed","template":"","meta":{"_seopress_robots_primary_cat":"none","_seopress_titles_title":"","_seopress_titles_desc":"","_seopress_robots_index":""},"product_cat":[59,82,61,65,85],"product_tag":[],"class_list":{"0":"post-11782","1":"product","2":"type-product","3":"status-publish","4":"has-post-thumbnail","6":"product_cat-products_sunglasses","7":"product_cat-fem","8":"product_cat-ferfi","9":"product_cat-police","10":"product_cat-teli-keret","12":"first","13":"instock","14":"taxable","15":"shipping-taxable","16":"purchasable","17":"product-type-simple"},"_links":{"self":[{"href":"https:\/\/eyewearstore.hu\/en\/wp-json\/wp\/v2\/product\/11782","targetHints":{"allow":["GET"]}}],"collection":[{"href":"https:\/\/eyewearstore.hu\/en\/wp-json\/wp\/v2\/product"}],"about":[{"href":"https:\/\/eyewearstore.hu\/en\/wp-json\/wp\/v2\/types\/product"}],"replies":[{"embeddable":true,"href":"https:\/\/eyewearstore.hu\/en\/wp-json\/wp\/v2\/comments?post=11782"}],"wp:featuredmedia":[{"embeddable":true,"href":"https:\/\/eyewearstore.hu\/en\/wp-json\/wp\/v2\/media\/11852"}],"wp:attachment":[{"href":"https:\/\/eyewearstore.hu\/en\/wp-json\/wp\/v2\/media?parent=11782"}],"wp:term":[{"taxonomy":"product_cat","embeddable":true,"href":"https:\/\/eyewearstore.hu\/en\/wp-json\/wp\/v2\/product_cat?post=11782"},{"taxonomy":"product_tag","embeddable":true,"href":"https:\/\/eyewearstore.hu\/en\/wp-json\/wp\/v2\/product_tag?post=11782"}],"curies":[{"name":"wp","href":"https:\/\/api.w.org\/{rel}","templated":true}]}}