
{"id":11736,"date":"2024-04-11T16:13:11","date_gmt":"2024-04-11T14:13:11","guid":{"rendered":"https:\/\/eyewearstore.hu\/?post_type=product&#038;p=11736"},"modified":"2026-03-25T19:01:03","modified_gmt":"2026-03-25T18:01:03","slug":"furla-vfu676-0302-52-18-135","status":"publish","type":"product","link":"https:\/\/eyewearstore.hu\/en\/product\/furla-vfu676-0302-52-18-135\/","title":{"rendered":"FURLA VFU676 0302 52\/18\/135"},"content":{"rendered":"","protected":false},"excerpt":{"rendered":"<p>1927 az \u00e9v, mikor az olasz Furlanetto csal\u00e1d tulajdon\u00e1ban l\u00e9v\u0151 FURLA m\u00e1rka \u00fatj\u00e1ra indult \u00e9s megh\u00f3d\u00edtotta a vil\u00e1got magas min\u0151s\u00e9g\u0171 b\u0151rterm\u00e9keivel. T\u00e1sk\u00e1k, cip\u0151k \u00e9s kieg\u00e9sz\u00edt\u0151k, a vil\u00e1g 65 orsz\u00e1g\u00e1ban egyet jelentenek a kiv\u00e9teles min\u0151s\u00e9ggel \u00e9s st\u00edlussal.<\/p>\n<p>A Furla designerei \u00f6tv\u00f6zik a kort\u00e1rs olasz divatot, az id\u0151tlen egyszer\u0171, letisztult form\u00e1kkal, mindezt megf\u0171szerezve egy kis ut\u00e1nozhatatlan kreativit\u00e1ssal. A kollekci\u00f3i jellemz\u0151en modernek \u00e9s eklektikusak, ugyanakkor nem n\u00e9lk\u00fcl\u00f6zik az \u00e9vtizedekre visszany\u00fal\u00f3 k\u00e9zm\u0171ves gy\u00f6kereket sem.<\/p>\n<p>Kifejezetten n\u0151i m\u00e1rkak\u00e9nt kollekci\u00f3ikat az eleganci\u00e1t kedvel\u0151, modern szeml\u00e9let\u0171, hat\u00e1rozott, de cs\u00e1bos h\u00f6lgyek sz\u00e1m\u00e1ra tervezik.<\/p>","protected":false},"featured_media":11806,"comment_status":"open","ping_status":"closed","template":"","meta":{"_seopress_robots_primary_cat":"none","_seopress_titles_title":"","_seopress_titles_desc":"","_seopress_robots_index":""},"product_cat":[58,82,60,62,85],"product_tag":[],"class_list":{"0":"post-11736","1":"product","2":"type-product","3":"status-publish","4":"has-post-thumbnail","6":"product_cat-products_frame","7":"product_cat-fem","8":"product_cat-furla","9":"product_cat-noi","10":"product_cat-teli-keret","12":"first","13":"instock","14":"taxable","15":"shipping-taxable","16":"purchasable","17":"product-type-simple"},"_links":{"self":[{"href":"https:\/\/eyewearstore.hu\/en\/wp-json\/wp\/v2\/product\/11736","targetHints":{"allow":["GET"]}}],"collection":[{"href":"https:\/\/eyewearstore.hu\/en\/wp-json\/wp\/v2\/product"}],"about":[{"href":"https:\/\/eyewearstore.hu\/en\/wp-json\/wp\/v2\/types\/product"}],"replies":[{"embeddable":true,"href":"https:\/\/eyewearstore.hu\/en\/wp-json\/wp\/v2\/comments?post=11736"}],"wp:featuredmedia":[{"embeddable":true,"href":"https:\/\/eyewearstore.hu\/en\/wp-json\/wp\/v2\/media\/11806"}],"wp:attachment":[{"href":"https:\/\/eyewearstore.hu\/en\/wp-json\/wp\/v2\/media?parent=11736"}],"wp:term":[{"taxonomy":"product_cat","embeddable":true,"href":"https:\/\/eyewearstore.hu\/en\/wp-json\/wp\/v2\/product_cat?post=11736"},{"taxonomy":"product_tag","embeddable":true,"href":"https:\/\/eyewearstore.hu\/en\/wp-json\/wp\/v2\/product_tag?post=11736"}],"curies":[{"name":"wp","href":"https:\/\/api.w.org\/{rel}","templated":true}]}}