
{"id":11638,"date":"2024-05-09T14:32:49","date_gmt":"2024-05-09T12:32:49","guid":{"rendered":"https:\/\/eyewearstore.hu\/?post_type=product&#038;p=11638"},"modified":"2026-04-30T13:47:55","modified_gmt":"2026-04-30T11:47:55","slug":"iky-b-0001a","status":"publish","type":"product","link":"https:\/\/eyewearstore.hu\/en\/product\/iky-b-0001a\/","title":{"rendered":"iky B-0001A \/\/"},"content":{"rendered":"","protected":false},"excerpt":{"rendered":"<p>100% UV sz\u0171r\u0151s \u00e9s polariz\u00e1lt szem\u00fcvegre tehet\u0151 napszem\u00fcveg.<\/p>","protected":false},"featured_media":11997,"comment_status":"open","ping_status":"closed","template":"","meta":{"_seopress_robots_primary_cat":"none","_seopress_titles_title":"","_seopress_titles_desc":"","_seopress_robots_index":""},"product_cat":[855,117,59,81,85,63],"product_tag":[],"class_list":{"0":"post-11638","1":"product","2":"type-product","3":"status-publish","4":"has-post-thumbnail","6":"product_cat-iky-eyewear","7":"product_cat-szemuvegre-teheto-napszemuveg","8":"product_cat-products_sunglasses","9":"product_cat-muanyag","10":"product_cat-teli-keret","11":"product_cat-unisex","13":"first","14":"instock","15":"taxable","16":"shipping-taxable","17":"purchasable","18":"product-type-simple"},"_links":{"self":[{"href":"https:\/\/eyewearstore.hu\/en\/wp-json\/wp\/v2\/product\/11638","targetHints":{"allow":["GET"]}}],"collection":[{"href":"https:\/\/eyewearstore.hu\/en\/wp-json\/wp\/v2\/product"}],"about":[{"href":"https:\/\/eyewearstore.hu\/en\/wp-json\/wp\/v2\/types\/product"}],"replies":[{"embeddable":true,"href":"https:\/\/eyewearstore.hu\/en\/wp-json\/wp\/v2\/comments?post=11638"}],"wp:featuredmedia":[{"embeddable":true,"href":"https:\/\/eyewearstore.hu\/en\/wp-json\/wp\/v2\/media\/11997"}],"wp:attachment":[{"href":"https:\/\/eyewearstore.hu\/en\/wp-json\/wp\/v2\/media?parent=11638"}],"wp:term":[{"taxonomy":"product_cat","embeddable":true,"href":"https:\/\/eyewearstore.hu\/en\/wp-json\/wp\/v2\/product_cat?post=11638"},{"taxonomy":"product_tag","embeddable":true,"href":"https:\/\/eyewearstore.hu\/en\/wp-json\/wp\/v2\/product_tag?post=11638"}],"curies":[{"name":"wp","href":"https:\/\/api.w.org\/{rel}","templated":true}]}}