
{"id":11350,"date":"2024-02-21T16:29:15","date_gmt":"2024-02-21T15:29:15","guid":{"rendered":"https:\/\/eyewearstore.hu\/?post_type=product&#038;p=11350"},"modified":"2025-11-15T19:04:15","modified_gmt":"2025-11-15T18:04:15","slug":"zaritabo-zb4317-c4-58-19-150","status":"publish","type":"product","link":"https:\/\/eyewearstore.hu\/en\/product\/zaritabo-zb4317-c4-58-19-150\/","title":{"rendered":"Zarita&amp;Bo ZB4317 C4 58\/19\/150"},"content":{"rendered":"","protected":false},"excerpt":{"rendered":"<p>F\u00e9m keret, rug\u00f3s sz\u00e1rakkal.<\/p>","protected":false},"featured_media":11376,"comment_status":"open","ping_status":"closed","template":"","meta":{"_seopress_robots_primary_cat":"none","_seopress_titles_title":"","_seopress_titles_desc":"","_seopress_robots_index":""},"product_cat":[82,61,58,120],"product_tag":[],"class_list":{"0":"post-11350","1":"product","2":"type-product","3":"status-publish","4":"has-post-thumbnail","6":"product_cat-fem","7":"product_cat-ferfi","8":"product_cat-products_frame","9":"product_cat-zaritabo","11":"first","12":"instock","13":"taxable","14":"shipping-taxable","15":"purchasable","16":"product-type-simple"},"_links":{"self":[{"href":"https:\/\/eyewearstore.hu\/en\/wp-json\/wp\/v2\/product\/11350","targetHints":{"allow":["GET"]}}],"collection":[{"href":"https:\/\/eyewearstore.hu\/en\/wp-json\/wp\/v2\/product"}],"about":[{"href":"https:\/\/eyewearstore.hu\/en\/wp-json\/wp\/v2\/types\/product"}],"replies":[{"embeddable":true,"href":"https:\/\/eyewearstore.hu\/en\/wp-json\/wp\/v2\/comments?post=11350"}],"wp:featuredmedia":[{"embeddable":true,"href":"https:\/\/eyewearstore.hu\/en\/wp-json\/wp\/v2\/media\/11376"}],"wp:attachment":[{"href":"https:\/\/eyewearstore.hu\/en\/wp-json\/wp\/v2\/media?parent=11350"}],"wp:term":[{"taxonomy":"product_cat","embeddable":true,"href":"https:\/\/eyewearstore.hu\/en\/wp-json\/wp\/v2\/product_cat?post=11350"},{"taxonomy":"product_tag","embeddable":true,"href":"https:\/\/eyewearstore.hu\/en\/wp-json\/wp\/v2\/product_tag?post=11350"}],"curies":[{"name":"wp","href":"https:\/\/api.w.org\/{rel}","templated":true}]}}