
{"id":11231,"date":"2024-02-09T14:54:36","date_gmt":"2024-02-09T13:54:36","guid":{"rendered":"https:\/\/eyewearstore.hu\/?post_type=product&#038;p=11231"},"modified":"2026-04-13T20:01:17","modified_gmt":"2026-04-13T18:01:17","slug":"motoeye-h0001-c1-54-14-145","status":"publish","type":"product","link":"https:\/\/eyewearstore.hu\/en\/product\/motoeye-h0001-c1-54-14-145\/","title":{"rendered":"MOTOEYE H0001 C1 54\/14\/145"},"content":{"rendered":"","protected":false},"excerpt":{"rendered":"<div class=\"elementor-element elementor-element-03fe6ad elementor-widget elementor-widget-heading\" data-id=\"03fe6ad\" data-element_type=\"widget\" data-widget_type=\"heading.default\">\n<div class=\"elementor-widget-container\">\n<h3 class=\"elementor-heading-title elementor-size-default\">Nincs k\u00e9nyelmes szem\u00fcveged motoroz\u00e1shoz?<\/h3>\n<\/div>\n<\/div>\n<div class=\"elementor-element elementor-element-fe261df elementor-widget elementor-widget-text-editor\" data-id=\"fe261df\" data-element_type=\"widget\" data-widget_type=\"text-editor.default\">\n<div class=\"elementor-widget-container\">\n<p>Tapasztaltad m\u00e1r mennyire neh\u00e9z a sisakba tuszkolni egy hagyom\u00e1nyos szem\u00fcveget? \u00c9rezted m\u00e1r mennyire k\u00e9nyelmetlen motoroz\u00e1s k\u00f6zben?<\/p>\n<\/div>\n<\/div>\n<div class=\"elementor-element elementor-element-2b1c5b8 elementor-widget elementor-widget-heading\" data-id=\"2b1c5b8\" data-element_type=\"widget\" data-widget_type=\"heading.default\">\n<div class=\"elementor-widget-container\">\n<h3 class=\"elementor-heading-title elementor-size-default\">Megsz\u00fcletett a t\u00f6k\u00e9letes megold\u00e1s<\/h3>\n<\/div>\n<\/div>\n<div class=\"elementor-element elementor-element-626c763 elementor-widget elementor-widget-text-editor\" data-id=\"626c763\" data-element_type=\"widget\" data-widget_type=\"text-editor.default\">\n<div class=\"elementor-widget-container\">\n<p>A MOTOEYE m\u00e1rka term\u00e9kei kifejezetten motoros buk\u00f3sisakhoz fejlesztett szem\u00fcvegekeretek. K\u00f6nnyed\u00e9n csusszannak a sisakba, stabil \u00e9s \u00e9szrev\u00e9tlen marad motoroz\u00e1s k\u00f6zben.<\/p>\n<\/div>\n<\/div>","protected":false},"featured_media":11286,"comment_status":"open","ping_status":"closed","template":"","meta":{"_seopress_robots_primary_cat":"none","_seopress_titles_title":"","_seopress_titles_desc":"","_seopress_robots_index":""},"product_cat":[840,112,58,61,81,85],"product_tag":[],"class_list":{"0":"post-11231","1":"product","2":"type-product","3":"status-publish","4":"has-post-thumbnail","6":"product_cat-motoros-keretek","7":"product_cat-szemuvegkeretek-napszemuveg-elotettel","8":"product_cat-products_frame","9":"product_cat-ferfi","10":"product_cat-muanyag","11":"product_cat-teli-keret","13":"first","14":"instock","15":"taxable","16":"shipping-taxable","17":"purchasable","18":"product-type-simple"},"_links":{"self":[{"href":"https:\/\/eyewearstore.hu\/en\/wp-json\/wp\/v2\/product\/11231","targetHints":{"allow":["GET"]}}],"collection":[{"href":"https:\/\/eyewearstore.hu\/en\/wp-json\/wp\/v2\/product"}],"about":[{"href":"https:\/\/eyewearstore.hu\/en\/wp-json\/wp\/v2\/types\/product"}],"replies":[{"embeddable":true,"href":"https:\/\/eyewearstore.hu\/en\/wp-json\/wp\/v2\/comments?post=11231"}],"wp:featuredmedia":[{"embeddable":true,"href":"https:\/\/eyewearstore.hu\/en\/wp-json\/wp\/v2\/media\/11286"}],"wp:attachment":[{"href":"https:\/\/eyewearstore.hu\/en\/wp-json\/wp\/v2\/media?parent=11231"}],"wp:term":[{"taxonomy":"product_cat","embeddable":true,"href":"https:\/\/eyewearstore.hu\/en\/wp-json\/wp\/v2\/product_cat?post=11231"},{"taxonomy":"product_tag","embeddable":true,"href":"https:\/\/eyewearstore.hu\/en\/wp-json\/wp\/v2\/product_tag?post=11231"}],"curies":[{"name":"wp","href":"https:\/\/api.w.org\/{rel}","templated":true}]}}