
{"id":11194,"date":"2024-02-07T15:43:18","date_gmt":"2024-02-07T14:43:18","guid":{"rendered":"https:\/\/eyewearstore.hu\/?post_type=product&#038;p=11194"},"modified":"2026-04-21T13:47:17","modified_gmt":"2026-04-21T11:47:17","slug":"nanovista-nao3010948sc-arcade-sc-3-0-46-15-133","status":"publish","type":"product","link":"https:\/\/eyewearstore.hu\/en\/product\/nanovista-nao3010948sc-arcade-sc-3-0-46-15-133\/","title":{"rendered":"NANOVISTA NAO3010948SC ARCADE SC 3.0 46\/15\/133"},"content":{"rendered":"","protected":false},"excerpt":{"rendered":"<div class=\"elementor-element elementor-element-3670b462 elementor-widget elementor-widget-woocommerce-product-short-description\" data-id=\"3670b462\" data-element_type=\"widget\" data-widget_type=\"woocommerce-product-short-description.default\">\n<div class=\"elementor-widget-container\">\n<div class=\"woocommerce-product-details__short-description\">\n<p>NanoVista gyerekszem\u00fcveg keretek egy egyedi fejleszt\u00e9s\u0171 (Siliflex) anyagb\u00f3l k\u00e9sz\u00fclnek, ez\u00e9rt 35%-kal k\u00f6nnyebbek, mint m\u00e1s m\u0171anyag gyerekkeretek. Ez\u00e1ltal a visel\u00e9s\u00fck nagyon k\u00e9nyelmes, szinte \u00e9szrev\u00e9tlen. Minden modell sz\u00e1ra levehet\u0151, a sz\u00e1rak hely\u00e9re p\u00e1r egyszer\u0171 mozdulattal sportp\u00e1nt helyezhet\u0151, \u00edgy akt\u00edv mozg\u00e1s, sport, edz\u00e9s, j\u00e1tsz\u00f3terez\u00e9s k\u00f6zben is biztons\u00e1gban van a szem\u00fcveg. Passz\u00edvabb szitu\u00e1ci\u00f3kban a sz\u00e1rv\u00e9gekre helyezhet\u0151 nyakp\u00e1nt ny\u00fajt plusz stabilit\u00e1st.<\/p>\n<p>Tartoz\u00e9kok:<\/p>\n<ul>\n<li>p\u00e1nt<\/li>\n<li>tok<\/li>\n<li>t\u00f6rl\u0151kend\u0151<\/li>\n<li>napszem\u00fcveg el\u0151t\u00e9t<\/li>\n<\/ul>\n<\/div>\n<\/div>\n<\/div>\n<div class=\"elementor-element elementor-element-1c45e9f0 elementor-product-price-block-yes elementor-widget elementor-widget-woocommerce-product-price\" data-id=\"1c45e9f0\" data-element_type=\"widget\" data-widget_type=\"woocommerce-product-price.default\">\n<div class=\"elementor-widget-container\"><\/div>\n<\/div>","protected":false},"featured_media":11236,"comment_status":"open","ping_status":"closed","template":"","meta":{"_seopress_robots_primary_cat":"none","_seopress_titles_title":"","_seopress_titles_desc":"","_seopress_robots_index":""},"product_cat":[112,58,64,81,72,85,88],"product_tag":[],"class_list":{"0":"post-11194","1":"product","2":"type-product","3":"status-publish","4":"has-post-thumbnail","6":"product_cat-szemuvegkeretek-napszemuveg-elotettel","7":"product_cat-products_frame","8":"product_cat-gyermek","9":"product_cat-muanyag","10":"product_cat-nanovista","11":"product_cat-teli-keret","12":"product_cat-torhetetlen","14":"first","15":"instock","16":"taxable","17":"shipping-taxable","18":"purchasable","19":"product-type-simple"},"_links":{"self":[{"href":"https:\/\/eyewearstore.hu\/en\/wp-json\/wp\/v2\/product\/11194","targetHints":{"allow":["GET"]}}],"collection":[{"href":"https:\/\/eyewearstore.hu\/en\/wp-json\/wp\/v2\/product"}],"about":[{"href":"https:\/\/eyewearstore.hu\/en\/wp-json\/wp\/v2\/types\/product"}],"replies":[{"embeddable":true,"href":"https:\/\/eyewearstore.hu\/en\/wp-json\/wp\/v2\/comments?post=11194"}],"wp:featuredmedia":[{"embeddable":true,"href":"https:\/\/eyewearstore.hu\/en\/wp-json\/wp\/v2\/media\/11236"}],"wp:attachment":[{"href":"https:\/\/eyewearstore.hu\/en\/wp-json\/wp\/v2\/media?parent=11194"}],"wp:term":[{"taxonomy":"product_cat","embeddable":true,"href":"https:\/\/eyewearstore.hu\/en\/wp-json\/wp\/v2\/product_cat?post=11194"},{"taxonomy":"product_tag","embeddable":true,"href":"https:\/\/eyewearstore.hu\/en\/wp-json\/wp\/v2\/product_tag?post=11194"}],"curies":[{"name":"wp","href":"https:\/\/api.w.org\/{rel}","templated":true}]}}