
{"id":11051,"date":"2023-12-05T15:16:57","date_gmt":"2023-12-05T14:16:57","guid":{"rendered":"https:\/\/eyewearstore.hu\/?post_type=product&#038;p=11051"},"modified":"2025-08-01T16:03:13","modified_gmt":"2025-08-01T14:03:13","slug":"klasszikus-szemuvegtok-290144","status":"publish","type":"product","link":"https:\/\/eyewearstore.hu\/en\/product\/klasszikus-szemuvegtok-290144\/","title":{"rendered":"Klasszikus szem\u00fcvegtok (290144)"},"content":{"rendered":"","protected":false},"excerpt":{"rendered":"<h6>Kem\u00e9ny, ac\u00e9l zsan\u00e9ros szem\u00fcvegtok, m\u0171anyag bor\u00edt\u00e1s.<\/h6>\n<h6>Norm\u00e1l m\u00e9ret.<\/h6>","protected":false},"featured_media":11047,"comment_status":"open","ping_status":"closed","template":"","meta":{"_seopress_robots_primary_cat":"none","_seopress_titles_title":"","_seopress_titles_desc":"","_seopress_robots_index":""},"product_cat":[34,98],"product_tag":[],"class_list":{"0":"post-11051","1":"product","2":"type-product","3":"status-publish","4":"has-post-thumbnail","6":"product_cat-egyeb","7":"product_cat-szemuvegtok","9":"first","10":"instock","11":"taxable","12":"shipping-taxable","13":"purchasable","14":"product-type-simple"},"_links":{"self":[{"href":"https:\/\/eyewearstore.hu\/en\/wp-json\/wp\/v2\/product\/11051","targetHints":{"allow":["GET"]}}],"collection":[{"href":"https:\/\/eyewearstore.hu\/en\/wp-json\/wp\/v2\/product"}],"about":[{"href":"https:\/\/eyewearstore.hu\/en\/wp-json\/wp\/v2\/types\/product"}],"replies":[{"embeddable":true,"href":"https:\/\/eyewearstore.hu\/en\/wp-json\/wp\/v2\/comments?post=11051"}],"wp:featuredmedia":[{"embeddable":true,"href":"https:\/\/eyewearstore.hu\/en\/wp-json\/wp\/v2\/media\/11047"}],"wp:attachment":[{"href":"https:\/\/eyewearstore.hu\/en\/wp-json\/wp\/v2\/media?parent=11051"}],"wp:term":[{"taxonomy":"product_cat","embeddable":true,"href":"https:\/\/eyewearstore.hu\/en\/wp-json\/wp\/v2\/product_cat?post=11051"},{"taxonomy":"product_tag","embeddable":true,"href":"https:\/\/eyewearstore.hu\/en\/wp-json\/wp\/v2\/product_tag?post=11051"}],"curies":[{"name":"wp","href":"https:\/\/api.w.org\/{rel}","templated":true}]}}