
{"id":11026,"date":"2023-12-05T11:49:37","date_gmt":"2023-12-05T10:49:37","guid":{"rendered":"https:\/\/eyewearstore.hu\/?post_type=product&#038;p=11026"},"modified":"2025-08-01T16:03:13","modified_gmt":"2025-08-01T14:03:13","slug":"klasszik-szemuvegtok-valaszthato-szinekben","status":"publish","type":"product","link":"https:\/\/eyewearstore.hu\/en\/product\/klasszik-szemuvegtok-valaszthato-szinekben\/","title":{"rendered":"Klasszik szem\u00fcvegtok v\u00e1laszthat\u00f3 sz\u00ednekben"},"content":{"rendered":"","protected":false},"excerpt":{"rendered":"<p>T\u00f6bb sz\u00ednben, textil bor\u00edt\u00e1s\u00fa, ac\u00e9l zsan\u00e9ros z\u00e1r\u00f3d\u00e1s\u00fa szem\u00fcvegtok. Bel\u00fcl sz\u00f6vet.<\/p>\n<p>Norm\u00e1l m\u00e9ret.<\/p>","protected":false},"featured_media":11028,"comment_status":"open","ping_status":"closed","template":"","meta":{"_seopress_robots_primary_cat":"none","_seopress_titles_title":"","_seopress_titles_desc":"","_seopress_robots_index":""},"product_cat":[34,98],"product_tag":[],"class_list":{"0":"post-11026","1":"product","2":"type-product","3":"status-publish","4":"has-post-thumbnail","6":"product_cat-egyeb","7":"product_cat-szemuvegtok","9":"first","10":"instock","11":"taxable","12":"shipping-taxable","13":"purchasable","14":"product-type-variable"},"_links":{"self":[{"href":"https:\/\/eyewearstore.hu\/en\/wp-json\/wp\/v2\/product\/11026","targetHints":{"allow":["GET"]}}],"collection":[{"href":"https:\/\/eyewearstore.hu\/en\/wp-json\/wp\/v2\/product"}],"about":[{"href":"https:\/\/eyewearstore.hu\/en\/wp-json\/wp\/v2\/types\/product"}],"replies":[{"embeddable":true,"href":"https:\/\/eyewearstore.hu\/en\/wp-json\/wp\/v2\/comments?post=11026"}],"wp:featuredmedia":[{"embeddable":true,"href":"https:\/\/eyewearstore.hu\/en\/wp-json\/wp\/v2\/media\/11028"}],"wp:attachment":[{"href":"https:\/\/eyewearstore.hu\/en\/wp-json\/wp\/v2\/media?parent=11026"}],"wp:term":[{"taxonomy":"product_cat","embeddable":true,"href":"https:\/\/eyewearstore.hu\/en\/wp-json\/wp\/v2\/product_cat?post=11026"},{"taxonomy":"product_tag","embeddable":true,"href":"https:\/\/eyewearstore.hu\/en\/wp-json\/wp\/v2\/product_tag?post=11026"}],"curies":[{"name":"wp","href":"https:\/\/api.w.org\/{rel}","templated":true}]}}