
{"id":11005,"date":"2023-12-05T10:52:25","date_gmt":"2023-12-05T09:52:25","guid":{"rendered":"https:\/\/eyewearstore.hu\/?post_type=product&#038;p=11005"},"modified":"2025-08-01T16:03:14","modified_gmt":"2025-08-01T14:03:14","slug":"kutyas-szemuveg-torlokendo-294267-2","status":"publish","type":"product","link":"https:\/\/eyewearstore.hu\/en\/product\/kutyas-szemuveg-torlokendo-294267-2\/","title":{"rendered":"Kuty\u00e1s Beagle szem\u00fcveg t\u00f6rl\u0151kend\u0151"},"content":{"rendered":"<p>(294267)<\/p>","protected":false},"excerpt":{"rendered":"<p>Mint\u00e1s mikrosz\u00e1las t\u00f6rl\u0151kend\u0151.<\/p>\n<p>M\u00e9ret: 150&#215;180 mm<\/p>","protected":false},"featured_media":10997,"comment_status":"open","ping_status":"closed","template":"","meta":{"_seopress_robots_primary_cat":"none","_seopress_titles_title":"","_seopress_titles_desc":"","_seopress_robots_index":""},"product_cat":[96],"product_tag":[],"class_list":{"0":"post-11005","1":"product","2":"type-product","3":"status-publish","4":"has-post-thumbnail","6":"product_cat-mintas-mikroszalas-torlokendok","8":"first","9":"instock","10":"taxable","11":"shipping-taxable","12":"purchasable","13":"product-type-simple"},"_links":{"self":[{"href":"https:\/\/eyewearstore.hu\/en\/wp-json\/wp\/v2\/product\/11005","targetHints":{"allow":["GET"]}}],"collection":[{"href":"https:\/\/eyewearstore.hu\/en\/wp-json\/wp\/v2\/product"}],"about":[{"href":"https:\/\/eyewearstore.hu\/en\/wp-json\/wp\/v2\/types\/product"}],"replies":[{"embeddable":true,"href":"https:\/\/eyewearstore.hu\/en\/wp-json\/wp\/v2\/comments?post=11005"}],"wp:featuredmedia":[{"embeddable":true,"href":"https:\/\/eyewearstore.hu\/en\/wp-json\/wp\/v2\/media\/10997"}],"wp:attachment":[{"href":"https:\/\/eyewearstore.hu\/en\/wp-json\/wp\/v2\/media?parent=11005"}],"wp:term":[{"taxonomy":"product_cat","embeddable":true,"href":"https:\/\/eyewearstore.hu\/en\/wp-json\/wp\/v2\/product_cat?post=11005"},{"taxonomy":"product_tag","embeddable":true,"href":"https:\/\/eyewearstore.hu\/en\/wp-json\/wp\/v2\/product_tag?post=11005"}],"curies":[{"name":"wp","href":"https:\/\/api.w.org\/{rel}","templated":true}]}}