
{"id":10993,"date":"2023-12-05T10:39:29","date_gmt":"2023-12-05T09:39:29","guid":{"rendered":"https:\/\/eyewearstore.hu\/?post_type=product&#038;p=10993"},"modified":"2025-08-21T18:33:40","modified_gmt":"2025-08-21T16:33:40","slug":"kutyas-mikroszalas-torlokendo-59842","status":"publish","type":"product","link":"https:\/\/eyewearstore.hu\/en\/product\/kutyas-mikroszalas-torlokendo-59842\/","title":{"rendered":"Kuty\u00e1s mikrosz\u00e1las t\u00f6rl\u0151kend\u0151"},"content":{"rendered":"<p>59842<\/p>","protected":false},"excerpt":{"rendered":"<p>Mint\u00e1s mikrosz\u00e1las t\u00f6rl\u0151kend\u0151.<\/p>\n<p>M\u00e9ret: 150&#215;180 mm<\/p>","protected":false},"featured_media":10994,"comment_status":"open","ping_status":"closed","template":"","meta":{"_seopress_robots_primary_cat":"none","_seopress_titles_title":"","_seopress_titles_desc":"","_seopress_robots_index":""},"product_cat":[96],"product_tag":[],"class_list":{"0":"post-10993","1":"product","2":"type-product","3":"status-publish","4":"has-post-thumbnail","6":"product_cat-mintas-mikroszalas-torlokendok","8":"first","9":"instock","10":"taxable","11":"shipping-taxable","12":"purchasable","13":"product-type-simple"},"_links":{"self":[{"href":"https:\/\/eyewearstore.hu\/en\/wp-json\/wp\/v2\/product\/10993","targetHints":{"allow":["GET"]}}],"collection":[{"href":"https:\/\/eyewearstore.hu\/en\/wp-json\/wp\/v2\/product"}],"about":[{"href":"https:\/\/eyewearstore.hu\/en\/wp-json\/wp\/v2\/types\/product"}],"replies":[{"embeddable":true,"href":"https:\/\/eyewearstore.hu\/en\/wp-json\/wp\/v2\/comments?post=10993"}],"wp:featuredmedia":[{"embeddable":true,"href":"https:\/\/eyewearstore.hu\/en\/wp-json\/wp\/v2\/media\/10994"}],"wp:attachment":[{"href":"https:\/\/eyewearstore.hu\/en\/wp-json\/wp\/v2\/media?parent=10993"}],"wp:term":[{"taxonomy":"product_cat","embeddable":true,"href":"https:\/\/eyewearstore.hu\/en\/wp-json\/wp\/v2\/product_cat?post=10993"},{"taxonomy":"product_tag","embeddable":true,"href":"https:\/\/eyewearstore.hu\/en\/wp-json\/wp\/v2\/product_tag?post=10993"}],"curies":[{"name":"wp","href":"https:\/\/api.w.org\/{rel}","templated":true}]}}