
{"id":10893,"date":"2023-11-22T15:59:07","date_gmt":"2023-11-22T14:59:07","guid":{"rendered":"https:\/\/eyewearstore.hu\/?post_type=product&#038;p=10893"},"modified":"2026-04-02T15:46:28","modified_gmt":"2026-04-02T13:46:28","slug":"kontaktlencse-kiszedo-csipesz","status":"publish","type":"product","link":"https:\/\/eyewearstore.hu\/en\/product\/kontaktlencse-kiszedo-csipesz\/","title":{"rendered":"Kontaktlencse kiszed\u0151 csipesz"},"content":{"rendered":"<p data-start=\"455\" data-end=\"751\">A <strong data-start=\"457\" data-end=\"490\">kontaktlencse kiszed\u0151 csipesz<\/strong> praktikus kieg\u00e9sz\u00edt\u0151 minden kontaktlencse visel\u0151 sz\u00e1m\u00e1ra, amely megk\u00f6nny\u00edti a lencs\u00e9k elt\u00e1vol\u00edt\u00e1s\u00e1t a mindennapokban. K\u00fcl\u00f6n\u00f6sen hasznos lehet azoknak, akik szeretn\u00e9k elker\u00fclni a k\u00f6zvetlen k\u00e9zzel t\u00f6rt\u00e9n\u0151 \u00e9rint\u00e9st, vagy akiknek neh\u00e9zs\u00e9get okoz a lencse kiv\u00e9tele.<\/p>\n<p data-start=\"753\" data-end=\"951\">A csipesz <strong data-start=\"763\" data-end=\"798\">kism\u00e9ret\u0171 \u00e9s k\u00f6nnyen hordozhat\u00f3<\/strong>, \u00edgy ide\u00e1lis v\u00e1laszt\u00e1s utaz\u00e1shoz, t\u00e1sk\u00e1ba vagy tartal\u00e9k eszk\u00f6zk\u00e9nt is. Kompakt kialak\u00edt\u00e1s\u00e1nak k\u00f6sz\u00f6nhet\u0151en mindig k\u00e9zn\u00e9l lehet, amikor sz\u00fcks\u00e9ged van r\u00e1.<\/p>\n<p data-start=\"953\" data-end=\"1178\">A <strong data-start=\"955\" data-end=\"988\">kontaktlencse kiszed\u0151 csipesz<\/strong> v\u00e9gei <strong data-start=\"995\" data-end=\"1025\">puha szilikonb\u00f3l k\u00e9sz\u00fcltek<\/strong>, amelyek seg\u00edtenek a l\u00e1gy kontaktlencs\u00e9k k\u00edm\u00e9letes, s\u00e9r\u00fcl\u00e9smentes megfog\u00e1s\u00e1ban. Ez nemcsak a lencs\u00e9t v\u00e9di, hanem biztons\u00e1gosabb haszn\u00e1latot is biztos\u00edt.<\/p>\n<p data-start=\"1180\" data-end=\"1322\">A term\u00e9k <strong data-start=\"1189\" data-end=\"1218\">t\u00f6bbf\u00e9le sz\u00ednben el\u00e9rhet\u0151<\/strong>, \u00edgy k\u00f6nnyen kiv\u00e1laszthatod a sz\u00e1modra megfelel\u0151t vagy megk\u00fcl\u00f6nb\u00f6ztetheted a saj\u00e1t eszk\u00f6z\u00f6det m\u00e1sokt\u00f3l:<\/p>\n<ul data-start=\"1323\" data-end=\"1352\">\n<li data-section-id=\"169go2p\" data-start=\"1323\" data-end=\"1330\">k\u00e9k<\/li>\n<li data-section-id=\"1jj7sks\" data-start=\"1331\" data-end=\"1339\">z\u00f6ld<\/li>\n<li data-section-id=\"1udyrxa\" data-start=\"1340\" data-end=\"1352\">\u00e1tl\u00e1tsz\u00f3<\/li>\n<\/ul>\n<p data-start=\"1354\" data-end=\"1526\">A <strong data-start=\"1356\" data-end=\"1389\">kontaktlencse kiszed\u0151 csipesz<\/strong> ide\u00e1lis v\u00e1laszt\u00e1s kezd\u0151knek, hosszabb k\u00f6rm\u00f6t visel\u0151knek, illetve mindenkinek, aki higi\u00e9nikusabb \u00e9s k\u00e9nyelmesebb lencsekezel\u00e9st szeretne.<\/p>\n<hr data-start=\"1528\" data-end=\"1531\" \/>\n<h2 data-section-id=\"8787wx\" data-start=\"1533\" data-end=\"1555\">\ud83d\udd39 F\u0151bb jellemz\u0151k<\/h2>\n<ul data-start=\"1557\" data-end=\"1812\">\n<li data-section-id=\"1behx2g\" data-start=\"1557\" data-end=\"1601\">kism\u00e9ret\u0171, k\u00f6nnyen hordozhat\u00f3 kialak\u00edt\u00e1s<\/li>\n<li data-section-id=\"12ng4ok\" data-start=\"1602\" data-end=\"1640\">l\u00e1gy kontaktlencs\u00e9khez haszn\u00e1lhat\u00f3<\/li>\n<li data-section-id=\"dwk292\" data-start=\"1641\" data-end=\"1696\"><strong data-start=\"1643\" data-end=\"1694\">puha szilikon v\u00e9gek a s\u00e9r\u00fcl\u00e9smentes megfog\u00e1s\u00e9rt<\/strong><\/li>\n<li data-section-id=\"9bq643\" data-start=\"1697\" data-end=\"1724\">higi\u00e9nikusabb haszn\u00e1lat<\/li>\n<li data-section-id=\"vfpc3z\" data-start=\"1725\" data-end=\"1776\">t\u00f6bbf\u00e9le sz\u00ednben el\u00e9rhet\u0151 (k\u00e9k, z\u00f6ld, \u00e1tl\u00e1tsz\u00f3)<\/li>\n<li data-section-id=\"1g4b9bv\" data-start=\"1777\" data-end=\"1812\">k\u00f6nny\u0171 \u00e9s egyszer\u0171 kezelhet\u0151s\u00e9g<\/li>\n<\/ul>","protected":false},"excerpt":{"rendered":"<p>A<strong data-start=\"196\" data-end=\"229\"> kontaktlencse kiszed\u0151 csipesz<\/strong> kicsi, k\u00f6nnyen hordozhat\u00f3 eszk\u00f6z, amely seg\u00edti a l\u00e1gy kontaktlencs\u00e9k higi\u00e9nikus \u00e9s biztons\u00e1gos elt\u00e1vol\u00edt\u00e1s\u00e1t. Szilikon v\u00e9gei k\u00edm\u00e9letesen fogj\u00e1k meg a lencs\u00e9t, \u00edgy cs\u00f6kkentik a s\u00e9r\u00fcl\u00e9s kock\u00e1zat\u00e1t.<\/p>","protected":false},"featured_media":10899,"comment_status":"open","ping_status":"closed","template":"","meta":{"_seopress_robots_primary_cat":"none","_seopress_titles_title":"","_seopress_titles_desc":"","_seopress_robots_index":""},"product_cat":[97,34,121],"product_tag":[1524,1521,1324,1520,1525,1522,1523],"class_list":{"0":"post-10893","1":"product","2":"type-product","3":"status-publish","4":"has-post-thumbnail","6":"product_cat-hasznos-praktikus","7":"product_cat-egyeb","8":"product_cat-kontaktlencse","9":"product_tag-higienikus-lencse-eltavolitas","10":"product_tag-kontaktlencse-csipesz","11":"product_tag-kontaktlencse-kiegeszito","12":"product_tag-kontaktlencse-kiszedo-csipesz","13":"product_tag-lagy-kontaktlencse-csipesz","14":"product_tag-lencse-kiszedo-eszkoz","15":"product_tag-szilikonos-csipesz-kontaktlencsehez","17":"first","18":"instock","19":"taxable","20":"shipping-taxable","21":"purchasable","22":"product-type-variable"},"_links":{"self":[{"href":"https:\/\/eyewearstore.hu\/en\/wp-json\/wp\/v2\/product\/10893","targetHints":{"allow":["GET"]}}],"collection":[{"href":"https:\/\/eyewearstore.hu\/en\/wp-json\/wp\/v2\/product"}],"about":[{"href":"https:\/\/eyewearstore.hu\/en\/wp-json\/wp\/v2\/types\/product"}],"replies":[{"embeddable":true,"href":"https:\/\/eyewearstore.hu\/en\/wp-json\/wp\/v2\/comments?post=10893"}],"wp:featuredmedia":[{"embeddable":true,"href":"https:\/\/eyewearstore.hu\/en\/wp-json\/wp\/v2\/media\/10899"}],"wp:attachment":[{"href":"https:\/\/eyewearstore.hu\/en\/wp-json\/wp\/v2\/media?parent=10893"}],"wp:term":[{"taxonomy":"product_cat","embeddable":true,"href":"https:\/\/eyewearstore.hu\/en\/wp-json\/wp\/v2\/product_cat?post=10893"},{"taxonomy":"product_tag","embeddable":true,"href":"https:\/\/eyewearstore.hu\/en\/wp-json\/wp\/v2\/product_tag?post=10893"}],"curies":[{"name":"wp","href":"https:\/\/api.w.org\/{rel}","templated":true}]}}