
{"id":10827,"date":"2024-03-26T12:30:29","date_gmt":"2024-03-26T11:30:29","guid":{"rendered":"https:\/\/eyewearstore.hu\/?post_type=product&#038;p=10827"},"modified":"2025-08-01T16:03:07","modified_gmt":"2025-08-01T14:03:07","slug":"heavy-tools-ht6211-a-122","status":"publish","type":"product","link":"https:\/\/eyewearstore.hu\/en\/product\/heavy-tools-ht6211-a-122\/","title":{"rendered":"HEAVY TOOLS HT6211 A 122 \/\/"},"content":{"rendered":"","protected":false},"excerpt":{"rendered":"<p>Polariz\u00e1lt lencs\u00e9je csak a hasznos f\u00e9nyt engedi \u00e1t, ennek k\u00f6sz\u00f6nhet\u0151en kiv\u00e9di a zavar\u00f3 csillog\u00e1st, ragyog\u00e1st, vak\u00edt\u00f3 f\u00e9nyt, \u00e9lesebb\u00e9 v\u00e1lnak a kontrasztok, a sz\u00ednek tel\u00edtettebbek lesznek. 100% UV \u00e9s polariz\u00e1cios v\u00e9delem.<\/p>","protected":false},"featured_media":11669,"comment_status":"open","ping_status":"closed","template":"","meta":{"_seopress_robots_primary_cat":"none","_seopress_titles_title":"","_seopress_titles_desc":"","_seopress_robots_index":""},"product_cat":[851,81,59,62,85],"product_tag":[],"class_list":{"0":"post-10827","1":"product","2":"type-product","3":"status-publish","4":"has-post-thumbnail","6":"product_cat-heavy-tools","7":"product_cat-muanyag","8":"product_cat-products_sunglasses","9":"product_cat-noi","10":"product_cat-teli-keret","12":"first","13":"instock","14":"taxable","15":"shipping-taxable","16":"purchasable","17":"product-type-simple"},"_links":{"self":[{"href":"https:\/\/eyewearstore.hu\/en\/wp-json\/wp\/v2\/product\/10827","targetHints":{"allow":["GET"]}}],"collection":[{"href":"https:\/\/eyewearstore.hu\/en\/wp-json\/wp\/v2\/product"}],"about":[{"href":"https:\/\/eyewearstore.hu\/en\/wp-json\/wp\/v2\/types\/product"}],"replies":[{"embeddable":true,"href":"https:\/\/eyewearstore.hu\/en\/wp-json\/wp\/v2\/comments?post=10827"}],"wp:featuredmedia":[{"embeddable":true,"href":"https:\/\/eyewearstore.hu\/en\/wp-json\/wp\/v2\/media\/11669"}],"wp:attachment":[{"href":"https:\/\/eyewearstore.hu\/en\/wp-json\/wp\/v2\/media?parent=10827"}],"wp:term":[{"taxonomy":"product_cat","embeddable":true,"href":"https:\/\/eyewearstore.hu\/en\/wp-json\/wp\/v2\/product_cat?post=10827"},{"taxonomy":"product_tag","embeddable":true,"href":"https:\/\/eyewearstore.hu\/en\/wp-json\/wp\/v2\/product_tag?post=10827"}],"curies":[{"name":"wp","href":"https:\/\/api.w.org\/{rel}","templated":true}]}}