
{"id":10794,"date":"2024-03-25T14:29:57","date_gmt":"2024-03-25T13:29:57","guid":{"rendered":"https:\/\/eyewearstore.hu\/?post_type=product&#038;p=10794"},"modified":"2025-08-08T20:02:40","modified_gmt":"2025-08-08T18:02:40","slug":"invu-b2310-c-122","status":"publish","type":"product","link":"https:\/\/eyewearstore.hu\/en\/product\/invu-b2310-c-122\/","title":{"rendered":"INVU B2310 C 122 \/\/"},"content":{"rendered":"","protected":false},"excerpt":{"rendered":"<p>INVU a t\u00f6k\u00e9letes l\u00e1t\u00e1s \u00e9s t\u00f6k\u00e9letes v\u00e9delem szem\u00fcnknek. Napszem\u00fcvegek sv\u00e1jci m\u00e9rn\u00f6k\u00f6k \u00edr\u00e1ny\u00edt\u00e1sa mellett, igazi sv\u00e1jci min\u0151s\u00e9gben \u00e9s megb\u00edzhat\u00f3s\u00e1ggal k\u00e9sz\u00fclnek, szemel\u0151tt tartva a megfizethet\u0151 \u00e1rat valamint figyelve, hogy divatos, k\u00edv\u00e1l\u00f3 min\u0151s\u00e9g\u0171 k\u00e9nyelemesen viselhet\u0151 napszem\u00fcveget kapjon tulajdonosa. Minden napszem\u00fcveg polariz\u00e1lt lencs\u00e9vel, UV 400 v\u00e9delemmel rendelkezik. Id\u0151t\u00e1ll\u00f3 klasszikus form\u00e1kt\u00f3l a leg\u00fajabb divatir\u00e1nyzatokig, f\u00e9m \u00e9s m\u0171anyag keretes napszem\u00fcvegek nagy v\u00e1laszt\u00e9ka az INVU m\u00e1rk\u00e1t\u00f3l. V\u00e1lassz st\u00edlusodhoz ill\u0151 form\u00e1t legyen az sportos, eleg\u00e1ns vagy k\u00e9nyelmes h\u00e9tk\u00f6znapi napszem\u00fcveg.<\/p>","protected":false},"featured_media":11489,"comment_status":"open","ping_status":"closed","template":"","meta":{"_seopress_robots_primary_cat":"none","_seopress_titles_title":"","_seopress_titles_desc":"","_seopress_robots_index":""},"product_cat":[850,59,61,81,85],"product_tag":[],"class_list":{"0":"post-10794","1":"product","2":"type-product","3":"status-publish","4":"has-post-thumbnail","6":"product_cat-invu","7":"product_cat-products_sunglasses","8":"product_cat-ferfi","9":"product_cat-muanyag","10":"product_cat-teli-keret","12":"first","13":"instock","14":"taxable","15":"shipping-taxable","16":"purchasable","17":"product-type-simple"},"_links":{"self":[{"href":"https:\/\/eyewearstore.hu\/en\/wp-json\/wp\/v2\/product\/10794","targetHints":{"allow":["GET"]}}],"collection":[{"href":"https:\/\/eyewearstore.hu\/en\/wp-json\/wp\/v2\/product"}],"about":[{"href":"https:\/\/eyewearstore.hu\/en\/wp-json\/wp\/v2\/types\/product"}],"replies":[{"embeddable":true,"href":"https:\/\/eyewearstore.hu\/en\/wp-json\/wp\/v2\/comments?post=10794"}],"wp:featuredmedia":[{"embeddable":true,"href":"https:\/\/eyewearstore.hu\/en\/wp-json\/wp\/v2\/media\/11489"}],"wp:attachment":[{"href":"https:\/\/eyewearstore.hu\/en\/wp-json\/wp\/v2\/media?parent=10794"}],"wp:term":[{"taxonomy":"product_cat","embeddable":true,"href":"https:\/\/eyewearstore.hu\/en\/wp-json\/wp\/v2\/product_cat?post=10794"},{"taxonomy":"product_tag","embeddable":true,"href":"https:\/\/eyewearstore.hu\/en\/wp-json\/wp\/v2\/product_tag?post=10794"}],"curies":[{"name":"wp","href":"https:\/\/api.w.org\/{rel}","templated":true}]}}