
{"id":9,"date":"2022-03-15T10:04:41","date_gmt":"2022-03-15T09:04:41","guid":{"rendered":"https:\/\/eyewearstore.hu\/?page_id=9"},"modified":"2025-08-01T15:53:37","modified_gmt":"2025-08-01T13:53:37","slug":"impresszum","status":"publish","type":"page","link":"https:\/\/eyewearstore.hu\/en\/impresszum\/","title":{"rendered":"Impresszum"},"content":{"rendered":"<div data-elementor-type=\"wp-page\" data-elementor-id=\"9\" class=\"elementor elementor-9\" data-elementor-post-type=\"page\">\n\t\t\t\t\t\t<section class=\"elementor-section elementor-top-section elementor-element elementor-element-24cbe6cc elementor-section-boxed elementor-section-height-default elementor-section-height-default\" data-id=\"24cbe6cc\" data-element_type=\"section\" data-settings=\"{&quot;background_background&quot;:&quot;classic&quot;}\">\n\t\t\t\t\t\t\t<div class=\"elementor-background-overlay\"><\/div>\n\t\t\t\t\t\t\t<div class=\"elementor-container elementor-column-gap-default\">\n\t\t\t\t\t<div class=\"elementor-column elementor-col-100 elementor-top-column elementor-element elementor-element-57e8e0fb\" data-id=\"57e8e0fb\" data-element_type=\"column\">\n\t\t\t<div class=\"elementor-widget-wrap elementor-element-populated\">\n\t\t\t\t\t\t<div class=\"elementor-element elementor-element-5f4d229c elementor-widget elementor-widget-heading\" data-id=\"5f4d229c\" data-element_type=\"widget\" data-widget_type=\"heading.default\">\n\t\t\t\t<div class=\"elementor-widget-container\">\n\t\t\t\t\t<h1 class=\"elementor-heading-title elementor-size-default\">Impresszum<\/h1>\t\t\t\t<\/div>\n\t\t\t\t<\/div>\n\t\t\t\t<div class=\"elementor-element elementor-element-42d00dd5 elementor-widget elementor-widget-woocommerce-breadcrumb\" data-id=\"42d00dd5\" data-element_type=\"widget\" data-widget_type=\"woocommerce-breadcrumb.default\">\n\t\t\t\t<div class=\"elementor-widget-container\">\n\t\t\t\t\t<nav class=\"woocommerce-breadcrumb\" aria-label=\"Breadcrumb\" data-no-translation=\"\" data-trp-gettext=\"\">Home<\/nav>\t\t\t\t<\/div>\n\t\t\t\t<\/div>\n\t\t\t\t\t<\/div>\n\t\t<\/div>\n\t\t\t\t\t<\/div>\n\t\t<\/section>\n\t\t\t\t<section class=\"elementor-section elementor-top-section elementor-element elementor-element-0d85795 elementor-section-boxed elementor-section-height-default elementor-section-height-default\" data-id=\"0d85795\" data-element_type=\"section\">\n\t\t\t\t\t\t<div class=\"elementor-container elementor-column-gap-default\">\n\t\t\t\t\t<div class=\"elementor-column elementor-col-100 elementor-top-column elementor-element elementor-element-df267f9\" data-id=\"df267f9\" data-element_type=\"column\">\n\t\t\t<div class=\"elementor-widget-wrap elementor-element-populated\">\n\t\t\t\t\t\t<div class=\"elementor-element elementor-element-318dca9 elementor-widget elementor-widget-text-editor\" data-id=\"318dca9\" data-element_type=\"widget\" data-widget_type=\"text-editor.default\">\n\t\t\t\t<div class=\"elementor-widget-container\">\n\t\t\t\t\t\t\t\t\t<p><strong>V\u00e1llalkoz\u00e1s adatai:<\/strong><br \/>C\u00e9gn\u00e9v: Eyewear Store Kft.<br \/>Sz\u00e9khely: 8900 Zalaegerszeg, Kosztol\u00e1nyi utca 3. fszt.<br \/>Ad\u00f3sz\u00e1m: 28749873-2-20<br \/>C\u00e9gjegyz\u00e9ksz\u00e1m: 20-09-077147<br \/>E-mail c\u00edm: <a href=\"mailto:info@eyewearstore.hu\">info@eyewearstore.hu<\/a><\/p>\t\t\t\t\t\t\t\t<\/div>\n\t\t\t\t<\/div>\n\t\t\t\t<div class=\"elementor-element elementor-element-1e9b35f elementor-widget elementor-widget-text-editor\" data-id=\"1e9b35f\" data-element_type=\"widget\" data-widget_type=\"text-editor.default\">\n\t\t\t\t<div class=\"elementor-widget-container\">\n\t\t\t\t\t\t\t\t\t<p><strong>T\u00e1rhelyszolg\u00e1ltat\u00f3 adatai:<\/strong> <br \/>C\u00e9gn\u00e9v: HOSTINGER operations, UAB <br \/>Sz\u00e9khely: \u0160vitrigailos str. 34, Vilnius 03230 Lithuania <br \/>E-mail c\u00edm: <a class=\"underline\" href=\"mailto:domains@hostinger.com\">domains@hostinger.com<\/a> <br \/>Telefonsz\u00e1m: +370 645 03378 <br \/>Website: hostinger.com<\/p>\t\t\t\t\t\t\t\t<\/div>\n\t\t\t\t<\/div>\n\t\t\t\t\t<\/div>\n\t\t<\/div>\n\t\t\t\t\t<\/div>\n\t\t<\/section>\n\t\t\t\t<\/div>","protected":false},"excerpt":{"rendered":"<p>Impresszum V\u00e1llalkoz\u00e1s adatai:C\u00e9gn\u00e9v: Eyewear Store Kft.Sz\u00e9khely: 8900 Zalaegerszeg, Kosztol\u00e1nyi utca 3. fszt.Ad\u00f3sz\u00e1m: 28749873-2-20C\u00e9gjegyz\u00e9ksz\u00e1m: 20-09-077147E-mail c\u00edm: info@eyewearstore.hu T\u00e1rhelyszolg\u00e1ltat\u00f3 adatai: C\u00e9gn\u00e9v: HOSTINGER operations, UAB Sz\u00e9khely: \u0160vitrigailos str. 34, Vilnius 03230 Lithuania E-mail c\u00edm: domains@hostinger.com Telefonsz\u00e1m: +370 645 03378 Website: hostinger.com<\/p>","protected":false},"author":136,"featured_media":0,"parent":0,"menu_order":0,"comment_status":"closed","ping_status":"closed","template":"","meta":{"_seopress_robots_primary_cat":"","_seopress_titles_title":"Impresszum | Eyewear Store","_seopress_titles_desc":"Weboldalunk impresszum oldala, ahol megtekinthet\u0151 a v\u00e1llalkoz\u00e1s adatai.","_seopress_robots_index":"yes","footnotes":""},"class_list":["post-9","page","type-page","status-publish","hentry"],"_links":{"self":[{"href":"https:\/\/eyewearstore.hu\/en\/wp-json\/wp\/v2\/pages\/9","targetHints":{"allow":["GET"]}}],"collection":[{"href":"https:\/\/eyewearstore.hu\/en\/wp-json\/wp\/v2\/pages"}],"about":[{"href":"https:\/\/eyewearstore.hu\/en\/wp-json\/wp\/v2\/types\/page"}],"author":[{"embeddable":true,"href":"https:\/\/eyewearstore.hu\/en\/wp-json\/wp\/v2\/users\/136"}],"replies":[{"embeddable":true,"href":"https:\/\/eyewearstore.hu\/en\/wp-json\/wp\/v2\/comments?post=9"}],"version-history":[{"count":0,"href":"https:\/\/eyewearstore.hu\/en\/wp-json\/wp\/v2\/pages\/9\/revisions"}],"wp:attachment":[{"href":"https:\/\/eyewearstore.hu\/en\/wp-json\/wp\/v2\/media?parent=9"}],"curies":[{"name":"wp","href":"https:\/\/api.w.org\/{rel}","templated":true}]}}