
{"id":5916,"date":"2022-11-30T15:48:54","date_gmt":"2022-11-30T14:48:54","guid":{"rendered":"https:\/\/eyewearstore.hu\/?page_id=5916"},"modified":"2022-12-01T12:53:12","modified_gmt":"2022-12-01T11:53:12","slug":"extra-garancia","status":"publish","type":"page","link":"https:\/\/eyewearstore.hu\/en\/extra-garancia\/","title":{"rendered":"Extra garancia"},"content":{"rendered":"<div data-elementor-type=\"wp-page\" data-elementor-id=\"5916\" class=\"elementor elementor-5916\" data-elementor-post-type=\"page\">\n\t\t\t\t\t\t<section class=\"elementor-section elementor-top-section elementor-element elementor-element-a746681 elementor-section-boxed elementor-section-height-default elementor-section-height-default\" data-id=\"a746681\" data-element_type=\"section\" data-settings=\"{&quot;background_background&quot;:&quot;classic&quot;}\">\n\t\t\t\t\t\t\t<div class=\"elementor-background-overlay\"><\/div>\n\t\t\t\t\t\t\t<div class=\"elementor-container elementor-column-gap-default\">\n\t\t\t\t\t<div class=\"elementor-column elementor-col-100 elementor-top-column elementor-element elementor-element-b5f2a12\" data-id=\"b5f2a12\" data-element_type=\"column\">\n\t\t\t<div class=\"elementor-widget-wrap elementor-element-populated\">\n\t\t\t\t\t\t<div class=\"elementor-element elementor-element-090f863 elementor-widget elementor-widget-heading\" data-id=\"090f863\" data-element_type=\"widget\" data-widget_type=\"heading.default\">\n\t\t\t\t<div class=\"elementor-widget-container\">\n\t\t\t\t\t<h1 class=\"elementor-heading-title elementor-size-default\">V\u00e1s\u00e1oljon Extra garanci\u00e1t \u00faj szem\u00fcveg\u00e9hez!<\/h1>\t\t\t\t<\/div>\n\t\t\t\t<\/div>\n\t\t\t\t<div class=\"elementor-element elementor-element-5f16ffc elementor-widget elementor-widget-woocommerce-breadcrumb\" data-id=\"5f16ffc\" data-element_type=\"widget\" data-widget_type=\"woocommerce-breadcrumb.default\">\n\t\t\t\t<div class=\"elementor-widget-container\">\n\t\t\t\t\t<nav class=\"woocommerce-breadcrumb\" aria-label=\"Breadcrumb\" data-no-translation=\"\" data-trp-gettext=\"\">Home<\/nav>\t\t\t\t<\/div>\n\t\t\t\t<\/div>\n\t\t\t\t\t<\/div>\n\t\t<\/div>\n\t\t\t\t\t<\/div>\n\t\t<\/section>\n\t\t\t\t<section class=\"elementor-section elementor-top-section elementor-element elementor-element-93cb427 elementor-section-boxed elementor-section-height-default elementor-section-height-default\" data-id=\"93cb427\" data-element_type=\"section\">\n\t\t\t\t\t\t<div class=\"elementor-container elementor-column-gap-default\">\n\t\t\t\t\t<div class=\"elementor-column elementor-col-100 elementor-top-column elementor-element elementor-element-e6e617f\" data-id=\"e6e617f\" data-element_type=\"column\">\n\t\t\t<div class=\"elementor-widget-wrap elementor-element-populated\">\n\t\t\t\t\t\t<div class=\"elementor-element elementor-element-9f2a08b elementor-widget elementor-widget-heading\" data-id=\"9f2a08b\" data-element_type=\"widget\" data-widget_type=\"heading.default\">\n\t\t\t\t<div class=\"elementor-widget-container\">\n\t\t\t\t\t<h3 class=\"elementor-heading-title elementor-size-default\">Haszn\u00e1lja fel megs\u00e9r\u00fclt szem\u00fcveg\u00e9re:<\/h3>\t\t\t\t<\/div>\n\t\t\t\t<\/div>\n\t\t\t\t<div class=\"elementor-element elementor-element-95fdd50 elementor-widget elementor-widget-text-editor\" data-id=\"95fdd50\" data-element_type=\"widget\" data-widget_type=\"text-editor.default\">\n\t\t\t\t<div class=\"elementor-widget-container\">\n\t\t\t\t\t\t\t\t\t<p>Amennyiben haszn\u00e1lati hib\u00e1b\u00f3l ered\u0151en megs\u00e9r\u00fcl, elt\u00f6rik, megkarcol\u00f3dik a szem\u00fcvege, teh\u00e1t nem \u00e9rv\u00e9nyes\u00edthet\u0151 a t\u00f6rv\u00e9nyileg el\u0151\u00edrt j\u00f3t\u00e1ll\u00e1s, felhaszn\u00e1lhatja az Extra garanci\u00e1t.<\/p><p><b>Felt\u00e9telek:<\/b><\/p><ul><li>Ha a komplett szem\u00fcveg k\u00e9sz\u00edt\u00e9se eset\u00e9n megv\u00e1s\u00e1rolta az Extra garanci\u00e1t, \u00fagy 2 \u00e9ven bel\u00fcl 1-1 alkalommal \u00e9rv\u00e9nyes\u00edtheti.<\/li><li>A kedvezm\u00e9nyek n\u00e9lk\u00fcli v\u00e9tel\u00e1rb\u00f3l 75% kedvezm\u00e9nyt biztos\u00edtunk.<\/li><li>Az eredeti rendel\u00e9ssel megegyez\u0151 (ugyanolyan keret t\u00edpus, ugyanolyan szem\u00fcveglencse \u00e9s az eredetivel egyez\u0151 dioptria) szem\u00fcvegre haszn\u00e1lhat\u00f3.<\/li><li>B\u00e1rmilyen alkatr\u00e9szre, vagy komplett szem\u00fcvegre (keret, lencse, csiszol\u00e1si d\u00edj) felhaszn\u00e1lhatja.\u00a0<\/li><li>A cser\u00e9lt alkatr\u00e9szt a tov\u00e1bbiakban nem tarthatja meg a v\u00e1s\u00e1rl\u00f3.<\/li><\/ul>\t\t\t\t\t\t\t\t<\/div>\n\t\t\t\t<\/div>\n\t\t\t\t\t<\/div>\n\t\t<\/div>\n\t\t\t\t\t<\/div>\n\t\t<\/section>\n\t\t\t\t<section class=\"elementor-section elementor-top-section elementor-element elementor-element-50c0156 elementor-section-boxed elementor-section-height-default elementor-section-height-default\" data-id=\"50c0156\" data-element_type=\"section\">\n\t\t\t\t\t\t<div class=\"elementor-container elementor-column-gap-default\">\n\t\t\t\t\t<div class=\"elementor-column elementor-col-100 elementor-top-column elementor-element elementor-element-c3c4084\" data-id=\"c3c4084\" data-element_type=\"column\">\n\t\t\t<div class=\"elementor-widget-wrap elementor-element-populated\">\n\t\t\t\t\t\t<div class=\"elementor-element elementor-element-58f0a58 elementor-widget elementor-widget-heading\" data-id=\"58f0a58\" data-element_type=\"widget\" data-widget_type=\"heading.default\">\n\t\t\t\t<div class=\"elementor-widget-container\">\n\t\t\t\t\t<h3 class=\"elementor-heading-title elementor-size-default\">Haszn\u00e1lja fel elveszett szem\u00fcvege p\u00f3tl\u00e1s\u00e1ra:<\/h3>\t\t\t\t<\/div>\n\t\t\t\t<\/div>\n\t\t\t\t<div class=\"elementor-element elementor-element-65dfb6f elementor-widget elementor-widget-text-editor\" data-id=\"65dfb6f\" data-element_type=\"widget\" data-widget_type=\"text-editor.default\">\n\t\t\t\t<div class=\"elementor-widget-container\">\n\t\t\t\t\t\t\t\t\t<p><strong>Felt\u00e9telek:<\/strong><\/p><p>Ha a komplett szem\u00fcveg k\u00e9sz\u00edt\u00e9se eset\u00e9n megv\u00e1s\u00e1rolta az Extra garanci\u00e1t, \u00fagy 2 \u00e9ven bel\u00fcl 1-1 alkalommal \u00e9rv\u00e9nyes\u00edtheti.<br \/>A kedvezm\u00e9nyek n\u00e9lk\u00fcli v\u00e9tel\u00e1rb\u00f3l 50% kedvezm\u00e9nyt biztos\u00edtunk (keret, lencse, csiszol\u00e1si d\u00edj).<br \/>Az eredeti rendel\u00e9ssel megegyez\u0151 (ugyanolyan keret t\u00edpus, ugyanolyan szem\u00fcveglencse \u00e9s az eredetivel egyez\u0151 dioptria) szem\u00fcvegre haszn\u00e1lhat\u00f3.<\/p>\t\t\t\t\t\t\t\t<\/div>\n\t\t\t\t<\/div>\n\t\t\t\t\t<\/div>\n\t\t<\/div>\n\t\t\t\t\t<\/div>\n\t\t<\/section>\n\t\t\t\t<section class=\"elementor-section elementor-top-section elementor-element elementor-element-c5dbf29 elementor-section-boxed elementor-section-height-default elementor-section-height-default\" data-id=\"c5dbf29\" data-element_type=\"section\">\n\t\t\t\t\t\t<div class=\"elementor-container elementor-column-gap-default\">\n\t\t\t\t\t<div class=\"elementor-column elementor-col-100 elementor-top-column elementor-element elementor-element-2a0cb72\" data-id=\"2a0cb72\" data-element_type=\"column\">\n\t\t\t<div class=\"elementor-widget-wrap elementor-element-populated\">\n\t\t\t\t\t\t<div class=\"elementor-element elementor-element-c6b3cda elementor-widget elementor-widget-text-editor\" data-id=\"c6b3cda\" data-element_type=\"widget\" data-widget_type=\"text-editor.default\">\n\t\t\t\t<div class=\"elementor-widget-container\">\n\t\t\t\t\t\t\t\t\t<p><strong>Extra garancia \u00e1rak:<\/strong><\/p><p>A szem\u00fcveg komplett (keret, lencse, csiszol\u00e1s) kedvezm\u00e9nyek n\u00e9lk\u00fcli v\u00e9tel\u00e1r\u00e1nak a 10%-a fizetend\u0151. P\u00e9ld\u00e1ul, ha 50&#8217;000 Ft a komplett szem\u00fcveg akkor 5000 Ft lesz az Extra garancia fel\u00e1r.<\/p>\t\t\t\t\t\t\t\t<\/div>\n\t\t\t\t<\/div>\n\t\t\t\t\t<\/div>\n\t\t<\/div>\n\t\t\t\t\t<\/div>\n\t\t<\/section>\n\t\t\t\t<\/div>","protected":false},"excerpt":{"rendered":"<p>V\u00e1s\u00e1oljon Extra garanci\u00e1t \u00faj szem\u00fcveg\u00e9hez! Haszn\u00e1lja fel megs\u00e9r\u00fclt szem\u00fcveg\u00e9re: Amennyiben haszn\u00e1lati hib\u00e1b\u00f3l ered\u0151en megs\u00e9r\u00fcl, elt\u00f6rik, megkarcol\u00f3dik a szem\u00fcvege, teh\u00e1t nem \u00e9rv\u00e9nyes\u00edthet\u0151 a t\u00f6rv\u00e9nyileg el\u0151\u00edrt j\u00f3t\u00e1ll\u00e1s, felhaszn\u00e1lhatja az Extra garanci\u00e1t. Felt\u00e9telek: Ha a komplett szem\u00fcveg k\u00e9sz\u00edt\u00e9se eset\u00e9n megv\u00e1s\u00e1rolta az Extra garanci\u00e1t, \u00fagy 2 \u00e9ven bel\u00fcl 1-1 alkalommal \u00e9rv\u00e9nyes\u00edtheti. A kedvezm\u00e9nyek n\u00e9lk\u00fcli v\u00e9tel\u00e1rb\u00f3l 75% kedvezm\u00e9nyt biztos\u00edtunk. Az [&hellip;]<\/p>","protected":false},"author":3,"featured_media":0,"parent":0,"menu_order":0,"comment_status":"closed","ping_status":"closed","template":"","meta":{"_seopress_robots_primary_cat":"","_seopress_titles_title":"","_seopress_titles_desc":"","_seopress_robots_index":"","footnotes":""},"class_list":["post-5916","page","type-page","status-publish","hentry"],"_links":{"self":[{"href":"https:\/\/eyewearstore.hu\/en\/wp-json\/wp\/v2\/pages\/5916","targetHints":{"allow":["GET"]}}],"collection":[{"href":"https:\/\/eyewearstore.hu\/en\/wp-json\/wp\/v2\/pages"}],"about":[{"href":"https:\/\/eyewearstore.hu\/en\/wp-json\/wp\/v2\/types\/page"}],"author":[{"embeddable":true,"href":"https:\/\/eyewearstore.hu\/en\/wp-json\/wp\/v2\/users\/3"}],"replies":[{"embeddable":true,"href":"https:\/\/eyewearstore.hu\/en\/wp-json\/wp\/v2\/comments?post=5916"}],"version-history":[{"count":0,"href":"https:\/\/eyewearstore.hu\/en\/wp-json\/wp\/v2\/pages\/5916\/revisions"}],"wp:attachment":[{"href":"https:\/\/eyewearstore.hu\/en\/wp-json\/wp\/v2\/media?parent=5916"}],"curies":[{"name":"wp","href":"https:\/\/api.w.org\/{rel}","templated":true}]}}